{"id":104479,"date":"2025-10-31T14:14:34","date_gmt":"2025-10-31T12:14:34","guid":{"rendered":"https:\/\/sezona.lv\/?post_type=product&#038;p=104479"},"modified":"2026-02-03T12:12:21","modified_gmt":"2026-02-03T10:12:21","slug":"ziemas-kostims-alaskan-dakota-2-0","status":"publish","type":"product","link":"https:\/\/sezona.lv\/en\/products\/ziemas-kostims-alaskan-dakota-2-0\/","title":{"rendered":"Ziemas kost\u012bms Alaskan Dakota 2.0"},"content":{"rendered":"<p>Ziemas kost\u012bms Alaskan Dakota 2.0 grey\/black\/red.<\/p>\n<p>Atjaunin\u0101t\u0101 Dakota kost\u012bma versija at\u0161\u0137iras no iepriek\u0161\u0113j\u0101s versijas ar aug\u0161\u0113jo audumu (tagad tas ir 100% neilons) un dizainu. Jakai ir divas s\u0101nu kabatas, divas somi\u0146as, divas iek\u0161\u0113j\u0101s kabatas ar r\u0101v\u0113jsl\u0113dz\u0113ju un centr\u0101l\u0101 Velcro siksna. Piedurkn\u0113m ir iek\u0161\u0113j\u0101s aproces, kas izgatavotas no absorb\u0113jo\u0161a vilnas auduma. Jaka ir oder\u0113ta ar vilnas un poliestera kombin\u0101ciju. Ir main\u012bts ar\u012b bik\u0161u dizains. Divas ar vilnu oder\u0113tas rokas kabatas, divas lielas r\u0101v\u0113jsl\u0113dz\u0113ja aizdares kabatas un papildu pastiprin\u0101jumi ergonomiskiem ce\u013cgaliem un muguras deta\u013c\u0101m. Velcro regul\u0113jama uzvalka apak\u0161\u0113j\u0101 da\u013ca. Visas \u0161uves ir l\u012bm\u0113tas. Komplekt\u0101 iek\u013cauts no\u0146emams kokvilnas dvielis.<\/p>\n<p>&nbsp;<\/p>\n<p>TEHLO\u0122IJAS:<\/p>\n<p>\u016adensnecaurlaid\u012bgs 8000 mm<\/p>\n<p>Elpojo\u0161s 5000\u00a0 g\/m2<\/p>\n<p>Klimata kontrole<\/p>\n<p>V\u0113ja aizsardz\u012bba<\/p>\n<p>AERO-TEX<\/p>\n<p><iframe loading=\"lazy\" title=\"\u041e\u0431\u0437\u043e\u0440 \u043d\u0430 \u0437\u0438\u043c\u043d\u0438\u0439 \u043a\u043e\u0441\u0442\u044e\u043c AlaskaN Dakota 2.0\/\u041d\u041e\u0412\u0418\u041d\u041a\u0410\" width=\"640\" height=\"360\" src=\"https:\/\/www.youtube.com\/embed\/Q1M1fFxjpKY?feature=oembed\" frameborder=\"0\" allow=\"accelerometer; autoplay; clipboard-write; encrypted-media; gyroscope; picture-in-picture; web-share\" referrerpolicy=\"strict-origin-when-cross-origin\" allowfullscreen><\/iframe><\/p>\n<p><img loading=\"lazy\" decoding=\"async\" class=\"alignnone size-medium wp-image-104471\" src=\"https:\/\/sezona.lv\/wp-content\/uploads\/2025\/10\/Alaskan-kostimu-izmeri-300x137.jpg\" alt=\"\" width=\"300\" height=\"137\" srcset=\"https:\/\/sezona.lv\/wp-content\/uploads\/2025\/10\/Alaskan-kostimu-izmeri-300x137.jpg 300w, https:\/\/sezona.lv\/wp-content\/uploads\/2025\/10\/Alaskan-kostimu-izmeri-768x351.jpg 768w, https:\/\/sezona.lv\/wp-content\/uploads\/2025\/10\/Alaskan-kostimu-izmeri-150x69.jpg 150w, https:\/\/sezona.lv\/wp-content\/uploads\/2025\/10\/Alaskan-kostimu-izmeri-800x366.jpg 800w, https:\/\/sezona.lv\/wp-content\/uploads\/2025\/10\/Alaskan-kostimu-izmeri.jpg 884w\" sizes=\"auto, (max-width: 300px) 100vw, 300px\" \/><\/p>\n","protected":false},"excerpt":{"rendered":"<p>Ziemas kost\u012bms Alaskan Dakota 2.0 grey\/black\/red. Atjaunin\u0101t\u0101 Dakota kost\u012bma versija at\u0161\u0137iras no iepriek\u0161\u0113j\u0101s versijas ar aug\u0161\u0113jo audumu (tagad tas ir 100% neilons) un dizainu. Jakai ir divas s\u0101nu kabatas, divas somi\u0146as, divas iek\u0161\u0113j\u0101s kabatas ar r\u0101v\u0113jsl\u0113dz\u0113ju un centr\u0101l\u0101 Velcro siksna. Piedurkn\u0113m ir iek\u0161\u0113j\u0101s aproces, kas izgatavotas no absorb\u0113jo\u0161a vilnas auduma. Jaka ir oder\u0113ta ar vilnas [&hellip;]<\/p>\n","protected":false},"featured_media":104469,"template":"","meta":[],"product_brand":[5311],"product_cat":[3277,3278],"product_tag":[],"class_list":{"0":"post-104479","1":"product","2":"type-product","3":"status-publish","4":"has-post-thumbnail","6":"product_brand-alaskan","7":"product_cat-alaskan-kostimi","8":"product_cat-ziemas-makskeresanas-kostimi","10":"first","11":"instock","12":"sale","13":"shipping-taxable","14":"purchasable","15":"product-type-variable"},"_links":{"self":[{"href":"https:\/\/sezona.lv\/en\/wp-json\/wp\/v2\/product\/104479","targetHints":{"allow":["GET"]}}],"collection":[{"href":"https:\/\/sezona.lv\/en\/wp-json\/wp\/v2\/product"}],"about":[{"href":"https:\/\/sezona.lv\/en\/wp-json\/wp\/v2\/types\/product"}],"wp:featuredmedia":[{"embeddable":true,"href":"https:\/\/sezona.lv\/en\/wp-json\/wp\/v2\/media\/104469"}],"wp:attachment":[{"href":"https:\/\/sezona.lv\/en\/wp-json\/wp\/v2\/media?parent=104479"}],"wp:term":[{"taxonomy":"product_brand","embeddable":true,"href":"https:\/\/sezona.lv\/en\/wp-json\/wp\/v2\/product_brand?post=104479"},{"taxonomy":"product_cat","embeddable":true,"href":"https:\/\/sezona.lv\/en\/wp-json\/wp\/v2\/product_cat?post=104479"},{"taxonomy":"product_tag","embeddable":true,"href":"https:\/\/sezona.lv\/en\/wp-json\/wp\/v2\/product_tag?post=104479"}],"curies":[{"name":"wp","href":"https:\/\/api.w.org\/{rel}","templated":true}]}}