{"id":104775,"date":"2025-11-04T12:18:05","date_gmt":"2025-11-04T10:18:05","guid":{"rendered":"https:\/\/sezona.lv\/?post_type=product&#038;p=104775"},"modified":"2026-02-19T09:36:07","modified_gmt":"2026-02-19T07:36:07","slug":"ziemas-kostims-norfin-tornado-pro-magnet","status":"publish","type":"product","link":"https:\/\/sezona.lv\/en\/products\/ziemas-kostims-norfin-tornado-pro-magnet\/","title":{"rendered":"Ziemas kost\u012bms Norfin TORNADO PRO Magnet"},"content":{"rendered":"<p>Izstr\u0101d\u0101ts ekstr\u0113miem apst\u0101k\u013ciem, \u0161is vieglais, bet p\u0101rsteidzo\u0161i siltais ziemas kost\u012bms ir apr\u012bkots ar augst\u0101k\u0101s kvalit\u0101tes 3M Thinsulate siltin\u0101jumu, kas nodro\u0161ina izcilu termisko aizsardz\u012bbu bez lieka apjoma. \u0100r\u0113jais sl\u0101nis ir izgatavots no m\u016bsu tehnolo\u0123iski progres\u012bv\u0101 daudzsl\u0101\u0146u NORTEX BREATHABLE auduma, kas nodro\u0161ina izcilu elpojam\u012bbu, vienlaikus piln\u012bb\u0101 aizsarg\u0101jot pret v\u0113ju un \u016bdeni pat visskarb\u0101kajos laika apst\u0101k\u013cos. Esiet komfort\u0101 un pasarg\u0101ti no skarbiem laika apst\u0101k\u013ciem pat l\u012bdz -30\u00b0C temperat\u016br\u0101.<\/p>\n<p>GALVEN\u0100S \u012aPA\u0160\u012aBAS:<\/p>\n<ul>\n<li>Caursp\u012bd\u012bga piedurknes kabata viedt\u0101lru\u0146a navig\u0101cijai<\/li>\n<li>Visas r\u0101v\u0113jsl\u0113dz\u0113ju un kabatu aizdares ir apr\u012bkotas ar magn\u0113tiskiem stiprin\u0101jumiem \u0113rtai lieto\u0161anai ar vienu roku<\/li>\n<li>\u013boti viegla kost\u012bma konstrukcija ar maksim\u0101lu siltumnotur\u012bbu<\/li>\n<li>Ergonomisks piegriezums, kas nodro\u0161ina kust\u012bbu br\u012bv\u012bbu<\/li>\n<\/ul>\n<p>JAKA:<\/p>\n<ul>\n<li>Specializ\u0113ta mitrumu izvado\u0161a odere ar strat\u0113\u0123iski izvietot\u0101m ventil\u0101cijas zon\u0101m<\/li>\n<li>Premium divvirzienu YKK r\u0101v\u0113jsl\u0113dz\u0113js ar magn\u0113tisku aizdari<\/li>\n<li>Integr\u0113ta aizsardz\u012bba pret sniegu jakas apapk\u0161da\u013c\u0101<\/li>\n<li>Vair\u0101kas iek\u0161\u0113j\u0101s un \u0101r\u0113j\u0101s kabatas<\/li>\n<li>Izol\u0113ta mobil\u0101 t\u0101lru\u0146a kabata, kas pagarina akumulatora darb\u012bbu aukstum\u0101<\/li>\n<li>Caursp\u012bd\u012bga piedurknes kabata viedt\u0101lru\u0146a navig\u0101cijai<\/li>\n<li>M\u012bkstas, elast\u012bgas iek\u0161\u0113j\u0101s aproces komfortam un siltuma saglab\u0101\u0161anai<\/li>\n<li>Atstarojo\u0161i dro\u0161\u012bbas elementi redzam\u012bbai v\u0101ja apgaismojuma apst\u0101k\u013cos<\/li>\n<\/ul>\n<p>PUSKOMBINEZONS:<\/p>\n<ul>\n<li>Piln\u012bb\u0101 regul\u0113jamas lences individu\u0101lai garuma piel\u0101go\u0161anai<\/li>\n<li>Adapt\u012bv\u0101 jostas sist\u0113ma personaliz\u0113tai jostas da\u013cas piegul\u0161anai<\/li>\n<li>Divas \u0113rtas s\u0101nu kabatas ar magn\u0113tisk\u0101m aizdar\u0113m<\/li>\n<li>Divas ietilp\u012bgas kabatas nepiecie\u0161amo lietu glab\u0101\u0161anai<\/li>\n<li>Stiprin\u0101ts materi\u0101ls s\u0113\u017eas un ce\u013cgalu rajonos<\/li>\n<li>Iek\u0161\u0113jie sniega aizsargi<\/li>\n<\/ul>\n<p>MATERI\u0100LU SPECIFIK\u0100CIJA:<\/p>\n<ul>\n<li>NORTEX BREATHABLE tehnolo\u0123ija<\/li>\n<li>\u016adensnotur\u012bba: 10 000 mm<\/li>\n<li>Elpotsp\u0113ja: 8 000 g\/m\u00b2\/24h<\/li>\n<li>Siltin\u0101jums: Premium 3M Thinsulate<\/li>\n<\/ul>\n<p>Izm\u0113ri: S, M, M-L, L, L-L, XL, XXL, XXXL<\/p>\n<p><iframe loading=\"lazy\" title=\"Norfin suit TORNADO PRO\" width=\"640\" height=\"360\" src=\"https:\/\/www.youtube.com\/embed\/9EKw_8Zt1rc?feature=oembed\" frameborder=\"0\" allow=\"accelerometer; autoplay; clipboard-write; encrypted-media; gyroscope; picture-in-picture; web-share\" referrerpolicy=\"strict-origin-when-cross-origin\" allowfullscreen><\/iframe><\/p>\n","protected":false},"excerpt":{"rendered":"<p>Izstr\u0101d\u0101ts ekstr\u0113miem apst\u0101k\u013ciem, \u0161is vieglais, bet p\u0101rsteidzo\u0161i siltais ziemas kost\u012bms ir apr\u012bkots ar augst\u0101k\u0101s kvalit\u0101tes 3M Thinsulate siltin\u0101jumu, kas nodro\u0161ina izcilu termisko aizsardz\u012bbu bez lieka apjoma. \u0100r\u0113jais sl\u0101nis ir izgatavots no m\u016bsu tehnolo\u0123iski progres\u012bv\u0101 daudzsl\u0101\u0146u NORTEX BREATHABLE auduma, kas nodro\u0161ina izcilu elpojam\u012bbu, vienlaikus piln\u012bb\u0101 aizsarg\u0101jot pret v\u0113ju un \u016bdeni pat visskarb\u0101kajos laika apst\u0101k\u013cos. Esiet komfort\u0101 [&hellip;]<\/p>\n","protected":false},"featured_media":104785,"template":"","meta":[],"product_brand":[899],"product_cat":[2905,3278],"product_tag":[],"class_list":{"0":"post-104775","1":"product","2":"type-product","3":"status-publish","4":"has-post-thumbnail","6":"product_brand-norfin","7":"product_cat-norfin-kostimi","8":"product_cat-ziemas-makskeresanas-kostimi","10":"first","11":"instock","12":"sale","13":"shipping-taxable","14":"purchasable","15":"product-type-variable"},"_links":{"self":[{"href":"https:\/\/sezona.lv\/en\/wp-json\/wp\/v2\/product\/104775","targetHints":{"allow":["GET"]}}],"collection":[{"href":"https:\/\/sezona.lv\/en\/wp-json\/wp\/v2\/product"}],"about":[{"href":"https:\/\/sezona.lv\/en\/wp-json\/wp\/v2\/types\/product"}],"wp:featuredmedia":[{"embeddable":true,"href":"https:\/\/sezona.lv\/en\/wp-json\/wp\/v2\/media\/104785"}],"wp:attachment":[{"href":"https:\/\/sezona.lv\/en\/wp-json\/wp\/v2\/media?parent=104775"}],"wp:term":[{"taxonomy":"product_brand","embeddable":true,"href":"https:\/\/sezona.lv\/en\/wp-json\/wp\/v2\/product_brand?post=104775"},{"taxonomy":"product_cat","embeddable":true,"href":"https:\/\/sezona.lv\/en\/wp-json\/wp\/v2\/product_cat?post=104775"},{"taxonomy":"product_tag","embeddable":true,"href":"https:\/\/sezona.lv\/en\/wp-json\/wp\/v2\/product_tag?post=104775"}],"curies":[{"name":"wp","href":"https:\/\/api.w.org\/{rel}","templated":true}]}}