{"id":104836,"date":"2025-11-04T12:35:59","date_gmt":"2025-11-04T10:35:59","guid":{"rendered":"https:\/\/sezona.lv\/?post_type=product&#038;p=104836"},"modified":"2026-02-03T12:02:19","modified_gmt":"2026-02-03T10:02:19","slug":"ziemas-kostims-norfin-arctic-4","status":"publish","type":"product","link":"https:\/\/sezona.lv\/en\/products\/ziemas-kostims-norfin-arctic-4\/","title":{"rendered":"Ziemas kost\u012bms Norfin ARCTIC 4"},"content":{"rendered":"<p>\u0112rts ziemas kost\u012bms, izstr\u0101d\u0101ts ziemas mak\u0161\u0137er\u0113\u0161anai. Nortex Breathbale materi\u0101ls aizsarg\u0101s no nokri\u0161\u0146iem un v\u0113ja, saglab\u0101jot komfortu mak\u0161\u0137er\u0113jot. Paredz\u0113ts izmanto\u0161anai gaisa temperat\u016br\u0101 l\u012bdz -25\u00b0C. V\u0113ja un \u016bdensiztur\u012bgs materi\u0101ls. Pastiprin\u0101ts materi\u0101ls uz ce\u013ciem un aizmugur\u0113. Veidots mak\u0161\u0137erniekiem.<\/p>\n<p>JAKA:<\/p>\n<ul>\n<li>L\u012bm\u0113tas \u0161uves<\/li>\n<li>Dubultais r\u0101v\u0113jsl\u0113dz\u0113js ar atloku<\/li>\n<li>Divos l\u012bme\u0146os regul\u0113jama kapuce<\/li>\n<li>Jostas viet\u0101 savelkama jaka<\/li>\n<li>\u0112rtas kabatas jakas iek\u0161pus\u0113 un \u0101rpus\u0113<\/li>\n<li>Silta kabata mobilajam telefonam<\/li>\n<li>Elast\u012bgas man\u0161etes<\/li>\n<li>Regul\u0113jamas \u0101r\u0113j\u0101s man\u0161etes piedurkn\u0113m<\/li>\n<li>Gaismu atstarojo\u0161i elementi<\/li>\n<\/ul>\n<p>PUSKOMBINEZONS:<\/p>\n<ul>\n<li>Regul\u0113jamas lences<\/li>\n<li>Divas ietilp\u012bgas kabatas ar atlokiem<\/li>\n<li>Pastiprin\u0101ts materi\u0101ls ce\u013cgalu un s\u0113\u017eamvietas zon\u0101s<\/li>\n<li>Artikul\u0113ti ce\u013ci<\/li>\n<li>Iek\u0161\u0113j\u0101s getras aizsardz\u012bbai pret sniegu<\/li>\n<li>Dubultais r\u0101v\u0113jsl\u0113dz\u0113js ar atloku<\/li>\n<li>Bik\u0161u staras attais\u0101mas ar r\u0101v\u0113jsl\u0113dz\u0113ju<\/li>\n<li>Paaugstin\u0101ta jostas vieta<\/li>\n<\/ul>\n<p>Materi\u0101ls: NORTEX BREATHHABLE<br \/>\nMitrumiztur\u012bba: 8 000 mm<br \/>\nElpotsp\u0113ja: 6 000 g\/m\u00b2\/24h<br \/>\nSiltin\u0101jums: THERMO GUARD<\/p>\n<p>Izm\u0113ri: S, M, L, XL, XXL, XXXL<\/p>\n<p><iframe loading=\"lazy\" title=\"Norfin Arctic 4\" width=\"640\" height=\"360\" src=\"https:\/\/www.youtube.com\/embed\/0_DMgrxFKU0?feature=oembed\" frameborder=\"0\" allow=\"accelerometer; autoplay; clipboard-write; encrypted-media; gyroscope; picture-in-picture; web-share\" referrerpolicy=\"strict-origin-when-cross-origin\" allowfullscreen><\/iframe><\/p>\n","protected":false},"excerpt":{"rendered":"<p>\u0112rts ziemas kost\u012bms, izstr\u0101d\u0101ts ziemas mak\u0161\u0137er\u0113\u0161anai. Nortex Breathbale materi\u0101ls aizsarg\u0101s no nokri\u0161\u0146iem un v\u0113ja, saglab\u0101jot komfortu mak\u0161\u0137er\u0113jot. Paredz\u0113ts izmanto\u0161anai gaisa temperat\u016br\u0101 l\u012bdz -25\u00b0C. V\u0113ja un \u016bdensiztur\u012bgs materi\u0101ls. Pastiprin\u0101ts materi\u0101ls uz ce\u013ciem un aizmugur\u0113. Veidots mak\u0161\u0137erniekiem. JAKA: L\u012bm\u0113tas \u0161uves Dubultais r\u0101v\u0113jsl\u0113dz\u0113js ar atloku Divos l\u012bme\u0146os regul\u0113jama kapuce Jostas viet\u0101 savelkama jaka \u0112rtas kabatas jakas iek\u0161pus\u0113 un [&hellip;]<\/p>\n","protected":false},"featured_media":104843,"template":"","meta":[],"product_brand":[899],"product_cat":[2905,3278],"product_tag":[],"class_list":{"0":"post-104836","1":"product","2":"type-product","3":"status-publish","4":"has-post-thumbnail","6":"product_brand-norfin","7":"product_cat-norfin-kostimi","8":"product_cat-ziemas-makskeresanas-kostimi","10":"first","11":"instock","12":"sale","13":"shipping-taxable","14":"purchasable","15":"product-type-variable"},"_links":{"self":[{"href":"https:\/\/sezona.lv\/en\/wp-json\/wp\/v2\/product\/104836","targetHints":{"allow":["GET"]}}],"collection":[{"href":"https:\/\/sezona.lv\/en\/wp-json\/wp\/v2\/product"}],"about":[{"href":"https:\/\/sezona.lv\/en\/wp-json\/wp\/v2\/types\/product"}],"wp:featuredmedia":[{"embeddable":true,"href":"https:\/\/sezona.lv\/en\/wp-json\/wp\/v2\/media\/104843"}],"wp:attachment":[{"href":"https:\/\/sezona.lv\/en\/wp-json\/wp\/v2\/media?parent=104836"}],"wp:term":[{"taxonomy":"product_brand","embeddable":true,"href":"https:\/\/sezona.lv\/en\/wp-json\/wp\/v2\/product_brand?post=104836"},{"taxonomy":"product_cat","embeddable":true,"href":"https:\/\/sezona.lv\/en\/wp-json\/wp\/v2\/product_cat?post=104836"},{"taxonomy":"product_tag","embeddable":true,"href":"https:\/\/sezona.lv\/en\/wp-json\/wp\/v2\/product_tag?post=104836"}],"curies":[{"name":"wp","href":"https:\/\/api.w.org\/{rel}","templated":true}]}}