{"id":104863,"date":"2025-11-04T12:46:53","date_gmt":"2025-11-04T10:46:53","guid":{"rendered":"https:\/\/sezona.lv\/?post_type=product&#038;p=104863"},"modified":"2025-11-04T12:53:23","modified_gmt":"2025-11-04T10:53:23","slug":"ziemas-kostims-norfin-thermax","status":"publish","type":"product","link":"https:\/\/sezona.lv\/en\/products\/ziemas-kostims-norfin-thermax\/","title":{"rendered":"Ziemas kost\u012bms Norfin THERMAX"},"content":{"rendered":"<p>Ziemas kost\u012bms no \u016bdens un v\u0113ja necaurlaid\u012bga materi\u0101la, paredz\u0113ts izmanto\u0161anai gaisa temperat\u016br\u0101 l\u012bdz -20C. Sportisk\u0101 un lakonisk\u0101 piegrieztne lieliski der\u0113s ne tikai mak\u0161\u0137erniekiem spiningot\u0101jiem, bet ar\u012b citiem akt\u012bv\u0101s atp\u016btas cien\u012bt\u0101jiem.JAKA:<\/p>\n<ul>\n<li>Nol\u012bm\u0113tas \u0161uves<\/li>\n<li>Ar r\u0101v\u0113jsl\u0113dz\u0113ju stiprin\u0101ma kapuce<\/li>\n<li>Savelkama kapuce ar fiksatoru un nadzi\u0146u<\/li>\n<li>Iek\u0161kabata un kr\u016b\u0161u kabata<\/li>\n<li>Divas roku sild\u0101m\u0101s kabatas ar r\u0101v\u0113jsl\u0113dz\u0113jiem<\/li>\n<li>Savelkama jakas apak\u0161da\u013ca<\/li>\n<li>Pagarin\u0101tas, elast\u012bfgas man\u017eetes<\/li>\n<\/ul>\n<p>BIKSES:<\/p>\n<ul>\n<li>Lences ar regul\u0113jamu garumu<\/li>\n<li>Elast\u012bga josta<\/li>\n<li>\u0112rtas regul\u0113jamas lences<\/li>\n<li>R\u0101v\u0113jsl\u0113dz\u0113ji apak\u0161da\u013c\u0101, kas \u013cauj uzvilkt bikses nenovelkot apavus<\/li>\n<\/ul>\n<p>Izm\u0113ri: S, M, L, XL, XXL, XXXL<\/p>\n<p><iframe loading=\"lazy\" title=\"\u0417\u0438\u043c\u043e\u0432\u0438\u0439 \u043a\u043e\u0441\u0442\u044e\u043c Norfin THERMAX \u0434\u043e -20\u00b0C\" width=\"640\" height=\"360\" src=\"https:\/\/www.youtube.com\/embed\/aJX3OCckAbs?feature=oembed\" frameborder=\"0\" allow=\"accelerometer; autoplay; clipboard-write; encrypted-media; gyroscope; picture-in-picture; web-share\" referrerpolicy=\"strict-origin-when-cross-origin\" allowfullscreen><\/iframe><\/p>\n","protected":false},"excerpt":{"rendered":"<p>Ziemas kost\u012bms no \u016bdens un v\u0113ja necaurlaid\u012bga materi\u0101la, paredz\u0113ts izmanto\u0161anai gaisa temperat\u016br\u0101 l\u012bdz -20C. Sportisk\u0101 un lakonisk\u0101 piegrieztne lieliski der\u0113s ne tikai mak\u0161\u0137erniekiem spiningot\u0101jiem, bet ar\u012b citiem akt\u012bv\u0101s atp\u016btas cien\u012bt\u0101jiem.JAKA: Nol\u012bm\u0113tas \u0161uves Ar r\u0101v\u0113jsl\u0113dz\u0113ju stiprin\u0101ma kapuce Savelkama kapuce ar fiksatoru un nadzi\u0146u Iek\u0161kabata un kr\u016b\u0161u kabata Divas roku sild\u0101m\u0101s kabatas ar r\u0101v\u0113jsl\u0113dz\u0113jiem Savelkama jakas apak\u0161da\u013ca [&hellip;]<\/p>\n","protected":false},"featured_media":104872,"template":"","meta":[],"product_brand":[899],"product_cat":[2905,3278],"product_tag":[],"class_list":{"0":"post-104863","1":"product","2":"type-product","3":"status-publish","4":"has-post-thumbnail","6":"product_brand-norfin","7":"product_cat-norfin-kostimi","8":"product_cat-ziemas-makskeresanas-kostimi","10":"first","11":"instock","12":"shipping-taxable","13":"purchasable","14":"product-type-variable"},"_links":{"self":[{"href":"https:\/\/sezona.lv\/en\/wp-json\/wp\/v2\/product\/104863","targetHints":{"allow":["GET"]}}],"collection":[{"href":"https:\/\/sezona.lv\/en\/wp-json\/wp\/v2\/product"}],"about":[{"href":"https:\/\/sezona.lv\/en\/wp-json\/wp\/v2\/types\/product"}],"wp:featuredmedia":[{"embeddable":true,"href":"https:\/\/sezona.lv\/en\/wp-json\/wp\/v2\/media\/104872"}],"wp:attachment":[{"href":"https:\/\/sezona.lv\/en\/wp-json\/wp\/v2\/media?parent=104863"}],"wp:term":[{"taxonomy":"product_brand","embeddable":true,"href":"https:\/\/sezona.lv\/en\/wp-json\/wp\/v2\/product_brand?post=104863"},{"taxonomy":"product_cat","embeddable":true,"href":"https:\/\/sezona.lv\/en\/wp-json\/wp\/v2\/product_cat?post=104863"},{"taxonomy":"product_tag","embeddable":true,"href":"https:\/\/sezona.lv\/en\/wp-json\/wp\/v2\/product_tag?post=104863"}],"curies":[{"name":"wp","href":"https:\/\/api.w.org\/{rel}","templated":true}]}}