{"id":104948,"date":"2025-11-04T13:15:05","date_gmt":"2025-11-04T11:15:05","guid":{"rendered":"https:\/\/sezona.lv\/?post_type=product&#038;p=104948"},"modified":"2026-02-03T12:07:06","modified_gmt":"2026-02-03T10:07:06","slug":"ziemas-kostims-norfin-discovery-3-gr","status":"publish","type":"product","link":"https:\/\/sezona.lv\/en\/products\/ziemas-kostims-norfin-discovery-3-gr\/","title":{"rendered":"Ziemas kost\u012bms Norfin DISCOVERY 3 GR"},"content":{"rendered":"<p><b>Tehnolo\u0123ija NORTEX BREATHABLE:<\/b>\u00a0Daudzsl\u0101\u0146u materi\u0101la konstrukcija nodro\u0161ina izcilu elpojam\u012bbu, vienlaikus sniedzot piln\u012bgu aizsardz\u012bbu pret v\u0113ju un \u016bdeni skarbos laika apst\u0101k\u013cos.<\/p>\n<p><b>Iztur\u012bba pret ekstrem\u0101lu aukstumu<\/b>: Iztur\u012bgs audums ar siltumizol\u0101ciju nodro\u0161ina uzticamu siltumu un komfortu temperat\u016br\u0101s l\u012bdz pat \u201335\u00b0C.<\/p>\n<p><b>Augst\u0101k\u0101s kvalit\u0101tes funkcion\u0101lais dizains:<\/b>\u00a0Apr\u012bkots ar divvirzienu YKK r\u0101v\u0113jsl\u0113dz\u0113ju ar aizsarg\u0101jo\u0161u atloku, k\u0101 ar\u012b \u0113rt\u0101m iek\u0161\u0113j\u0101m un \u0101r\u0113j\u0101m kabat\u0101m maksim\u0101lai funkcionalit\u0101tei.<\/p>\n<p>JAKA:<\/p>\n<ul>\n<li>L\u012bm\u0113tas \u0161uves<\/li>\n<li>Divvirzienu atverams YKK r\u0101v\u0113jsl\u0113dz\u0113js ar aizsarg\u0101jo\u0161u atloku<\/li>\n<li>Divvirzienu regul\u0113jama kapuce<\/li>\n<li>Aukli\u0146a jakas apak\u0161da\u013cas apjoma regul\u0113\u0161anai<\/li>\n<li>\u0112rtas iek\u0161\u0113j\u0101s un \u0101r\u0113j\u0101s kabatas<\/li>\n<li>Divas kabatas ar \u016bdensnecaurlaid\u012bgiem r\u0101v\u0113jsl\u0113dz\u0113jiem<\/li>\n<li>Silta kabata mobilajam t\u0101lrunim<\/li>\n<li>Regul\u0113jamas \u0101r\u0113j\u0101s piedurk\u0146u aproces<\/li>\n<li>Kabatas roku sild\u012b\u0161anai<\/li>\n<li>Atstarojo\u0161i dro\u0161\u012bbas elementi<\/li>\n<\/ul>\n<p>PUSKOMBINEZONS:<\/p>\n<ul>\n<li>Garum\u0101 regul\u0113jamas lences<\/li>\n<li>Divas kabatas ar r\u0101v\u0113jsl\u0113dz\u0113jiem<\/li>\n<li>Divas ietilp\u012bgas papildus kabatas<\/li>\n<li>Iz\u0146emami m\u012bksti ielikt\u0146i ce\u013cu un s\u0113\u017eas da\u013c\u0101<\/li>\n<li>Pastiprin\u0101ts materi\u0101ls ce\u013cu un s\u0113\u017eas zon\u0101<\/li>\n<li>R\u0101v\u0113jsl\u0113dz\u0113ji ar atloku bik\u0161u staru galos<\/li>\n<li>Divvirzienu YKK r\u0101v\u0113jsl\u0113dz\u0113js ar aizsargatloku<\/li>\n<\/ul>\n<p>MATERI\u0100LS:<\/p>\n<ul>\n<li>Audums: NORTEX BREATHABLE<\/li>\n<li>\u016adensnotur\u012bba: 8 000 mm<\/li>\n<li>Elpotsp\u0113ja: 6 000 g\/m\u00b2\/24h<\/li>\n<li>Siltin\u0101jums: HOLLOFIL<\/li>\n<\/ul>\n<p>Izm\u0113ri: M, L, XL, XXL, XXXL<\/p>\n<p><iframe loading=\"lazy\" title=\"Norfin suit DISCOVERY 3 GR\" width=\"640\" height=\"360\" src=\"https:\/\/www.youtube.com\/embed\/_ot4EYSa6cY?feature=oembed\" frameborder=\"0\" allow=\"accelerometer; autoplay; clipboard-write; encrypted-media; gyroscope; picture-in-picture; web-share\" referrerpolicy=\"strict-origin-when-cross-origin\" allowfullscreen><\/iframe><\/p>\n","protected":false},"excerpt":{"rendered":"<p>Tehnolo\u0123ija NORTEX BREATHABLE:\u00a0Daudzsl\u0101\u0146u materi\u0101la konstrukcija nodro\u0161ina izcilu elpojam\u012bbu, vienlaikus sniedzot piln\u012bgu aizsardz\u012bbu pret v\u0113ju un \u016bdeni skarbos laika apst\u0101k\u013cos. Iztur\u012bba pret ekstrem\u0101lu aukstumu: Iztur\u012bgs audums ar siltumizol\u0101ciju nodro\u0161ina uzticamu siltumu un komfortu temperat\u016br\u0101s l\u012bdz pat \u201335\u00b0C. Augst\u0101k\u0101s kvalit\u0101tes funkcion\u0101lais dizains:\u00a0Apr\u012bkots ar divvirzienu YKK r\u0101v\u0113jsl\u0113dz\u0113ju ar aizsarg\u0101jo\u0161u atloku, k\u0101 ar\u012b \u0113rt\u0101m iek\u0161\u0113j\u0101m un \u0101r\u0113j\u0101m kabat\u0101m maksim\u0101lai [&hellip;]<\/p>\n","protected":false},"featured_media":104954,"template":"","meta":[],"product_brand":[899],"product_cat":[2905,3278],"product_tag":[],"class_list":{"0":"post-104948","1":"product","2":"type-product","3":"status-publish","4":"has-post-thumbnail","6":"product_brand-norfin","7":"product_cat-norfin-kostimi","8":"product_cat-ziemas-makskeresanas-kostimi","10":"first","11":"instock","12":"sale","13":"shipping-taxable","14":"purchasable","15":"product-type-variable"},"_links":{"self":[{"href":"https:\/\/sezona.lv\/en\/wp-json\/wp\/v2\/product\/104948","targetHints":{"allow":["GET"]}}],"collection":[{"href":"https:\/\/sezona.lv\/en\/wp-json\/wp\/v2\/product"}],"about":[{"href":"https:\/\/sezona.lv\/en\/wp-json\/wp\/v2\/types\/product"}],"wp:featuredmedia":[{"embeddable":true,"href":"https:\/\/sezona.lv\/en\/wp-json\/wp\/v2\/media\/104954"}],"wp:attachment":[{"href":"https:\/\/sezona.lv\/en\/wp-json\/wp\/v2\/media?parent=104948"}],"wp:term":[{"taxonomy":"product_brand","embeddable":true,"href":"https:\/\/sezona.lv\/en\/wp-json\/wp\/v2\/product_brand?post=104948"},{"taxonomy":"product_cat","embeddable":true,"href":"https:\/\/sezona.lv\/en\/wp-json\/wp\/v2\/product_cat?post=104948"},{"taxonomy":"product_tag","embeddable":true,"href":"https:\/\/sezona.lv\/en\/wp-json\/wp\/v2\/product_tag?post=104948"}],"curies":[{"name":"wp","href":"https:\/\/api.w.org\/{rel}","templated":true}]}}