{"id":105109,"date":"2025-11-05T10:30:30","date_gmt":"2025-11-05T08:30:30","guid":{"rendered":"https:\/\/sezona.lv\/?post_type=product&#038;p=105109"},"modified":"2026-01-19T16:09:38","modified_gmt":"2026-01-19T14:09:38","slug":"termokrekls-thermowave-2in1-viriesu-2","status":"publish","type":"product","link":"https:\/\/sezona.lv\/en\/products\/termokrekls-thermowave-2in1-viriesu-2\/","title":{"rendered":"Termokrekls Thermowave 2in1 v\u012brie\u0161u"},"content":{"rendered":"<p style=\"font-weight: 400\">2IN1 ir veidots div\u0101s k\u0101rt\u0101s: Iek\u0161pus\u0113 atrodas funkcion\u0101lais poliesters, bet \u0101rpus\u0113 &#8211; kokvilna, kas sa\u0161\u016bti kop\u0101 ar poliestera diegu. Unik\u0101la ad\u012b\u0161anas tehnolo\u0123ija rada rombveida gaisa kabatas, kas izol\u0113 siltumu. 2IN1 ap\u0123\u0113rbi aizsarg\u0101 pret aukstumu un neierobe\u017eo kust\u012bbas, l\u012bdz ar to tie ir ide\u0101li piem\u0113roti darbam un akt\u012bvam dz\u012bvesveidam.<\/p>\n<p style=\"font-weight: 400\"><b><strong>Materi\u0101ls:\u00a0<\/strong><\/b>Thermowave funkcion\u0101lais poliesters ir piem\u0113rots da\u017e\u0101d\u0101m aktivit\u0101t\u0113m aukst\u0101 laik\u0101. \u0160im audumam, kas izgatavots no 100% funkcion\u0101l\u0101 poliestera dzijas, piem\u012bt izcila mitruma izgaro\u0161anas \u012bpa\u0161\u012bba. Turkl\u0101t, pateicoties unik\u0101lai trikot\u0101\u017eas auduma strukt\u016brai, Thermowave poliestera termove\u013cai rakstur\u012bga siltumizol\u0101cija, t\u0101 ir viegla, m\u012bksta un ide\u0101li piegu\u013c augumam. Visas \u0161\u012bs priek\u0161roc\u012bbas apvienojum\u0101 ar vieglu kop\u0161anu padara m\u016bsu poliestera termove\u013cu par ide\u0101lo izv\u0113li intens\u012bv\u0101m aktivit\u0101t\u0113m zem\u0101s temperat\u016br\u0101s. Visi Thermowave funkcion\u0101l\u0101 poliestera ap\u0123\u0113rbi ir apstr\u0101d\u0101ti ar sudraba joniem, lai likvid\u0113tu bakt\u0113rijas, kas rada nepat\u012bkamo smaku.<\/p>\n<p style=\"font-weight: 400\"><b><strong>\u012apa\u0161\u012bbas:<\/strong><\/b><\/p>\n<ul style=\"font-weight: 400\">\n<li>Izgatavots ar divk\u0101rtu tehnolo\u0123iju;<\/li>\n<li>Unik\u0101la ad\u012b\u0161anas tehnolo\u0123ija rada rombveida gaisa kabatas, kas izol\u0113 siltumu.<\/li>\n<li>Aizsarg\u0101 pret aukstumu;<\/li>\n<li>Neierobe\u017eo kust\u012bbas.<\/li>\n<\/ul>\n<p style=\"font-weight: 400\"><b><strong>Paredz\u0113ts:<\/strong><\/b>\u00a0Med\u012bb\u0101m, mak\u0161\u0137er\u0113\u0161anai un darbam.<\/p>\n<p style=\"font-weight: 400\"><b><strong>Sast\u0101vs:<\/strong><\/b>\u00a0100% funkcion\u0101lais poliesters iek\u0161pus\u0113, 100% kokvilna \u0101rpus\u0113.<\/p>\n<p style=\"font-weight: 400\"><b><strong>Baltijas termove<\/strong><\/b><b><strong>\u013ca<\/strong><\/b><\/p>\n<p style=\"font-weight: 400\">S\u0101kot ar sniegu, salu un aukstumu ziem\u0101, l\u012bdz Baltijas v\u0113jam pavasar\u012b, vasaras svelmei un lietav\u0101m ruden\u012b. Un beidzot atkal ar sniegu&#8230; Tas ir Baltijas valstu klimats. Bie\u017e\u0101s klimata sv\u0101rst\u012bbas un da\u017e\u0101di laika apst\u0101k\u013ci no s\u0101kta gala bija izaicin\u0101jums Baltijas iedz\u012bvot\u0101jiem. Cen\u0161oties p\u0101rvar\u0113t visas gr\u016bt\u012bbas, kuras ir saist\u012btas ar klimata izmai\u0146\u0101m gada garum\u0101, cilv\u0113ki ir iem\u0101c\u012bju\u0161ies ne tikai piel\u0101goties tiem, bet ar\u012b zelt un plaukt \u0161aj\u0101 daudzveid\u012bgaj\u0101 klimat\u0101. Sp\u0113ja jebk\u0101dos apst\u0101k\u013cos dz\u012bvot akt\u012bvu dz\u012bvesveidu pie\u0161\u0137ir cilv\u0113kam iztur\u012bbu un sniedz skaidru pr\u0101tu. Bet komforta saj\u016bta akt\u012bv\u0101s nodarb\u0113s laik\u0101 \u013cauj ne tikai p\u0101rvar\u0113t skarbos apst\u0101k\u013cus, bet ar\u012b g\u016bt baudu no \u0161\u0101diem apst\u0101k\u013ciem.<\/p>\n<p><iframe loading=\"lazy\" title=\"Thermowave 2 in 1 Men&#039;s Base Layer overview\" width=\"640\" height=\"360\" src=\"https:\/\/www.youtube.com\/embed\/xPAnpAoBFhM?feature=oembed\" frameborder=\"0\" allow=\"accelerometer; autoplay; clipboard-write; encrypted-media; gyroscope; picture-in-picture; web-share\" referrerpolicy=\"strict-origin-when-cross-origin\" allowfullscreen><\/iframe><\/p>\n","protected":false},"excerpt":{"rendered":"<p>2IN1 ir veidots div\u0101s k\u0101rt\u0101s: Iek\u0161pus\u0113 atrodas funkcion\u0101lais poliesters, bet \u0101rpus\u0113 &#8211; kokvilna, kas sa\u0161\u016bti kop\u0101 ar poliestera diegu. Unik\u0101la ad\u012b\u0161anas tehnolo\u0123ija rada rombveida gaisa kabatas, kas izol\u0113 siltumu. 2IN1 ap\u0123\u0113rbi aizsarg\u0101 pret aukstumu un neierobe\u017eo kust\u012bbas, l\u012bdz ar to tie ir ide\u0101li piem\u0113roti darbam un akt\u012bvam dz\u012bvesveidam. Materi\u0101ls:\u00a0Thermowave funkcion\u0101lais poliesters ir piem\u0113rots da\u017e\u0101d\u0101m aktivit\u0101t\u0113m [&hellip;]<\/p>\n","protected":false},"featured_media":105136,"template":"","meta":[],"product_brand":[3387],"product_cat":[5323,2906,3271,2904],"product_tag":[5320,5321,5322],"class_list":{"0":"post-105109","1":"product","2":"type-product","3":"status-publish","4":"has-post-thumbnail","6":"product_brand-thermowave","7":"product_cat-viriesu-termovela","8":"product_cat-termovela","9":"product_cat-thermowave-termovela","10":"product_cat-ziemas-apgerbs","11":"product_tag-termovela","12":"product_tag-termobikses","13":"product_tag-termokrekls","15":"first","16":"instock","17":"sale","18":"shipping-taxable","19":"purchasable","20":"product-type-variable"},"_links":{"self":[{"href":"https:\/\/sezona.lv\/en\/wp-json\/wp\/v2\/product\/105109","targetHints":{"allow":["GET"]}}],"collection":[{"href":"https:\/\/sezona.lv\/en\/wp-json\/wp\/v2\/product"}],"about":[{"href":"https:\/\/sezona.lv\/en\/wp-json\/wp\/v2\/types\/product"}],"wp:featuredmedia":[{"embeddable":true,"href":"https:\/\/sezona.lv\/en\/wp-json\/wp\/v2\/media\/105136"}],"wp:attachment":[{"href":"https:\/\/sezona.lv\/en\/wp-json\/wp\/v2\/media?parent=105109"}],"wp:term":[{"taxonomy":"product_brand","embeddable":true,"href":"https:\/\/sezona.lv\/en\/wp-json\/wp\/v2\/product_brand?post=105109"},{"taxonomy":"product_cat","embeddable":true,"href":"https:\/\/sezona.lv\/en\/wp-json\/wp\/v2\/product_cat?post=105109"},{"taxonomy":"product_tag","embeddable":true,"href":"https:\/\/sezona.lv\/en\/wp-json\/wp\/v2\/product_tag?post=105109"}],"curies":[{"name":"wp","href":"https:\/\/api.w.org\/{rel}","templated":true}]}}