{"id":105322,"date":"2025-11-05T15:01:43","date_gmt":"2025-11-05T13:01:43","guid":{"rendered":"https:\/\/sezona.lv\/?post_type=product&#038;p=105322"},"modified":"2025-11-05T15:11:49","modified_gmt":"2025-11-05T13:11:49","slug":"ziemas-kostims-norfin-fjord-davana-termovela-thermowave-originals","status":"publish","type":"product","link":"https:\/\/sezona.lv\/en\/products\/ziemas-kostims-norfin-fjord-davana-termovela-thermowave-originals\/","title":{"rendered":"Ziemas kost\u012bms Norfin FJORD + d\u0101van\u0101 termove\u013ca Thermowave Originals"},"content":{"rendered":"<div class=\"wrap\"><strong>Ieg\u0101d\u0101joties \u0161o kost\u012bmu, sa\u0146emsiet Thermowave Originals termove\u013cu d\u0101van\u0101!<\/strong><\/div>\n<p>Izbaudiet ide\u0101lu vienk\u0101r\u0161\u012bbas un funkcionalit\u0101tes apvienojumu ar Norfin Fjord ziemas mak\u0161\u0137er\u0113\u0161anas kost\u012bmu. Ar t\u012br\u0101m l\u012bnij\u0101m un attur\u012bgu dizainu rad\u012btais daudzpus\u012bgais 3-in-1 sist\u0113mas kost\u012bms viegli piel\u0101gojas gan mak\u0161\u0137er\u0113\u0161anai uz ledus, gan ikdienas lieto\u0161anai v\u0113sos laika apst\u0101k\u013cos.<\/p>\n<p>GALVEN\u0100S \u012aPA\u0160\u012aBAS:<\/p>\n<ul>\n<li>Kabatu dizains nodro\u0161ina pietiekamu vietu mak\u0161\u0137erlietu uzglab\u0101\u0161anai bez lieka apjoma<\/li>\n<li>Iztur\u012bgi materi\u0101li, kas piem\u0113roti mak\u0161\u0137ernieku vajadz\u012bb\u0101m<\/li>\n<li>Daudzpus\u012bga 3-in-1 sist\u0113ma, kas ietver \u016bdensnecaurlaid\u012bgu \u0101r\u0113jo jaku, siltin\u0101tas bikses ar lenc\u0113m un iz\u0146emamu fl\u012bsa jaku individu\u0101lai aizsardz\u012bbai l\u012bdz -30\u00b0C<\/li>\n<\/ul>\n<p>JAKA:<\/p>\n<ul>\n<li>Regul\u0113jama kapuce un augsta apkakle aizsardz\u012bbai pret laikapst\u0101k\u013ciem<\/li>\n<li>Divas s\u0101nu kabatas un viena kr\u016b\u0161u kabata ar r\u0101v\u0113jsl\u0113dz\u0113jiem<\/li>\n<li>Dubultas aproces papildu komfortam<\/li>\n<li>Aukli\u0146as jakas apak\u0161\u0101 apjoma regul\u0113\u0161anai<\/li>\n<li>Iz\u0146emama iek\u0161\u0113j\u0101 fl\u012bsa jaka<\/li>\n<li>Fl\u012bsa jaka ar div\u0101m praktisk\u0101m kabat\u0101m<\/li>\n<\/ul>\n<p>PUSKOMBINEZONS:<\/p>\n<ul>\n<li>Elast\u012bgas, regul\u0113jamas lences ide\u0101lai piegul\u0161anai<\/li>\n<li>Plecu lenc\u0113m silikona p\u0101rkl\u0101jums papildu komfortam<\/li>\n<li>Divas s\u0101nu kabatas ar r\u0101v\u0113jsl\u0113dz\u0113jiem<\/li>\n<li>Divvirzienu priek\u0161\u0113jais r\u0101v\u0113jsl\u0113dz\u0113js ar aizsargaizdari<\/li>\n<li>\u0112rti r\u0101v\u0113jsl\u0113dz\u0113ji bik\u0161u staru apak\u0161\u0101 vieglai uzvilk\u0161anai\/novilk\u0161anai<\/li>\n<\/ul>\n<p>MATERI\u0100LS:<\/p>\n<ul>\n<li>Audums: NORTEX BREATHABLE<\/li>\n<li>\u016adensnotur\u012bba: 6 000 mm<\/li>\n<li>Elpotsp\u0113ja: 4 000 g\/m\u00b2\/24h<\/li>\n<li>Siltin\u0101jums: THERMO GUARD<\/li>\n<\/ul>\n<p>&nbsp;<\/p>\n<p><strong>Thermowave Originals apraksts:<\/strong><\/p>\n<p>ORIGINALS ir popul\u0101r\u0101k\u0101 Thermowave termove\u013cas l\u012bnija, kas paredz\u0113ta fizisk\u0101m aktivit\u0101t\u0113m v\u0113s\u0101kos laikapst\u0101k\u013cos. Nodro\u0161ina siltumu un komfortu, neatkar\u012bgi no \u0101r\u0113jiem apst\u0101k\u013ciem. Maz\u0101k raiz\u0113ties, vair\u0101k darboties!<\/p>\n<p>Materi\u0101ls:\u00a0Thermowave funkcion\u0101lais poliesters ir piem\u0113rots da\u017e\u0101d\u0101m aktivit\u0101t\u0113m aukst\u0101 laik\u0101. \u0160im audumam, kas izgatavots no 100% funkcion\u0101l\u0101 poliestera dzijas, piem\u012bt izcila mitruma izgaro\u0161anas \u012bpa\u0161\u012bba. Turkl\u0101t, pateicoties unik\u0101lai trikot\u0101\u017eas auduma strukt\u016brai, Thermowave poliestera termove\u013cai rakstur\u012bga siltumizol\u0101cija, t\u0101 ir viegla, m\u012bksta un ide\u0101li piegu\u013c augumam. Visas \u0161\u012bs priek\u0161roc\u012bbas apvienojum\u0101 ar vieglu kop\u0161anu padara m\u016bsu poliestera ap\u0123\u0113rbus par ide\u0101lo izv\u0113li intens\u012bv\u0101m aktivit\u0101t\u0113m zem\u0101s temperat\u016br\u0101s. Visi Thermowave funkcion\u0101l\u0101 poliestera ap\u0123\u0113rbi ir apstr\u0101d\u0101ti ar sudraba joniem, lai likvid\u0113tu bakt\u0113rijas, kas rada nepat\u012bkamo smaku.<\/p>\n<p>\u012apa\u0161\u012bbas:<\/p>\n<ul type=\"disc\">\n<li>Novada mitrumu uz \u0101r\u0113jiem sl\u0101\u0146iem, \u0137ermenis paliek sauss;<\/li>\n<li>Neticami elast\u012bgs;<\/li>\n<li>\u0100tri \u017e\u016bsto\u0161s;<\/li>\n<li>Audums ir maz\u0101k kairino\u0161s;<\/li>\n<li>Antibakteri\u0101la apdare nom\u0101c bakt\u0113riju ra\u0161anos, nodro\u0161ina svaigumu un neveicina nepat\u012bkamu smaku.<\/li>\n<\/ul>\n<p>Paredz\u0113ts:\u00a0Ziemas sporta veidiem<\/p>\n<p>Sast\u0101vs:\u00a0100% funkcion\u0101lais poliesters.<\/p>\n<p>&nbsp;<\/p>\n<p>Izm\u0113ri: S, M, L, XL, XXL, XXXL<\/p>\n<p><iframe loading=\"lazy\" title=\"Norfin Fjord\" width=\"640\" height=\"360\" src=\"https:\/\/www.youtube.com\/embed\/e3MHwPvcKk4?feature=oembed\" frameborder=\"0\" allow=\"accelerometer; autoplay; clipboard-write; encrypted-media; gyroscope; picture-in-picture; web-share\" referrerpolicy=\"strict-origin-when-cross-origin\" allowfullscreen><\/iframe><\/p>\n","protected":false},"excerpt":{"rendered":"<p>Ieg\u0101d\u0101joties \u0161o kost\u012bmu, sa\u0146emsiet Thermowave Originals termove\u013cu d\u0101van\u0101! Izbaudiet ide\u0101lu vienk\u0101r\u0161\u012bbas un funkcionalit\u0101tes apvienojumu ar Norfin Fjord ziemas mak\u0161\u0137er\u0113\u0161anas kost\u012bmu. Ar t\u012br\u0101m l\u012bnij\u0101m un attur\u012bgu dizainu rad\u012btais daudzpus\u012bgais 3-in-1 sist\u0113mas kost\u012bms viegli piel\u0101gojas gan mak\u0161\u0137er\u0113\u0161anai uz ledus, gan ikdienas lieto\u0161anai v\u0113sos laika apst\u0101k\u013cos. GALVEN\u0100S \u012aPA\u0160\u012aBAS: Kabatu dizains nodro\u0161ina pietiekamu vietu mak\u0161\u0137erlietu uzglab\u0101\u0161anai bez lieka apjoma [&hellip;]<\/p>\n","protected":false},"featured_media":105329,"template":"","meta":[],"product_brand":[899],"product_cat":[2905,3278],"product_tag":[],"class_list":{"0":"post-105322","1":"product","2":"type-product","3":"status-publish","4":"has-post-thumbnail","6":"product_brand-norfin","7":"product_cat-norfin-kostimi","8":"product_cat-ziemas-makskeresanas-kostimi","10":"first","11":"instock","12":"shipping-taxable","13":"purchasable","14":"product-type-variable"},"_links":{"self":[{"href":"https:\/\/sezona.lv\/en\/wp-json\/wp\/v2\/product\/105322","targetHints":{"allow":["GET"]}}],"collection":[{"href":"https:\/\/sezona.lv\/en\/wp-json\/wp\/v2\/product"}],"about":[{"href":"https:\/\/sezona.lv\/en\/wp-json\/wp\/v2\/types\/product"}],"wp:featuredmedia":[{"embeddable":true,"href":"https:\/\/sezona.lv\/en\/wp-json\/wp\/v2\/media\/105329"}],"wp:attachment":[{"href":"https:\/\/sezona.lv\/en\/wp-json\/wp\/v2\/media?parent=105322"}],"wp:term":[{"taxonomy":"product_brand","embeddable":true,"href":"https:\/\/sezona.lv\/en\/wp-json\/wp\/v2\/product_brand?post=105322"},{"taxonomy":"product_cat","embeddable":true,"href":"https:\/\/sezona.lv\/en\/wp-json\/wp\/v2\/product_cat?post=105322"},{"taxonomy":"product_tag","embeddable":true,"href":"https:\/\/sezona.lv\/en\/wp-json\/wp\/v2\/product_tag?post=105322"}],"curies":[{"name":"wp","href":"https:\/\/api.w.org\/{rel}","templated":true}]}}