{"id":105331,"date":"2025-11-05T15:17:40","date_gmt":"2025-11-05T13:17:40","guid":{"rendered":"https:\/\/sezona.lv\/?post_type=product&#038;p=105331"},"modified":"2025-11-05T15:24:32","modified_gmt":"2025-11-05T13:24:32","slug":"starpsezonas-kostims-norfin-boat-davana-termovela-thermowave-originals","status":"publish","type":"product","link":"https:\/\/sezona.lv\/en\/products\/starpsezonas-kostims-norfin-boat-davana-termovela-thermowave-originals\/","title":{"rendered":"Starpsezonas kost\u012bms Norfin Boat + d\u0101van\u0101 termove\u013ca Thermowave Originals"},"content":{"rendered":"<div class=\"wrap\"><strong>Ieg\u0101d\u0101joties \u0161o kost\u012bmu, sa\u0146emsiet Thermowave Originals termove\u013cu d\u0101van\u0101!<\/strong><\/div>\n<p>Daudzpus\u012bgs lietus kost\u012bms, izstr\u0101d\u0101ts no \u012bpa\u0161i iztur\u012bga membr\u0101nas materi\u0101la Nortex Breathable, pasarg\u0101s no v\u0113ja un nokri\u0161\u0146iem. Visas kost\u012bma \u0161uves ir r\u016bp\u012bgi nol\u012bm\u0113tas. Bikses ir apr\u012bkotas ar elast\u012bgu jostas vietu, kas \u013cauj viegli piel\u0101got apjomu, nodro\u0161inot \u0113rtu valk\u0101\u0161anu. Paredz\u0113ts izmanto\u0161anai gaisa temperat\u016br\u0101 l\u012bdz -5C.<\/p>\n<dl>\n<dt>JAKA:<\/dt>\n<\/dl>\n<ul>\n<li>Ar r\u0101v\u0113jsl\u0113dz\u0113ju stiprin\u0101ma, divos l\u012bme\u0146os regul\u0113jama kapuce<\/li>\n<li>Priek\u0161\u0113jais r\u0101v\u0113jsl\u0113dz\u0113js ar atlloku<\/li>\n<li>Divas kabatas uz kr\u016bt\u012bm ar atlokiem<\/li>\n<li>Divas ietilp\u012bgas s\u0101nu kabatas<\/li>\n<li>Iek\u0161kabata ar r\u0101v\u0113jsl\u0113dz\u0113ju telefonam un dokumentiem<\/li>\n<li>Regul\u0113jamas man\u017eetes ar velcro aizdari<\/li>\n<li>T\u012bklveida odere<\/li>\n<li>Pagarin\u0101ta muguras da\u013ca<\/li>\n<li>Regul\u0113jama lejas da\u013ca<\/li>\n<li>Visas \u0161uves ir r\u016bp\u012bgi nol\u012bm\u0113tas<\/li>\n<\/ul>\n<dl>\n<dt>BIKSES:<\/dt>\n<\/dl>\n<ul>\n<li>Elast\u012bga jostas vieta<\/li>\n<li>Regul\u0113jamas, no\u0146emamas, elast\u012bgas lences<\/li>\n<li>Divas s\u0101nu kabatas ar r\u0101v\u0113jsl\u0113dz\u0113jiem un atlokiem<\/li>\n<li>Stiprin\u0101ts materi\u0101ls ce\u013cu un s\u0113dvietas zon\u0101s<\/li>\n<li>Regul\u0113jama bik\u0161u apak\u0161da\u013ca ar velcro aizdari un r\u0101v\u0113jsl\u0113dz\u0113ju<\/li>\n<li>Visas \u0161uves ir r\u016bp\u012bgi nol\u012bm\u0113tas<\/li>\n<\/ul>\n<dl>\n<dt>Materi\u0101ls: NORTEX BREATHABLE<\/dt>\n<\/dl>\n<dl>\n<dt>Tips: Rudens\/pavasara kost\u012bms<\/dt>\n<\/dl>\n<dl>\n<dt>\u016adens iztur\u012bba: 10000<\/dt>\n<\/dl>\n<dl>\n<dt>Elpotsp\u0113ja: 6000<\/dt>\n<\/dl>\n<dl>\n<dt>Temperat\u016bra: -5<\/dt>\n<\/dl>\n<dl>\n<dt>Z\u012bmols: NORFIN<\/dt>\n<dt><\/dt>\n<\/dl>\n<p><strong>Thermowave Originals apraksts:<\/strong><\/p>\n<p>ORIGINALS ir popul\u0101r\u0101k\u0101 Thermowave termove\u013cas l\u012bnija, kas paredz\u0113ta fizisk\u0101m aktivit\u0101t\u0113m v\u0113s\u0101kos laikapst\u0101k\u013cos. Nodro\u0161ina siltumu un komfortu, neatkar\u012bgi no \u0101r\u0113jiem apst\u0101k\u013ciem. Maz\u0101k raiz\u0113ties, vair\u0101k darboties!<\/p>\n<p>Materi\u0101ls:\u00a0Thermowave funkcion\u0101lais poliesters ir piem\u0113rots da\u017e\u0101d\u0101m aktivit\u0101t\u0113m aukst\u0101 laik\u0101. \u0160im audumam, kas izgatavots no 100% funkcion\u0101l\u0101 poliestera dzijas, piem\u012bt izcila mitruma izgaro\u0161anas \u012bpa\u0161\u012bba. Turkl\u0101t, pateicoties unik\u0101lai trikot\u0101\u017eas auduma strukt\u016brai, Thermowave poliestera termove\u013cai rakstur\u012bga siltumizol\u0101cija, t\u0101 ir viegla, m\u012bksta un ide\u0101li piegu\u013c augumam. Visas \u0161\u012bs priek\u0161roc\u012bbas apvienojum\u0101 ar vieglu kop\u0161anu padara m\u016bsu poliestera ap\u0123\u0113rbus par ide\u0101lo izv\u0113li intens\u012bv\u0101m aktivit\u0101t\u0113m zem\u0101s temperat\u016br\u0101s. Visi Thermowave funkcion\u0101l\u0101 poliestera ap\u0123\u0113rbi ir apstr\u0101d\u0101ti ar sudraba joniem, lai likvid\u0113tu bakt\u0113rijas, kas rada nepat\u012bkamo smaku.<\/p>\n<p>\u012apa\u0161\u012bbas:<\/p>\n<ul type=\"disc\">\n<li>Novada mitrumu uz \u0101r\u0113jiem sl\u0101\u0146iem, \u0137ermenis paliek sauss;<\/li>\n<li>Neticami elast\u012bgs;<\/li>\n<li>\u0100tri \u017e\u016bsto\u0161s;<\/li>\n<li>Audums ir maz\u0101k kairino\u0161s;<\/li>\n<li>Antibakteri\u0101la apdare nom\u0101c bakt\u0113riju ra\u0161anos, nodro\u0161ina svaigumu un neveicina nepat\u012bkamu smaku.<\/li>\n<\/ul>\n<p>Paredz\u0113ts:\u00a0Ziemas sporta veidiem<\/p>\n<p>Sast\u0101vs: 100% funkcion\u0101lais poliesters.<\/p>\n<p>&nbsp;<\/p>\n<p>Izm\u0113ri: S, M, L, XL, XXL, XXXL<\/p>\n<p><iframe loading=\"lazy\" title=\"NORFIN BOAT kost\u012bms. Eksperta viedoklis!\" width=\"640\" height=\"360\" src=\"https:\/\/www.youtube.com\/embed\/Ksv4OX27u4U?feature=oembed\" frameborder=\"0\" allow=\"accelerometer; autoplay; clipboard-write; encrypted-media; gyroscope; picture-in-picture; web-share\" referrerpolicy=\"strict-origin-when-cross-origin\" allowfullscreen><\/iframe><\/p>\n","protected":false},"excerpt":{"rendered":"<p>Ieg\u0101d\u0101joties \u0161o kost\u012bmu, sa\u0146emsiet Thermowave Originals termove\u013cu d\u0101van\u0101! Daudzpus\u012bgs lietus kost\u012bms, izstr\u0101d\u0101ts no \u012bpa\u0161i iztur\u012bga membr\u0101nas materi\u0101la Nortex Breathable, pasarg\u0101s no v\u0113ja un nokri\u0161\u0146iem. Visas kost\u012bma \u0161uves ir r\u016bp\u012bgi nol\u012bm\u0113tas. Bikses ir apr\u012bkotas ar elast\u012bgu jostas vietu, kas \u013cauj viegli piel\u0101got apjomu, nodro\u0161inot \u0113rtu valk\u0101\u0161anu. Paredz\u0113ts izmanto\u0161anai gaisa temperat\u016br\u0101 l\u012bdz -5C. JAKA: Ar r\u0101v\u0113jsl\u0113dz\u0113ju stiprin\u0101ma, [&hellip;]<\/p>\n","protected":false},"featured_media":105338,"template":"","meta":[],"product_brand":[899],"product_cat":[2905,3278],"product_tag":[],"class_list":{"0":"post-105331","1":"product","2":"type-product","3":"status-publish","4":"has-post-thumbnail","6":"product_brand-norfin","7":"product_cat-norfin-kostimi","8":"product_cat-ziemas-makskeresanas-kostimi","10":"first","11":"instock","12":"shipping-taxable","13":"purchasable","14":"product-type-variable"},"_links":{"self":[{"href":"https:\/\/sezona.lv\/en\/wp-json\/wp\/v2\/product\/105331","targetHints":{"allow":["GET"]}}],"collection":[{"href":"https:\/\/sezona.lv\/en\/wp-json\/wp\/v2\/product"}],"about":[{"href":"https:\/\/sezona.lv\/en\/wp-json\/wp\/v2\/types\/product"}],"wp:featuredmedia":[{"embeddable":true,"href":"https:\/\/sezona.lv\/en\/wp-json\/wp\/v2\/media\/105338"}],"wp:attachment":[{"href":"https:\/\/sezona.lv\/en\/wp-json\/wp\/v2\/media?parent=105331"}],"wp:term":[{"taxonomy":"product_brand","embeddable":true,"href":"https:\/\/sezona.lv\/en\/wp-json\/wp\/v2\/product_brand?post=105331"},{"taxonomy":"product_cat","embeddable":true,"href":"https:\/\/sezona.lv\/en\/wp-json\/wp\/v2\/product_cat?post=105331"},{"taxonomy":"product_tag","embeddable":true,"href":"https:\/\/sezona.lv\/en\/wp-json\/wp\/v2\/product_tag?post=105331"}],"curies":[{"name":"wp","href":"https:\/\/api.w.org\/{rel}","templated":true}]}}