{"id":105400,"date":"2025-11-06T10:06:14","date_gmt":"2025-11-06T08:06:14","guid":{"rendered":"https:\/\/sezona.lv\/?post_type=product&#038;p=105400"},"modified":"2026-01-15T11:08:05","modified_gmt":"2026-01-15T09:08:05","slug":"heat-holders-sieviesu-termozekes-original","status":"publish","type":"product","link":"https:\/\/sezona.lv\/en\/products\/heat-holders-sieviesu-termozekes-original\/","title":{"rendered":"Heat Holders sievie\u0161u termoze\u0137es Original"},"content":{"rendered":"<p>Lai p\u0113d\u0101m b\u016btu silti pat visaukst\u0101kaj\u0101s dien\u0101s, velciet k\u0101j\u0101s \u0161\u012bs vienkr\u0101sain\u0101s, klasiska izm\u0113ra Heat Holders\u00ae ze\u0137es sieviet\u0113m &#8211; pa\u0161as silt\u0101k\u0101s termoze\u0137es.<\/p>\n<p>Biezas, bl\u012bvas un ar siltumizol\u0101cijas koeficientu 2,34, Heat Holders\u00ae izgatavotas no \u012bpa\u0161as \u0161t\u0101pe\u013c\u0161\u0137iedru dzijas, kam ir izcilas siltumnotur\u012bbas \u012bpa\u0161\u012bbas. Garpl\u016bksnu sl\u0101nis pal\u012bdz \u0161\u012bm termoze\u0137\u0113m g\u0101d\u0101t par to, ka p\u0113d\u0101m ir \u0113rti un dro\u0161i.<\/p>\n<p>Katras ze\u0137es iek\u0161puse ir intens\u012bvi mat\u0113ta, kas sniedz ne tikai apbr\u012bnojamu m\u012bkstuma saj\u016btu, bet ar\u012b saglab\u0101 silto gaisu \u0101das tuvum\u0101, t\u0101d\u0113j\u0101di nodro\u0161inot siltumu p\u0113d\u0101m ilg\u0101ku laiku.<\/p>\n<p>Heat Holders\u00ae nenospie\u017e p\u0113das. T\u0101s ir piem\u0113rotas diab\u0113ta slimniekiem un nodro\u0161ina siltumu p\u0113d\u0101m, kas asins cirkul\u0101cijas d\u0113\u013c ir aukstas.<\/p>\n<p>Sast\u0101vs: 91% &#8211; akrils, 5% &#8211; neilons, 3% &#8211; poliesters, 1% &#8211; elast\u0101ns.<\/p>\n<p><strong>Izm\u0113ri:\u00a0<\/strong>37-42.<\/p>\n<p><iframe loading=\"lazy\" title=\"See what makes Heat Holders\u00ae The Warmest Thermal Sock\" width=\"640\" height=\"360\" src=\"https:\/\/www.youtube.com\/embed\/0ddvoGoLQeM?feature=oembed\" frameborder=\"0\" allow=\"accelerometer; autoplay; clipboard-write; encrypted-media; gyroscope; picture-in-picture; web-share\" referrerpolicy=\"strict-origin-when-cross-origin\" allowfullscreen><\/iframe><\/p>\n","protected":false},"excerpt":{"rendered":"<p>Lai p\u0113d\u0101m b\u016btu silti pat visaukst\u0101kaj\u0101s dien\u0101s, velciet k\u0101j\u0101s \u0161\u012bs vienkr\u0101sain\u0101s, klasiska izm\u0113ra Heat Holders\u00ae ze\u0137es sieviet\u0113m &#8211; pa\u0161as silt\u0101k\u0101s termoze\u0137es. Biezas, bl\u012bvas un ar siltumizol\u0101cijas koeficientu 2,34, Heat Holders\u00ae izgatavotas no \u012bpa\u0161as \u0161t\u0101pe\u013c\u0161\u0137iedru dzijas, kam ir izcilas siltumnotur\u012bbas \u012bpa\u0161\u012bbas. Garpl\u016bksnu sl\u0101nis pal\u012bdz \u0161\u012bm termoze\u0137\u0113m g\u0101d\u0101t par to, ka p\u0113d\u0101m ir \u0113rti un dro\u0161i. Katras [&hellip;]<\/p>\n","protected":false},"featured_media":105402,"template":"","meta":[],"product_brand":[5337],"product_cat":[2922],"product_tag":[5339,5340,5341],"class_list":{"0":"post-105400","1":"product","2":"type-product","3":"status-publish","4":"has-post-thumbnail","6":"product_brand-heat-holders","7":"product_cat-termozekes","8":"product_tag-termozekes","9":"product_tag-akrila-termozekes","10":"product_tag-heat-holders-termozekes","12":"first","13":"instock","14":"sale","15":"shipping-taxable","16":"purchasable","17":"product-type-variable"},"_links":{"self":[{"href":"https:\/\/sezona.lv\/en\/wp-json\/wp\/v2\/product\/105400","targetHints":{"allow":["GET"]}}],"collection":[{"href":"https:\/\/sezona.lv\/en\/wp-json\/wp\/v2\/product"}],"about":[{"href":"https:\/\/sezona.lv\/en\/wp-json\/wp\/v2\/types\/product"}],"wp:featuredmedia":[{"embeddable":true,"href":"https:\/\/sezona.lv\/en\/wp-json\/wp\/v2\/media\/105402"}],"wp:attachment":[{"href":"https:\/\/sezona.lv\/en\/wp-json\/wp\/v2\/media?parent=105400"}],"wp:term":[{"taxonomy":"product_brand","embeddable":true,"href":"https:\/\/sezona.lv\/en\/wp-json\/wp\/v2\/product_brand?post=105400"},{"taxonomy":"product_cat","embeddable":true,"href":"https:\/\/sezona.lv\/en\/wp-json\/wp\/v2\/product_cat?post=105400"},{"taxonomy":"product_tag","embeddable":true,"href":"https:\/\/sezona.lv\/en\/wp-json\/wp\/v2\/product_tag?post=105400"}],"curies":[{"name":"wp","href":"https:\/\/api.w.org\/{rel}","templated":true}]}}