{"id":105495,"date":"2025-11-06T11:06:46","date_gmt":"2025-11-06T09:06:46","guid":{"rendered":"https:\/\/sezona.lv\/?post_type=product&#038;p=105495"},"modified":"2025-12-09T15:16:30","modified_gmt":"2025-12-09T13:16:30","slug":"termovela-norfin-cosy-line","status":"publish","type":"product","link":"https:\/\/sezona.lv\/en\/products\/termovela-norfin-cosy-line\/","title":{"rendered":"Termove\u013ca Norfin COSY LINE"},"content":{"rendered":"<dl class=\"item-params dl-horizontal\">\n<dt>Norfin COSY LINE ir silta un bieza otr\u0101 l\u012bme\u0146a termove\u013ca un to paredz\u0113ts izmantot virs pirm\u0101 sl\u0101\u0146a pl\u0101n\u0101s termove\u013cas. T\u0101s vieglais, m\u012bkstais un elpojo\u0161ais materi\u0101ls nodro\u0161in\u0101s jums komfortu pat visskarb\u0101kajos laikapst\u0101k\u013cos. Divsl\u0101\u0146u materi\u0101ls lieliski izvad\u012bs mitrumu, un \u013caus \u0137ermenim saglab\u0101t siltumu, pie nosac\u012bjuma, ka n\u0101kamais sl\u0101nis virs termove\u013cas ir no membr\u0101nas auduma. T\u0101d\u0113\u013c gan zem, gan virs termove\u013cas nav ieteicams vilkt ap\u0123\u0113rbu no kokvilnas, jo \u0161is materi\u0101ls uzs\u016bc mitrumu un saglab\u0101 nepat\u012bkamo mitro saj\u016btu ilgsto\u0161i. Termove\u013cas aug\u0161da\u013ca apr\u012bkota ar no\u0146emamu kapuci un r\u0101v\u0113jsl\u0113dz\u0113ju. Jostas un roku da\u013ca elast\u012bga.<\/dt>\n<\/dl>\n<dl class=\"item-params dl-horizontal\">\n<dt>Artikuls: 3007101-S<\/dt>\n<dt>Kr\u0101sa: Melna<\/dt>\n<dt>Izm\u0113rs: S-XXXL<\/dt>\n<dt>Materi\u0101ls: 100% Poliesters<\/dt>\n<dt>Tips: 2. l\u012bme\u0146a termove\u013ca<\/dt>\n<dt>Temperat\u016bra: \u013boti auksts<\/dt>\n<dt>Aktivit\u0101tes l\u012bmenis: Zems<\/dt>\n<dt>Z\u012bmols: NORFIN<\/dt>\n<\/dl>\n<p><iframe loading=\"lazy\" title=\"Thermal Underwear Norfin Cosy Line\" width=\"640\" height=\"360\" src=\"https:\/\/www.youtube.com\/embed\/DySSTtr4r7s?feature=oembed\" frameborder=\"0\" allow=\"accelerometer; autoplay; clipboard-write; encrypted-media; gyroscope; picture-in-picture; web-share\" referrerpolicy=\"strict-origin-when-cross-origin\" allowfullscreen><\/iframe><\/p>\n<dl class=\"item-params dl-horizontal\">\n<dt><\/dt>\n<\/dl>\n","protected":false},"excerpt":{"rendered":"<p>Norfin COSY LINE ir silta un bieza otr\u0101 l\u012bme\u0146a termove\u013ca un to paredz\u0113ts izmantot virs pirm\u0101 sl\u0101\u0146a pl\u0101n\u0101s termove\u013cas. T\u0101s vieglais, m\u012bkstais un elpojo\u0161ais materi\u0101ls nodro\u0161in\u0101s jums komfortu pat visskarb\u0101kajos laikapst\u0101k\u013cos. Divsl\u0101\u0146u materi\u0101ls lieliski izvad\u012bs mitrumu, un \u013caus \u0137ermenim saglab\u0101t siltumu, pie nosac\u012bjuma, ka n\u0101kamais sl\u0101nis virs termove\u013cas ir no membr\u0101nas auduma. T\u0101d\u0113\u013c gan zem, [&hellip;]<\/p>\n","protected":false},"featured_media":105505,"template":"","meta":[],"product_brand":[899],"product_cat":[3270,2906,2904],"product_tag":[5320,5321,5322],"class_list":{"0":"post-105495","1":"product","2":"type-product","3":"status-publish","4":"has-post-thumbnail","6":"product_brand-norfin","7":"product_cat-norfin-termovela","8":"product_cat-termovela","9":"product_cat-ziemas-apgerbs","10":"product_tag-termovela","11":"product_tag-termobikses","12":"product_tag-termokrekls","14":"first","15":"instock","16":"sale","17":"shipping-taxable","18":"purchasable","19":"product-type-variable"},"_links":{"self":[{"href":"https:\/\/sezona.lv\/en\/wp-json\/wp\/v2\/product\/105495","targetHints":{"allow":["GET"]}}],"collection":[{"href":"https:\/\/sezona.lv\/en\/wp-json\/wp\/v2\/product"}],"about":[{"href":"https:\/\/sezona.lv\/en\/wp-json\/wp\/v2\/types\/product"}],"wp:featuredmedia":[{"embeddable":true,"href":"https:\/\/sezona.lv\/en\/wp-json\/wp\/v2\/media\/105505"}],"wp:attachment":[{"href":"https:\/\/sezona.lv\/en\/wp-json\/wp\/v2\/media?parent=105495"}],"wp:term":[{"taxonomy":"product_brand","embeddable":true,"href":"https:\/\/sezona.lv\/en\/wp-json\/wp\/v2\/product_brand?post=105495"},{"taxonomy":"product_cat","embeddable":true,"href":"https:\/\/sezona.lv\/en\/wp-json\/wp\/v2\/product_cat?post=105495"},{"taxonomy":"product_tag","embeddable":true,"href":"https:\/\/sezona.lv\/en\/wp-json\/wp\/v2\/product_tag?post=105495"}],"curies":[{"name":"wp","href":"https:\/\/api.w.org\/{rel}","templated":true}]}}