{"id":105521,"date":"2025-11-06T12:18:00","date_gmt":"2025-11-06T10:18:00","guid":{"rendered":"https:\/\/sezona.lv\/?post_type=product&#038;p=105521"},"modified":"2025-11-06T12:21:56","modified_gmt":"2025-11-06T10:21:56","slug":"termovela-norfin-cosy-line-2","status":"publish","type":"product","link":"https:\/\/sezona.lv\/en\/products\/termovela-norfin-cosy-line-2\/","title":{"rendered":"Termove\u013ca Norfin COSY LINE 2"},"content":{"rendered":"<dl class=\"item-params dl-horizontal\">\n<dt>NORFIN COSY LINE 2 termove\u013ca nodro\u0161ina izcilu sniegumu mak\u0161\u0137erniekiem un akt\u012bv\u0101s atp\u016btas cien\u012bt\u0101jiem skarbos laika apst\u0101k\u013cos. \u0160\u012bs modern\u0101s vid\u0113j\u0101 sl\u0101\u0146a termove\u013cas ra\u017eo\u0161an\u0101 izmantotas inovat\u012bvas tehnolo\u0123ijas, kas saglab\u0101 siltumu, vienlaikus efekt\u012bvi novadot mitrumu uz \u0101rpusi, lai tas \u0101tri iztvaikotu. Viegl\u0101, neapjom\u012bg\u0101 konstrukcija nodro\u0161ina lielisku termoregul\u0101ciju, netrauc\u0113jot kust\u012bb\u0101m ar\u012b tad, ja tiek n\u0113s\u0101ta zem papildus ap\u0123\u0113rba sl\u0101\u0146iem. \u0160\u012b termove\u013ca uztur optim\u0101lu komfortu gan miera st\u0101vokl\u012b, gan intens\u012bv\u0101kas aktivit\u0101tes laik\u0101, padarot to par neaizst\u0101jamu izv\u0113li aukst\u0101 laik\u0101.<\/dt>\n<dt>\nGalven\u0101s \u012bpa\u0161\u012bbas:<\/p>\n<ul>\n<li>No\u0146emama kapuce piel\u0101gojamiem apst\u0101k\u013ciem<\/li>\n<li>Priek\u0161\u0113jais r\u0101v\u0113jsl\u0113dz\u0113js \u0113rtai uzvilk\u0161anai\/novilk\u0161anai un prec\u012bzai ventil\u0101cijas regul\u0113\u0161anai<\/li>\n<li>Elast\u012bga josta dro\u0161ai fiks\u0101cijai kust\u012bbu laik\u0101<\/li>\n<li>Elast\u012bgas aproces pasarg\u0101 no aukstuma iepl\u016b\u0161anas un saglab\u0101 siltumu<\/li>\n<li>Materi\u0101ls: 100% poliesters. Bl\u012bvums: 260 g\/m\u00b2.<\/li>\n<\/ul>\n<\/dt>\n<\/dl>\n<dl class=\"item-params dl-horizontal\">\n<dt>Artikuls: 3007701<\/dt>\n<dt>Kr\u0101sa: Melna<\/dt>\n<dt>Izm\u0113rs: S-XXXL<\/dt>\n<dt>Materi\u0101ls: 100% Poliesters<\/dt>\n<dt>Tips: 2. l\u012bme\u0146a termove\u013ca<\/dt>\n<dt>Temperat\u016bra: \u013boti auksts<\/dt>\n<dt>Aktivit\u0101tes l\u012bmenis: Zems<\/dt>\n<dt>Z\u012bmols: NORFIN<\/dt>\n<\/dl>\n<p><iframe loading=\"lazy\" title=\"Thermal underwear Norfin COSY LINE 2\" width=\"640\" height=\"360\" src=\"https:\/\/www.youtube.com\/embed\/hk4dm3nzPIs?feature=oembed\" frameborder=\"0\" allow=\"accelerometer; autoplay; clipboard-write; encrypted-media; gyroscope; picture-in-picture; web-share\" referrerpolicy=\"strict-origin-when-cross-origin\" allowfullscreen><\/iframe><\/p>\n<dl class=\"item-params dl-horizontal\">\n<dt><\/dt>\n<\/dl>\n","protected":false},"excerpt":{"rendered":"<p>NORFIN COSY LINE 2 termove\u013ca nodro\u0161ina izcilu sniegumu mak\u0161\u0137erniekiem un akt\u012bv\u0101s atp\u016btas cien\u012bt\u0101jiem skarbos laika apst\u0101k\u013cos. \u0160\u012bs modern\u0101s vid\u0113j\u0101 sl\u0101\u0146a termove\u013cas ra\u017eo\u0161an\u0101 izmantotas inovat\u012bvas tehnolo\u0123ijas, kas saglab\u0101 siltumu, vienlaikus efekt\u012bvi novadot mitrumu uz \u0101rpusi, lai tas \u0101tri iztvaikotu. Viegl\u0101, neapjom\u012bg\u0101 konstrukcija nodro\u0161ina lielisku termoregul\u0101ciju, netrauc\u0113jot kust\u012bb\u0101m ar\u012b tad, ja tiek n\u0113s\u0101ta zem papildus ap\u0123\u0113rba sl\u0101\u0146iem. [&hellip;]<\/p>\n","protected":false},"featured_media":105528,"template":"","meta":[],"product_brand":[899],"product_cat":[3270,2906,2904],"product_tag":[5320,5321,5322],"class_list":{"0":"post-105521","1":"product","2":"type-product","3":"status-publish","4":"has-post-thumbnail","6":"product_brand-norfin","7":"product_cat-norfin-termovela","8":"product_cat-termovela","9":"product_cat-ziemas-apgerbs","10":"product_tag-termovela","11":"product_tag-termobikses","12":"product_tag-termokrekls","14":"first","15":"instock","16":"shipping-taxable","17":"purchasable","18":"product-type-variable"},"_links":{"self":[{"href":"https:\/\/sezona.lv\/en\/wp-json\/wp\/v2\/product\/105521","targetHints":{"allow":["GET"]}}],"collection":[{"href":"https:\/\/sezona.lv\/en\/wp-json\/wp\/v2\/product"}],"about":[{"href":"https:\/\/sezona.lv\/en\/wp-json\/wp\/v2\/types\/product"}],"wp:featuredmedia":[{"embeddable":true,"href":"https:\/\/sezona.lv\/en\/wp-json\/wp\/v2\/media\/105528"}],"wp:attachment":[{"href":"https:\/\/sezona.lv\/en\/wp-json\/wp\/v2\/media?parent=105521"}],"wp:term":[{"taxonomy":"product_brand","embeddable":true,"href":"https:\/\/sezona.lv\/en\/wp-json\/wp\/v2\/product_brand?post=105521"},{"taxonomy":"product_cat","embeddable":true,"href":"https:\/\/sezona.lv\/en\/wp-json\/wp\/v2\/product_cat?post=105521"},{"taxonomy":"product_tag","embeddable":true,"href":"https:\/\/sezona.lv\/en\/wp-json\/wp\/v2\/product_tag?post=105521"}],"curies":[{"name":"wp","href":"https:\/\/api.w.org\/{rel}","templated":true}]}}