{"id":105572,"date":"2025-11-06T12:29:47","date_gmt":"2025-11-06T10:29:47","guid":{"rendered":"https:\/\/sezona.lv\/?post_type=product&#038;p=105572"},"modified":"2025-11-06T12:34:40","modified_gmt":"2025-11-06T10:34:40","slug":"termovela-norfin-nord-2","status":"publish","type":"product","link":"https:\/\/sezona.lv\/en\/products\/termovela-norfin-nord-2\/","title":{"rendered":"Termove\u013ca Norfin NORD"},"content":{"rendered":"<dl class=\"item-params dl-horizontal\">\n<dt>Univers\u0101la termove\u013ca, kas \u0161\u016bta no augstas kvalit\u0101tes mikrofl\u012bsa. M\u012bkstais un pat\u012bkamais materi\u0101ls novada lieko mitrumu un saglab\u0101 siltumu \u2013 nodro\u0161inot \u0137ermenim komfortu pat augstas fizisk\u0101s aktivit\u0101tes gad\u012bjum\u0101. Zemas aktivit\u0101tes gad\u012bjum\u0101, termove\u013cu ieteicams izmantot kop\u0101 ar otr\u0101 sl\u0101\u0146a ve\u013cu. Materi\u0101ls &#8211; NOrfleece Micro (100% poliesters),elpojo\u0161s, \u0101tri \u017eusto\u0161s un \u013coti pat\u012bkams materi\u0101ls.<\/dt>\n<\/dl>\n<dl class=\"item-params dl-horizontal\">\n<dt>Artikuls: 3027001<\/dt>\n<dt>Kr\u0101sa: Melna<\/dt>\n<dt>Izm\u0113rs: S-XXXL<\/dt>\n<dt>Materi\u0101ls: 100% Poliesters<\/dt>\n<dt>Tips: 2. l\u012bme\u0146a termove\u013ca<\/dt>\n<dt>Temperat\u016bra: \u013boti auksts<\/dt>\n<dt>Aktivit\u0101tes l\u012bmenis: Akt\u012bvs<\/dt>\n<dt>Z\u012bmols: NORFIN<\/dt>\n<\/dl>\n<p><iframe loading=\"lazy\" title=\"Micro Fleece Underwear Norfin Nord\" width=\"640\" height=\"360\" src=\"https:\/\/www.youtube.com\/embed\/1ZZ0XtLm-mQ?feature=oembed\" frameborder=\"0\" allow=\"accelerometer; autoplay; clipboard-write; encrypted-media; gyroscope; picture-in-picture; web-share\" referrerpolicy=\"strict-origin-when-cross-origin\" allowfullscreen><\/iframe><\/p>\n<dl class=\"item-params dl-horizontal\">\n<dt><\/dt>\n<\/dl>\n","protected":false},"excerpt":{"rendered":"<p>Univers\u0101la termove\u013ca, kas \u0161\u016bta no augstas kvalit\u0101tes mikrofl\u012bsa. M\u012bkstais un pat\u012bkamais materi\u0101ls novada lieko mitrumu un saglab\u0101 siltumu \u2013 nodro\u0161inot \u0137ermenim komfortu pat augstas fizisk\u0101s aktivit\u0101tes gad\u012bjum\u0101. Zemas aktivit\u0101tes gad\u012bjum\u0101, termove\u013cu ieteicams izmantot kop\u0101 ar otr\u0101 sl\u0101\u0146a ve\u013cu. Materi\u0101ls &#8211; NOrfleece Micro (100% poliesters),elpojo\u0161s, \u0101tri \u017eusto\u0161s un \u013coti pat\u012bkams materi\u0101ls. Artikuls: 3027001 Kr\u0101sa: Melna Izm\u0113rs: [&hellip;]<\/p>\n","protected":false},"featured_media":105579,"template":"","meta":[],"product_brand":[899],"product_cat":[3270,2906,2904],"product_tag":[5320,5321,5322],"class_list":{"0":"post-105572","1":"product","2":"type-product","3":"status-publish","4":"has-post-thumbnail","6":"product_brand-norfin","7":"product_cat-norfin-termovela","8":"product_cat-termovela","9":"product_cat-ziemas-apgerbs","10":"product_tag-termovela","11":"product_tag-termobikses","12":"product_tag-termokrekls","14":"first","15":"instock","16":"sale","17":"shipping-taxable","18":"purchasable","19":"product-type-variable"},"_links":{"self":[{"href":"https:\/\/sezona.lv\/en\/wp-json\/wp\/v2\/product\/105572","targetHints":{"allow":["GET"]}}],"collection":[{"href":"https:\/\/sezona.lv\/en\/wp-json\/wp\/v2\/product"}],"about":[{"href":"https:\/\/sezona.lv\/en\/wp-json\/wp\/v2\/types\/product"}],"wp:featuredmedia":[{"embeddable":true,"href":"https:\/\/sezona.lv\/en\/wp-json\/wp\/v2\/media\/105579"}],"wp:attachment":[{"href":"https:\/\/sezona.lv\/en\/wp-json\/wp\/v2\/media?parent=105572"}],"wp:term":[{"taxonomy":"product_brand","embeddable":true,"href":"https:\/\/sezona.lv\/en\/wp-json\/wp\/v2\/product_brand?post=105572"},{"taxonomy":"product_cat","embeddable":true,"href":"https:\/\/sezona.lv\/en\/wp-json\/wp\/v2\/product_cat?post=105572"},{"taxonomy":"product_tag","embeddable":true,"href":"https:\/\/sezona.lv\/en\/wp-json\/wp\/v2\/product_tag?post=105572"}],"curies":[{"name":"wp","href":"https:\/\/api.w.org\/{rel}","templated":true}]}}