{"id":105589,"date":"2025-11-06T12:36:29","date_gmt":"2025-11-06T10:36:29","guid":{"rendered":"https:\/\/sezona.lv\/?post_type=product&#038;p=105589"},"modified":"2025-11-06T12:40:34","modified_gmt":"2025-11-06T10:40:34","slug":"termovela-norfin-nord-2-2","status":"publish","type":"product","link":"https:\/\/sezona.lv\/en\/products\/termovela-norfin-nord-2-2\/","title":{"rendered":"Termove\u013ca Norfin NORD 2"},"content":{"rendered":"<dl class=\"item-params dl-horizontal\">\n<dt>Daudzfunkcion\u0101la mikrofl\u012bsa termove\u013ca, kas paredz\u0113ta univers\u0101lai lieto\u0161anai. Izgatavota no augstas kvalit\u0101tes materi\u0101la, kas efekt\u012bvi novada mitrumu un saglab\u0101 \u0137erme\u0146a siltumu intens\u012bvas fiziskas slodzes laik\u0101.Termove\u013ca pilda div\u0113j\u0101du funkciju: to var izmantot k\u0101 prim\u0101ro termove\u013cas pamatsl\u0101ni augstas aktivit\u0101tes br\u012b\u017eos vai k\u0101 otr\u0101 l\u012bme\u0146a termove\u013cu miera vai zemas aktivit\u0101tes periodos. Pateicoties 5% likras piejaukumam (95% poliesters \/ 5% likra), materi\u0101ls nodro\u0161ina izcilu elast\u012bbu un perfekti piegu\u013c \u0137ermenim, neierobe\u017eojot \u0137erme\u0146a kust\u012bbas.<\/p>\n<p>Galven\u0101s \u012bpa\u0161\u012bbas:<\/p>\n<ul>\n<li>Uzticama r\u0101v\u0113jsl\u0113dz\u0113ja aizdare<\/li>\n<li>Elast\u012bga josta<\/li>\n<li>Lieliski saglab\u0101 \u0137erme\u0146a siltumu<\/li>\n<li>\u0100tri \u017e\u016bsto\u0161s materi\u0101ls<\/li>\n<li>Materi\u0101ls: 95% poliesters, 5% likra. Bl\u012bvums: 254 g\/m\u00b2.<\/li>\n<\/ul>\n<\/dt>\n<\/dl>\n<dl class=\"item-params dl-horizontal\">\n<dt>Artikuls: 3027301<\/dt>\n<dt>Kr\u0101sa: Melna<\/dt>\n<dt>Izm\u0113rs: S-XXXL<\/dt>\n<dt>Materi\u0101ls: 95% Poliesters, 5% Likra<\/dt>\n<dt>Tips: 1.-2. l\u012bme\u0146a termove\u013ca<\/dt>\n<dt>Temperat\u016bra: \u013boti auksts<\/dt>\n<dt>Aktivit\u0101tes l\u012bmenis: Akt\u012bvs<\/dt>\n<dt>Z\u012bmols: NORFIN<\/dt>\n<\/dl>\n<p><iframe loading=\"lazy\" title=\"Thermal underwear Norfin NORD 2\" width=\"640\" height=\"360\" src=\"https:\/\/www.youtube.com\/embed\/r546Bt3qy3w?feature=oembed\" frameborder=\"0\" allow=\"accelerometer; autoplay; clipboard-write; encrypted-media; gyroscope; picture-in-picture; web-share\" referrerpolicy=\"strict-origin-when-cross-origin\" allowfullscreen><\/iframe><\/p>\n<dl class=\"item-params dl-horizontal\">\n<dt><\/dt>\n<\/dl>\n","protected":false},"excerpt":{"rendered":"<p>Daudzfunkcion\u0101la mikrofl\u012bsa termove\u013ca, kas paredz\u0113ta univers\u0101lai lieto\u0161anai. Izgatavota no augstas kvalit\u0101tes materi\u0101la, kas efekt\u012bvi novada mitrumu un saglab\u0101 \u0137erme\u0146a siltumu intens\u012bvas fiziskas slodzes laik\u0101.Termove\u013ca pilda div\u0113j\u0101du funkciju: to var izmantot k\u0101 prim\u0101ro termove\u013cas pamatsl\u0101ni augstas aktivit\u0101tes br\u012b\u017eos vai k\u0101 otr\u0101 l\u012bme\u0146a termove\u013cu miera vai zemas aktivit\u0101tes periodos. Pateicoties 5% likras piejaukumam (95% poliesters \/ 5% [&hellip;]<\/p>\n","protected":false},"featured_media":105596,"template":"","meta":[],"product_brand":[899],"product_cat":[3270,2906,2904],"product_tag":[5320,5321,5322],"class_list":{"0":"post-105589","1":"product","2":"type-product","3":"status-publish","4":"has-post-thumbnail","6":"product_brand-norfin","7":"product_cat-norfin-termovela","8":"product_cat-termovela","9":"product_cat-ziemas-apgerbs","10":"product_tag-termovela","11":"product_tag-termobikses","12":"product_tag-termokrekls","14":"first","15":"instock","16":"shipping-taxable","17":"purchasable","18":"product-type-variable"},"_links":{"self":[{"href":"https:\/\/sezona.lv\/en\/wp-json\/wp\/v2\/product\/105589","targetHints":{"allow":["GET"]}}],"collection":[{"href":"https:\/\/sezona.lv\/en\/wp-json\/wp\/v2\/product"}],"about":[{"href":"https:\/\/sezona.lv\/en\/wp-json\/wp\/v2\/types\/product"}],"wp:featuredmedia":[{"embeddable":true,"href":"https:\/\/sezona.lv\/en\/wp-json\/wp\/v2\/media\/105596"}],"wp:attachment":[{"href":"https:\/\/sezona.lv\/en\/wp-json\/wp\/v2\/media?parent=105589"}],"wp:term":[{"taxonomy":"product_brand","embeddable":true,"href":"https:\/\/sezona.lv\/en\/wp-json\/wp\/v2\/product_brand?post=105589"},{"taxonomy":"product_cat","embeddable":true,"href":"https:\/\/sezona.lv\/en\/wp-json\/wp\/v2\/product_cat?post=105589"},{"taxonomy":"product_tag","embeddable":true,"href":"https:\/\/sezona.lv\/en\/wp-json\/wp\/v2\/product_tag?post=105589"}],"curies":[{"name":"wp","href":"https:\/\/api.w.org\/{rel}","templated":true}]}}