{"id":105610,"date":"2025-11-06T12:43:35","date_gmt":"2025-11-06T10:43:35","guid":{"rendered":"https:\/\/sezona.lv\/?post_type=product&#038;p=105610"},"modified":"2026-02-06T12:18:59","modified_gmt":"2026-02-06T10:18:59","slug":"termovela-norfin-scandic-comfort","status":"publish","type":"product","link":"https:\/\/sezona.lv\/en\/products\/termovela-norfin-scandic-comfort\/","title":{"rendered":"Termove\u013ca Norfin SCANDIC COMFORT"},"content":{"rendered":"<dl class=\"item-params dl-horizontal\">\n<dt>Divsl\u0101\u0146u, sint\u0113tiskais materi\u0101ls nodro\u0161ina komfortu un mitruma aizvad\u012b\u0161anu pie jebkuras aktivit\u0101tes. Iek\u0161\u0113jais sl\u0101nis izvada mitrumu \u0101r\u0113j\u0101 sl\u0101ni un tur \u0101tri izgaro, t\u0101d\u0113j\u0101di saglab\u0101jot \u0137ermeni sausu un siltu. Ergonomisk\u0101 piegrieztne nodro\u0161ina \u0113rtu valk\u0101\u0161anu un neapgr\u016btina kust\u012bbu. Ve\u013ca piem\u0113rota gan k\u0101 pirm\u0101, gan k\u0101 otr\u0101 sl\u0101\u0146a ve\u013ca.<\/p>\n<ul>\n<li>\u00bc priek\u0161\u0113jais r\u0101v\u0113jsl\u0113dz\u0113js<\/li>\n<li>Augsta apkakle<\/li>\n<li>Plakan\u0101s \u0161uves<\/li>\n<li>\u0112rta piegrieztne<\/li>\n<li>Elast\u012bga jostasvieta<\/li>\n<li>Materi\u0101ls: 100% poliesters<\/li>\n<\/ul>\n<\/dt>\n<\/dl>\n<dl class=\"item-params dl-horizontal\">\n<dt>Artikuls: 3006201<\/dt>\n<dt>Kr\u0101sa: Melna<\/dt>\n<dt>Izm\u0113rs: M-XL<\/dt>\n<dt>Materi\u0101ls: 100% Poliesters<\/dt>\n<dt>Tips: 1.-2. l\u012bme\u0146a termove\u013ca<\/dt>\n<dt>Temperat\u016bra: Auksts<\/dt>\n<dt>Aktivit\u0101tes l\u012bmenis: Zems<\/dt>\n<dt>Z\u012bmols: NORFIN<\/dt>\n<\/dl>\n<p><iframe loading=\"lazy\" title=\"Norfin SCANDIC COMFORT termove\u013ca\" width=\"640\" height=\"360\" src=\"https:\/\/www.youtube.com\/embed\/o2H82SmQ-XM?feature=oembed\" frameborder=\"0\" allow=\"accelerometer; autoplay; clipboard-write; encrypted-media; gyroscope; picture-in-picture; web-share\" referrerpolicy=\"strict-origin-when-cross-origin\" allowfullscreen><\/iframe><\/p>\n<dl class=\"item-params dl-horizontal\">\n<dt><\/dt>\n<\/dl>\n","protected":false},"excerpt":{"rendered":"<p>Divsl\u0101\u0146u, sint\u0113tiskais materi\u0101ls nodro\u0161ina komfortu un mitruma aizvad\u012b\u0161anu pie jebkuras aktivit\u0101tes. Iek\u0161\u0113jais sl\u0101nis izvada mitrumu \u0101r\u0113j\u0101 sl\u0101ni un tur \u0101tri izgaro, t\u0101d\u0113j\u0101di saglab\u0101jot \u0137ermeni sausu un siltu. Ergonomisk\u0101 piegrieztne nodro\u0161ina \u0113rtu valk\u0101\u0161anu un neapgr\u016btina kust\u012bbu. Ve\u013ca piem\u0113rota gan k\u0101 pirm\u0101, gan k\u0101 otr\u0101 sl\u0101\u0146a ve\u013ca. \u00bc priek\u0161\u0113jais r\u0101v\u0113jsl\u0113dz\u0113js Augsta apkakle Plakan\u0101s \u0161uves \u0112rta piegrieztne Elast\u012bga [&hellip;]<\/p>\n","protected":false},"featured_media":105617,"template":"","meta":[],"product_brand":[899],"product_cat":[3270,2906,2904],"product_tag":[5320,5321,5322],"class_list":{"0":"post-105610","1":"product","2":"type-product","3":"status-publish","4":"has-post-thumbnail","6":"product_brand-norfin","7":"product_cat-norfin-termovela","8":"product_cat-termovela","9":"product_cat-ziemas-apgerbs","10":"product_tag-termovela","11":"product_tag-termobikses","12":"product_tag-termokrekls","14":"first","15":"instock","16":"sale","17":"shipping-taxable","18":"purchasable","19":"product-type-variable"},"_links":{"self":[{"href":"https:\/\/sezona.lv\/en\/wp-json\/wp\/v2\/product\/105610","targetHints":{"allow":["GET"]}}],"collection":[{"href":"https:\/\/sezona.lv\/en\/wp-json\/wp\/v2\/product"}],"about":[{"href":"https:\/\/sezona.lv\/en\/wp-json\/wp\/v2\/types\/product"}],"wp:featuredmedia":[{"embeddable":true,"href":"https:\/\/sezona.lv\/en\/wp-json\/wp\/v2\/media\/105617"}],"wp:attachment":[{"href":"https:\/\/sezona.lv\/en\/wp-json\/wp\/v2\/media?parent=105610"}],"wp:term":[{"taxonomy":"product_brand","embeddable":true,"href":"https:\/\/sezona.lv\/en\/wp-json\/wp\/v2\/product_brand?post=105610"},{"taxonomy":"product_cat","embeddable":true,"href":"https:\/\/sezona.lv\/en\/wp-json\/wp\/v2\/product_cat?post=105610"},{"taxonomy":"product_tag","embeddable":true,"href":"https:\/\/sezona.lv\/en\/wp-json\/wp\/v2\/product_tag?post=105610"}],"curies":[{"name":"wp","href":"https:\/\/api.w.org\/{rel}","templated":true}]}}