{"id":105678,"date":"2025-11-06T13:07:23","date_gmt":"2025-11-06T11:07:23","guid":{"rendered":"https:\/\/sezona.lv\/?post_type=product&#038;p=105678"},"modified":"2025-11-06T13:11:10","modified_gmt":"2025-11-06T11:11:10","slug":"termovela-norfin-women-performance-space-blue","status":"publish","type":"product","link":"https:\/\/sezona.lv\/en\/products\/termovela-norfin-women-performance-space-blue\/","title":{"rendered":"Termove\u013ca Norfin Women PERFORMANCE SPACE BLUE"},"content":{"rendered":"<dl class=\"item-params dl-horizontal\">\n<dt>Univers\u0101la termove\u013ca, kas pa\u0161\u016bta \u012bpa\u0161i sieviet\u0113m no augstas klases mikrofl\u012bsa. M\u012bkstais un pat\u012bkamais materi\u0101ls novada lieko mitrumu un saglab\u0101 siltumu &#8211; nodro\u0161inot \u0137ermenim komfortu pat augstas fizisk\u0101s aktivit\u0101tes gad\u012bjum\u0101. Zemas aktivit\u0101tes gad\u012bjum\u0101, termove\u013cu ieteicams vilkt uz kailas miesas, bet augstas &#8211; uz pl\u0101n\u0101s termove\u013cas.<\/p>\n<ul>\n<li>M\u012bksts un pat\u012bkams materi\u0101ls<\/li>\n<li>Dro\u0161s r\u0101v\u0113jsl\u0113dz\u0113js<\/li>\n<li>Elast\u012bga josta<\/li>\n<li>Bikses ar elast\u012bg\u0101m man\u0161et\u0113m<\/li>\n<li>Materi\u0101ls &#8211; NORfleece Micro (100% poliesters)<\/li>\n<\/ul>\n<\/dt>\n<\/dl>\n<dl class=\"item-params dl-horizontal\">\n<dt>Artikuls: 304500<\/dt>\n<dt>Kr\u0101sa: Zila, violeta<\/dt>\n<dt>Izm\u0113rs: S-XL<\/dt>\n<dt>Materi\u0101ls: 100% Poliesters<\/dt>\n<dt>Tips: 1. l\u012bme\u0146a termove\u013ca<\/dt>\n<dt>Temperat\u016bra: Auksts<\/dt>\n<dt>Aktivit\u0101tes l\u012bmenis: Vid\u0113js<\/dt>\n<dt>Z\u012bmols: NORFIN<\/dt>\n<\/dl>\n<dl class=\"item-params dl-horizontal\">\n<dt><\/dt>\n<\/dl>\n<dl class=\"item-params dl-horizontal\">\n<dt><\/dt>\n<\/dl>\n","protected":false},"excerpt":{"rendered":"<p>Univers\u0101la termove\u013ca, kas pa\u0161\u016bta \u012bpa\u0161i sieviet\u0113m no augstas klases mikrofl\u012bsa. M\u012bkstais un pat\u012bkamais materi\u0101ls novada lieko mitrumu un saglab\u0101 siltumu &#8211; nodro\u0161inot \u0137ermenim komfortu pat augstas fizisk\u0101s aktivit\u0101tes gad\u012bjum\u0101. Zemas aktivit\u0101tes gad\u012bjum\u0101, termove\u013cu ieteicams vilkt uz kailas miesas, bet augstas &#8211; uz pl\u0101n\u0101s termove\u013cas. M\u012bksts un pat\u012bkams materi\u0101ls Dro\u0161s r\u0101v\u0113jsl\u0113dz\u0113js Elast\u012bga josta Bikses ar elast\u012bg\u0101m [&hellip;]<\/p>\n","protected":false},"featured_media":105685,"template":"","meta":[],"product_brand":[899],"product_cat":[3270,2906,2904],"product_tag":[5320,5321,5322],"class_list":{"0":"post-105678","1":"product","2":"type-product","3":"status-publish","4":"has-post-thumbnail","6":"product_brand-norfin","7":"product_cat-norfin-termovela","8":"product_cat-termovela","9":"product_cat-ziemas-apgerbs","10":"product_tag-termovela","11":"product_tag-termobikses","12":"product_tag-termokrekls","14":"first","15":"instock","16":"sale","17":"shipping-taxable","18":"purchasable","19":"product-type-variable"},"_links":{"self":[{"href":"https:\/\/sezona.lv\/en\/wp-json\/wp\/v2\/product\/105678","targetHints":{"allow":["GET"]}}],"collection":[{"href":"https:\/\/sezona.lv\/en\/wp-json\/wp\/v2\/product"}],"about":[{"href":"https:\/\/sezona.lv\/en\/wp-json\/wp\/v2\/types\/product"}],"wp:featuredmedia":[{"embeddable":true,"href":"https:\/\/sezona.lv\/en\/wp-json\/wp\/v2\/media\/105685"}],"wp:attachment":[{"href":"https:\/\/sezona.lv\/en\/wp-json\/wp\/v2\/media?parent=105678"}],"wp:term":[{"taxonomy":"product_brand","embeddable":true,"href":"https:\/\/sezona.lv\/en\/wp-json\/wp\/v2\/product_brand?post=105678"},{"taxonomy":"product_cat","embeddable":true,"href":"https:\/\/sezona.lv\/en\/wp-json\/wp\/v2\/product_cat?post=105678"},{"taxonomy":"product_tag","embeddable":true,"href":"https:\/\/sezona.lv\/en\/wp-json\/wp\/v2\/product_tag?post=105678"}],"curies":[{"name":"wp","href":"https:\/\/api.w.org\/{rel}","templated":true}]}}