{"id":105693,"date":"2025-11-06T13:16:55","date_gmt":"2025-11-06T11:16:55","guid":{"rendered":"https:\/\/sezona.lv\/?post_type=product&#038;p=105693"},"modified":"2025-12-08T08:00:58","modified_gmt":"2025-12-08T06:00:58","slug":"termovela-norfin-comfort-line-grey","status":"publish","type":"product","link":"https:\/\/sezona.lv\/en\/products\/termovela-norfin-comfort-line-grey\/","title":{"rendered":"Termove\u013ca Norfin COMFORT LINE GREY"},"content":{"rendered":"<dl class=\"item-params dl-horizontal\">\n<dt>Elpojo\u0161a 1. l\u012bme\u0146a termove\u013ca, piem\u0113rota vid\u0113ji augstai aktivit\u0101tei. Termove\u013ca \u0161\u016bta t\u0101, lai neierobe\u017eotu \u0137erme\u0146a kust\u012bbas un nodro\u0161in\u0101tu nepiecie\u0161amo elast\u012bbu. \u0160im modelim ir papildus mikrofl\u012bsa siltin\u0101jumi muguras un s\u0113\u017eamvietas rajonos, kas nodro\u0161ina papildus aizsardz\u012bbu pret aukstumu un sniedz komfortu. Elast\u012bga jostas da\u013ca.<\/dt>\n<\/dl>\n<dl class=\"item-params dl-horizontal\">\n<dt>Artikuls: 3019001<\/dt>\n<dt>Kr\u0101sa: Zila, violeta<\/dt>\n<dt>Izm\u0113rs: S, XL<\/dt>\n<dt>Materi\u0101ls: 95% Poliesters, 5% Spandekss<\/dt>\n<dt>Tips: 1. l\u012bme\u0146a termove\u013ca<\/dt>\n<dt>Temperat\u016bra: Auksts<\/dt>\n<dt>Aktivit\u0101tes l\u012bmenis: Vid\u0113js<\/dt>\n<dt>Z\u012bmols: NORFIN<\/dt>\n<\/dl>\n<dl class=\"item-params dl-horizontal\">\n<dt><\/dt>\n<\/dl>\n<dl class=\"item-params dl-horizontal\">\n<dt><\/dt>\n<\/dl>\n","protected":false},"excerpt":{"rendered":"<p>Elpojo\u0161a 1. l\u012bme\u0146a termove\u013ca, piem\u0113rota vid\u0113ji augstai aktivit\u0101tei. Termove\u013ca \u0161\u016bta t\u0101, lai neierobe\u017eotu \u0137erme\u0146a kust\u012bbas un nodro\u0161in\u0101tu nepiecie\u0161amo elast\u012bbu. \u0160im modelim ir papildus mikrofl\u012bsa siltin\u0101jumi muguras un s\u0113\u017eamvietas rajonos, kas nodro\u0161ina papildus aizsardz\u012bbu pret aukstumu un sniedz komfortu. Elast\u012bga jostas da\u013ca. Artikuls: 3019001 Kr\u0101sa: Zila, violeta Izm\u0113rs: S, XL Materi\u0101ls: 95% Poliesters, 5% Spandekss Tips: [&hellip;]<\/p>\n","protected":false},"featured_media":105698,"template":"","meta":[],"product_brand":[899],"product_cat":[3270,2906,2904],"product_tag":[5320,5321,5322],"class_list":{"0":"post-105693","1":"product","2":"type-product","3":"status-publish","4":"has-post-thumbnail","6":"product_brand-norfin","7":"product_cat-norfin-termovela","8":"product_cat-termovela","9":"product_cat-ziemas-apgerbs","10":"product_tag-termovela","11":"product_tag-termobikses","12":"product_tag-termokrekls","14":"first","15":"instock","16":"sale","17":"shipping-taxable","18":"purchasable","19":"product-type-variable"},"_links":{"self":[{"href":"https:\/\/sezona.lv\/en\/wp-json\/wp\/v2\/product\/105693","targetHints":{"allow":["GET"]}}],"collection":[{"href":"https:\/\/sezona.lv\/en\/wp-json\/wp\/v2\/product"}],"about":[{"href":"https:\/\/sezona.lv\/en\/wp-json\/wp\/v2\/types\/product"}],"wp:featuredmedia":[{"embeddable":true,"href":"https:\/\/sezona.lv\/en\/wp-json\/wp\/v2\/media\/105698"}],"wp:attachment":[{"href":"https:\/\/sezona.lv\/en\/wp-json\/wp\/v2\/media?parent=105693"}],"wp:term":[{"taxonomy":"product_brand","embeddable":true,"href":"https:\/\/sezona.lv\/en\/wp-json\/wp\/v2\/product_brand?post=105693"},{"taxonomy":"product_cat","embeddable":true,"href":"https:\/\/sezona.lv\/en\/wp-json\/wp\/v2\/product_cat?post=105693"},{"taxonomy":"product_tag","embeddable":true,"href":"https:\/\/sezona.lv\/en\/wp-json\/wp\/v2\/product_tag?post=105693"}],"curies":[{"name":"wp","href":"https:\/\/api.w.org\/{rel}","templated":true}]}}