{"id":105718,"date":"2025-11-06T14:02:48","date_gmt":"2025-11-06T12:02:48","guid":{"rendered":"https:\/\/sezona.lv\/?post_type=product&#038;p=105718"},"modified":"2026-02-18T09:26:42","modified_gmt":"2026-02-18T07:26:42","slug":"termozekes-norfin-arctic-merino-crew-t4a","status":"publish","type":"product","link":"https:\/\/sezona.lv\/en\/products\/termozekes-norfin-arctic-merino-crew-t4a\/","title":{"rendered":"Termoze\u0137es Norfin ARCTIC MERINO CREW T4A"},"content":{"rendered":"<p>Norfin ARCTIC MERINO T4A ze\u0137es nodro\u0161ina uzticamu aizsardz\u012bbu pret aukstumu, kas paredz\u0113ta skarbiem ziemas apst\u0101k\u013ciem. Ar sabalans\u0113tu 38% merino vilnas saturu apvienojum\u0101 ar sint\u0113tiskiem augstas veiktsp\u0113jas materi\u0101liem, \u0161\u012bs vid\u0113ja garuma ze\u0137es nodro\u0161ina efekt\u012bvu siltuma regul\u0101ciju un iztur\u012bbu ilgsto\u0161\u0101m aktivit\u0101t\u0113m \u0101rpus telp\u0101m.<\/p>\n<p>GALVEN\u0100S \u012aPA\u0160\u012aBAS:<\/p>\n<ul>\n<li>Dab\u012bgais merino vilnas mais\u012bjums (38%) nodro\u0161ina lielisku siltuma regul\u0101ciju un komfortu<\/li>\n<li>Pastiprin\u0101ta purngalu un pap\u0113\u017eu da\u013ca garant\u0113 uzlabotu iztur\u012bbu intens\u012bvas nolieto\u0161an\u0101s zon\u0101s<\/li>\n<li>Da\u017e\u0101da bl\u012bvuma polster\u0113jums nodro\u0161ina izcilu komfortu un atbalstu tie\u0161i tur, kur tas visvair\u0101k nepiecie\u0161ams<\/li>\n<li>Mitrumu aizvado\u0161ais materi\u0101lu mais\u012bjums saglab\u0101 sausumu un komfortu akt\u012bvas lieto\u0161anas laik\u0101<\/li>\n<li>Materi\u0101ls &#8211; 38% Merino vilna, 38% akrils, 20% neilons, 4% elast\u0101ns<\/li>\n<\/ul>\n<p><strong>Izm\u0113ri:\u00a0<\/strong>39-41; 42-44; 45-47.<\/p>\n<dl class=\"item-params dl-horizontal\">\n<dt>Artikuls: 304743<\/dt>\n<dt>Kr\u0101sa: Melna, pel\u0113ka<\/dt>\n<dt>Izm\u0113rs: 39-47<\/dt>\n<dt>Materi\u0101ls: 38% Merino vilna, 38% Akrils, 20% Neilons, 4% Elast\u0101ns<\/dt>\n<dt>Skaits iepakojum\u0101: P\u0101ris<\/dt>\n<dt>Temperat\u016bra: Ekstr\u0113mi auksts<\/dt>\n<dt>Aktivit\u0101tes l\u012bmenis: Augsts<\/dt>\n<\/dl>\n","protected":false},"excerpt":{"rendered":"<p>Norfin ARCTIC MERINO T4A ze\u0137es nodro\u0161ina uzticamu aizsardz\u012bbu pret aukstumu, kas paredz\u0113ta skarbiem ziemas apst\u0101k\u013ciem. Ar sabalans\u0113tu 38% merino vilnas saturu apvienojum\u0101 ar sint\u0113tiskiem augstas veiktsp\u0113jas materi\u0101liem, \u0161\u012bs vid\u0113ja garuma ze\u0137es nodro\u0161ina efekt\u012bvu siltuma regul\u0101ciju un iztur\u012bbu ilgsto\u0161\u0101m aktivit\u0101t\u0113m \u0101rpus telp\u0101m. GALVEN\u0100S \u012aPA\u0160\u012aBAS: Dab\u012bgais merino vilnas mais\u012bjums (38%) nodro\u0161ina lielisku siltuma regul\u0101ciju un komfortu Pastiprin\u0101ta [&hellip;]<\/p>\n","protected":false},"featured_media":105725,"template":"","meta":[],"product_brand":[899],"product_cat":[2922,2904],"product_tag":[5339,5342,5350],"class_list":{"0":"post-105718","1":"product","2":"type-product","3":"status-publish","4":"has-post-thumbnail","6":"product_brand-norfin","7":"product_cat-termozekes","8":"product_cat-ziemas-apgerbs","9":"product_tag-termozekes","10":"product_tag-merino-vilnas-termozekes","11":"product_tag-norfin-merino-vilnas-termozekes","13":"first","14":"instock","15":"shipping-taxable","16":"purchasable","17":"product-type-variable"},"_links":{"self":[{"href":"https:\/\/sezona.lv\/en\/wp-json\/wp\/v2\/product\/105718","targetHints":{"allow":["GET"]}}],"collection":[{"href":"https:\/\/sezona.lv\/en\/wp-json\/wp\/v2\/product"}],"about":[{"href":"https:\/\/sezona.lv\/en\/wp-json\/wp\/v2\/types\/product"}],"wp:featuredmedia":[{"embeddable":true,"href":"https:\/\/sezona.lv\/en\/wp-json\/wp\/v2\/media\/105725"}],"wp:attachment":[{"href":"https:\/\/sezona.lv\/en\/wp-json\/wp\/v2\/media?parent=105718"}],"wp:term":[{"taxonomy":"product_brand","embeddable":true,"href":"https:\/\/sezona.lv\/en\/wp-json\/wp\/v2\/product_brand?post=105718"},{"taxonomy":"product_cat","embeddable":true,"href":"https:\/\/sezona.lv\/en\/wp-json\/wp\/v2\/product_cat?post=105718"},{"taxonomy":"product_tag","embeddable":true,"href":"https:\/\/sezona.lv\/en\/wp-json\/wp\/v2\/product_tag?post=105718"}],"curies":[{"name":"wp","href":"https:\/\/api.w.org\/{rel}","templated":true}]}}