{"id":105735,"date":"2025-11-06T14:12:53","date_gmt":"2025-11-06T12:12:53","guid":{"rendered":"https:\/\/sezona.lv\/?post_type=product&#038;p=105735"},"modified":"2026-02-02T09:22:34","modified_gmt":"2026-02-02T07:22:34","slug":"termozekes-norfin-arctic-merino-extreme-crew-t4p","status":"publish","type":"product","link":"https:\/\/sezona.lv\/en\/products\/termozekes-norfin-arctic-merino-extreme-crew-t4p\/","title":{"rendered":"Termoze\u0137es Norfin ARCTIC MERINO EXTREME CREW T4P"},"content":{"rendered":"<p>Norfin ARCTIC MERINO EXTREME T4P &#8211; ar \u012bpa\u0161i augstu 75% merino vilnas saturu \u0161\u012bs specializ\u0113t\u0101s pusgar\u0101s ze\u0137es nodro\u0161ina nep\u0101rsp\u0113jamu siltumizol\u0101ciju ekstrem\u0101los ziemas apst\u0101k\u013cos.<\/p>\n<p>GALVEN\u0100S \u012aPA\u0160\u012aBAS:<\/p>\n<ul>\n<li>Augsts merino vilnas saturs (75%) nodro\u0161ina maksim\u0101lu aizsardz\u012bbu pret aukstumu.<\/li>\n<li>Mitrumu aizvado\u0161s materi\u0101lu mais\u012bjums saglab\u0101 sausumu un komfortu pat ekstrem\u0101l\u0101 aukstum\u0101<\/li>\n<li>Elast\u012bg\u0101 aug\u0161da\u013cas konstrukcija nodro\u0161ina dro\u0161u piegul\u0161anu bez spiediena saj\u016btas<\/li>\n<li>Strat\u0113\u0123iski izvietots polster\u0113jums uzlabo komfortu un siltumizol\u0101ciju tie\u0161i tur, kur tas visvair\u0101k nepiecie\u0161ams<\/li>\n<li>Materi\u0101ls &#8211; 75% Merino vilna, 20% neilons, 5% elast\u0101ns<\/li>\n<\/ul>\n<p><strong>Izm\u0113ri:\u00a0<\/strong>39-41; 42-44; 45-47.<\/p>\n<dl class=\"item-params dl-horizontal\">\n<dt>Artikuls: 304747<\/dt>\n<dt>Kr\u0101sa: Melna, pel\u0113ka<\/dt>\n<dt>Izm\u0113rs: 39-47<\/dt>\n<dt>Materi\u0101ls: 75% Merino vilna, 20% Neilons, 5% Elast\u0101ns<\/dt>\n<dt>Skaits iepakojum\u0101: P\u0101ris<\/dt>\n<dt>Temperat\u016bra: Ekstr\u0113mi auksts<\/dt>\n<dt>Aktivit\u0101tes l\u012bmenis: Zems<\/dt>\n<\/dl>\n","protected":false},"excerpt":{"rendered":"<p>Norfin ARCTIC MERINO EXTREME T4P &#8211; ar \u012bpa\u0161i augstu 75% merino vilnas saturu \u0161\u012bs specializ\u0113t\u0101s pusgar\u0101s ze\u0137es nodro\u0161ina nep\u0101rsp\u0113jamu siltumizol\u0101ciju ekstrem\u0101los ziemas apst\u0101k\u013cos. GALVEN\u0100S \u012aPA\u0160\u012aBAS: Augsts merino vilnas saturs (75%) nodro\u0161ina maksim\u0101lu aizsardz\u012bbu pret aukstumu. Mitrumu aizvado\u0161s materi\u0101lu mais\u012bjums saglab\u0101 sausumu un komfortu pat ekstrem\u0101l\u0101 aukstum\u0101 Elast\u012bg\u0101 aug\u0161da\u013cas konstrukcija nodro\u0161ina dro\u0161u piegul\u0161anu bez spiediena saj\u016btas [&hellip;]<\/p>\n","protected":false},"featured_media":105739,"template":"","meta":[],"product_brand":[899],"product_cat":[2922,2904],"product_tag":[5339,5342,5350],"class_list":{"0":"post-105735","1":"product","2":"type-product","3":"status-publish","4":"has-post-thumbnail","6":"product_brand-norfin","7":"product_cat-termozekes","8":"product_cat-ziemas-apgerbs","9":"product_tag-termozekes","10":"product_tag-merino-vilnas-termozekes","11":"product_tag-norfin-merino-vilnas-termozekes","13":"first","14":"outofstock","15":"shipping-taxable","16":"purchasable","17":"product-type-variable"},"_links":{"self":[{"href":"https:\/\/sezona.lv\/en\/wp-json\/wp\/v2\/product\/105735","targetHints":{"allow":["GET"]}}],"collection":[{"href":"https:\/\/sezona.lv\/en\/wp-json\/wp\/v2\/product"}],"about":[{"href":"https:\/\/sezona.lv\/en\/wp-json\/wp\/v2\/types\/product"}],"wp:featuredmedia":[{"embeddable":true,"href":"https:\/\/sezona.lv\/en\/wp-json\/wp\/v2\/media\/105739"}],"wp:attachment":[{"href":"https:\/\/sezona.lv\/en\/wp-json\/wp\/v2\/media?parent=105735"}],"wp:term":[{"taxonomy":"product_brand","embeddable":true,"href":"https:\/\/sezona.lv\/en\/wp-json\/wp\/v2\/product_brand?post=105735"},{"taxonomy":"product_cat","embeddable":true,"href":"https:\/\/sezona.lv\/en\/wp-json\/wp\/v2\/product_cat?post=105735"},{"taxonomy":"product_tag","embeddable":true,"href":"https:\/\/sezona.lv\/en\/wp-json\/wp\/v2\/product_tag?post=105735"}],"curies":[{"name":"wp","href":"https:\/\/api.w.org\/{rel}","templated":true}]}}