{"id":105749,"date":"2025-11-06T14:17:57","date_gmt":"2025-11-06T12:17:57","guid":{"rendered":"https:\/\/sezona.lv\/?post_type=product&#038;p=105749"},"modified":"2026-02-18T09:40:40","modified_gmt":"2026-02-18T07:40:40","slug":"termozekes-norfin-arctic-merino-heavy-long-t4m","status":"publish","type":"product","link":"https:\/\/sezona.lv\/en\/products\/termozekes-norfin-arctic-merino-heavy-long-t4m\/","title":{"rendered":"Termoze\u0137es Norfin ARCTIC MERINO HEAVY LONG T4M"},"content":{"rendered":"<p>Norfin ARCTIC MERINO HEAVY T4M ze\u0137es nodro\u0161ina izcilu aizsardz\u012bbu ekstrem\u0101los aukstuma apst\u0101k\u013cos.<br \/>\nIzstr\u0101d\u0101tas ar augstu dab\u012bg\u0101s merino vilnas saturu, \u0161\u012bs gar\u0101s ze\u0137es sniedz izcilu siltuma regul\u0101ciju, vienlaikus efekt\u012bvi p\u0101rvaldot mitrumu ilgsto\u0161as lieto\u0161anas laik\u0101.<\/p>\n<p>GALVEN\u0100S \u012aPA\u0160\u012aBAS:<\/p>\n<ul>\n<li>Dab\u012bg\u0101 merino vilna nodro\u0161ina izcilu siltuma regul\u0101ciju ekstrem\u0101l\u0101 aukstum\u0101<\/li>\n<li>Da\u017e\u0101da bl\u012bvuma polster\u0113jums uzlabo komfortu un siltuma aizsardz\u012bbu<\/li>\n<li>Pastiprin\u0101tas nodiluma zonas ilgsto\u0161ai veiktsp\u0113jai skarbos apst\u0101k\u013cos<\/li>\n<li>Materi\u0101ls &#8211; 56% Merino vilna, 24% akrils, 16% neilons, 4% elast\u0101ns<\/li>\n<\/ul>\n<p><strong>Izm\u0113ri:\u00a0<\/strong>39-41; 42-44; 45-47.<\/p>\n<dl class=\"item-params dl-horizontal\">\n<dt>Artikuls: 304745<\/dt>\n<dt>Kr\u0101sa: Pel\u0113ka<\/dt>\n<dt>Izm\u0113rs: 39-47<\/dt>\n<dt>Materi\u0101ls: 56% Merino vilna, 24% Akrils, 16% Neilons, 4% Elast\u0101ns<\/dt>\n<dt>Skaits iepakojum\u0101: P\u0101ris<\/dt>\n<dt>Temperat\u016bra: Ekstr\u0113mi auksts<\/dt>\n<dt>Aktivit\u0101tes l\u012bmenis: Vid\u0113js<\/dt>\n<\/dl>\n","protected":false},"excerpt":{"rendered":"<p>Norfin ARCTIC MERINO HEAVY T4M ze\u0137es nodro\u0161ina izcilu aizsardz\u012bbu ekstrem\u0101los aukstuma apst\u0101k\u013cos. Izstr\u0101d\u0101tas ar augstu dab\u012bg\u0101s merino vilnas saturu, \u0161\u012bs gar\u0101s ze\u0137es sniedz izcilu siltuma regul\u0101ciju, vienlaikus efekt\u012bvi p\u0101rvaldot mitrumu ilgsto\u0161as lieto\u0161anas laik\u0101. GALVEN\u0100S \u012aPA\u0160\u012aBAS: Dab\u012bg\u0101 merino vilna nodro\u0161ina izcilu siltuma regul\u0101ciju ekstrem\u0101l\u0101 aukstum\u0101 Da\u017e\u0101da bl\u012bvuma polster\u0113jums uzlabo komfortu un siltuma aizsardz\u012bbu Pastiprin\u0101tas nodiluma zonas [&hellip;]<\/p>\n","protected":false},"featured_media":105753,"template":"","meta":[],"product_brand":[899],"product_cat":[2922,2904],"product_tag":[5339,5342,5350],"class_list":{"0":"post-105749","1":"product","2":"type-product","3":"status-publish","4":"has-post-thumbnail","6":"product_brand-norfin","7":"product_cat-termozekes","8":"product_cat-ziemas-apgerbs","9":"product_tag-termozekes","10":"product_tag-merino-vilnas-termozekes","11":"product_tag-norfin-merino-vilnas-termozekes","13":"first","14":"instock","15":"shipping-taxable","16":"purchasable","17":"product-type-variable"},"_links":{"self":[{"href":"https:\/\/sezona.lv\/en\/wp-json\/wp\/v2\/product\/105749","targetHints":{"allow":["GET"]}}],"collection":[{"href":"https:\/\/sezona.lv\/en\/wp-json\/wp\/v2\/product"}],"about":[{"href":"https:\/\/sezona.lv\/en\/wp-json\/wp\/v2\/types\/product"}],"wp:featuredmedia":[{"embeddable":true,"href":"https:\/\/sezona.lv\/en\/wp-json\/wp\/v2\/media\/105753"}],"wp:attachment":[{"href":"https:\/\/sezona.lv\/en\/wp-json\/wp\/v2\/media?parent=105749"}],"wp:term":[{"taxonomy":"product_brand","embeddable":true,"href":"https:\/\/sezona.lv\/en\/wp-json\/wp\/v2\/product_brand?post=105749"},{"taxonomy":"product_cat","embeddable":true,"href":"https:\/\/sezona.lv\/en\/wp-json\/wp\/v2\/product_cat?post=105749"},{"taxonomy":"product_tag","embeddable":true,"href":"https:\/\/sezona.lv\/en\/wp-json\/wp\/v2\/product_tag?post=105749"}],"curies":[{"name":"wp","href":"https:\/\/api.w.org\/{rel}","templated":true}]}}