{"id":105763,"date":"2025-11-06T14:23:45","date_gmt":"2025-11-06T12:23:45","guid":{"rendered":"https:\/\/sezona.lv\/?post_type=product&#038;p=105763"},"modified":"2026-02-18T09:44:21","modified_gmt":"2026-02-18T07:44:21","slug":"termozekes-norfin-balance-long-t2a","status":"publish","type":"product","link":"https:\/\/sezona.lv\/en\/products\/termozekes-norfin-balance-long-t2a\/","title":{"rendered":"Termoze\u0137es Norfin BALANCE LONG T2A"},"content":{"rendered":"<p>T2A Balance Long ze\u0137es ir paredz\u0113tas augstai aktivit\u0101tei aukstos laikapst\u0101k\u013cos. Ze\u0137u piegriezums paredz\u0113ts, lai nodro\u0161in\u0101tu jums maksim\u0101lu komfortu.<\/p>\n<p><strong>Izm\u0113ri:\u00a0<\/strong>39-41; 42-44; 45-47.<\/p>\n<dl class=\"item-params dl-horizontal\">\n<dt>Artikuls: 303741<\/dt>\n<dt>Kr\u0101sa: Pel\u0113ka<\/dt>\n<dt>Izm\u0113rs: 39-47<\/dt>\n<dt>Materi\u0101ls: 35% Kokvilna, 25% Neilons, 5% Elast\u0101ns, 35% CoolMax<\/dt>\n<dt>Skaits iepakojum\u0101: P\u0101ris<\/dt>\n<dt>Temperat\u016bra: Auksts<\/dt>\n<dt>Aktivit\u0101tes l\u012bmenis: Augsts<\/dt>\n<\/dl>\n","protected":false},"excerpt":{"rendered":"<p>T2A Balance Long ze\u0137es ir paredz\u0113tas augstai aktivit\u0101tei aukstos laikapst\u0101k\u013cos. Ze\u0137u piegriezums paredz\u0113ts, lai nodro\u0161in\u0101tu jums maksim\u0101lu komfortu. Izm\u0113ri:\u00a039-41; 42-44; 45-47. Artikuls: 303741 Kr\u0101sa: Pel\u0113ka Izm\u0113rs: 39-47 Materi\u0101ls: 35% Kokvilna, 25% Neilons, 5% Elast\u0101ns, 35% CoolMax Skaits iepakojum\u0101: P\u0101ris Temperat\u016bra: Auksts Aktivit\u0101tes l\u012bmenis: Augsts<\/p>\n","protected":false},"featured_media":105768,"template":"","meta":[],"product_brand":[899],"product_cat":[2922,2904],"product_tag":[5339,5342,5350],"class_list":{"0":"post-105763","1":"product","2":"type-product","3":"status-publish","4":"has-post-thumbnail","6":"product_brand-norfin","7":"product_cat-termozekes","8":"product_cat-ziemas-apgerbs","9":"product_tag-termozekes","10":"product_tag-merino-vilnas-termozekes","11":"product_tag-norfin-merino-vilnas-termozekes","13":"first","14":"instock","15":"sale","16":"shipping-taxable","17":"purchasable","18":"product-type-variable"},"_links":{"self":[{"href":"https:\/\/sezona.lv\/en\/wp-json\/wp\/v2\/product\/105763","targetHints":{"allow":["GET"]}}],"collection":[{"href":"https:\/\/sezona.lv\/en\/wp-json\/wp\/v2\/product"}],"about":[{"href":"https:\/\/sezona.lv\/en\/wp-json\/wp\/v2\/types\/product"}],"wp:featuredmedia":[{"embeddable":true,"href":"https:\/\/sezona.lv\/en\/wp-json\/wp\/v2\/media\/105768"}],"wp:attachment":[{"href":"https:\/\/sezona.lv\/en\/wp-json\/wp\/v2\/media?parent=105763"}],"wp:term":[{"taxonomy":"product_brand","embeddable":true,"href":"https:\/\/sezona.lv\/en\/wp-json\/wp\/v2\/product_brand?post=105763"},{"taxonomy":"product_cat","embeddable":true,"href":"https:\/\/sezona.lv\/en\/wp-json\/wp\/v2\/product_cat?post=105763"},{"taxonomy":"product_tag","embeddable":true,"href":"https:\/\/sezona.lv\/en\/wp-json\/wp\/v2\/product_tag?post=105763"}],"curies":[{"name":"wp","href":"https:\/\/api.w.org\/{rel}","templated":true}]}}