{"id":105780,"date":"2025-11-06T14:30:02","date_gmt":"2025-11-06T12:30:02","guid":{"rendered":"https:\/\/sezona.lv\/?post_type=product&#038;p=105780"},"modified":"2025-11-06T14:33:00","modified_gmt":"2025-11-06T12:33:00","slug":"termozekes-norfin-balance-middle-t2m","status":"publish","type":"product","link":"https:\/\/sezona.lv\/en\/products\/termozekes-norfin-balance-middle-t2m\/","title":{"rendered":"Termoze\u0137es Norfin BALANCE MIDDLE T2M"},"content":{"rendered":"<p>T2M Balance Middle \u0161uvums nodro\u0161in\u0101s, ka ze\u0137e vienm\u0113r lieliski piegul\u0113s k\u0101jai. Ze\u0137es izgatavotas no akrila, poliestera un elast\u0101na, t\u0101d\u0113\u013c ze\u0137es maksim\u0101li efekt\u012bvi saglab\u0101s \u0137erme\u0146a siltumu, izvad\u012bs lieko mitrumu un piegul\u0113s k\u0101jai, pat pie akt\u012bv\u0101k\u0101m darb\u012bb\u0101m.<\/p>\n<p><strong>Izm\u0113ri:\u00a0<\/strong>39-41; 42-44; 45-47.<\/p>\n<dl class=\"item-params dl-horizontal\">\n<dt>Artikuls: 303742<\/dt>\n<dt>Kr\u0101sa: Pel\u0113ka<\/dt>\n<dt>Izm\u0113rs: 39-47<\/dt>\n<dt>Materi\u0101ls: 80% Akrils, 5% Elast\u0101ns, 15% Poliesters<\/dt>\n<dt>Skaits iepakojum\u0101: P\u0101ris<\/dt>\n<dt>Temperat\u016bra: Auksts<\/dt>\n<dt>Aktivit\u0101tes l\u012bmenis: Vid\u0113js<\/dt>\n<\/dl>\n","protected":false},"excerpt":{"rendered":"<p>T2M Balance Middle \u0161uvums nodro\u0161in\u0101s, ka ze\u0137e vienm\u0113r lieliski piegul\u0113s k\u0101jai. Ze\u0137es izgatavotas no akrila, poliestera un elast\u0101na, t\u0101d\u0113\u013c ze\u0137es maksim\u0101li efekt\u012bvi saglab\u0101s \u0137erme\u0146a siltumu, izvad\u012bs lieko mitrumu un piegul\u0113s k\u0101jai, pat pie akt\u012bv\u0101k\u0101m darb\u012bb\u0101m. Izm\u0113ri:\u00a039-41; 42-44; 45-47. Artikuls: 303742 Kr\u0101sa: Pel\u0113ka Izm\u0113rs: 39-47 Materi\u0101ls: 80% Akrils, 5% Elast\u0101ns, 15% Poliesters Skaits iepakojum\u0101: P\u0101ris Temperat\u016bra: [&hellip;]<\/p>\n","protected":false},"featured_media":105784,"template":"","meta":[],"product_brand":[899],"product_cat":[2922,2904],"product_tag":[5339,5342,5350],"class_list":{"0":"post-105780","1":"product","2":"type-product","3":"status-publish","4":"has-post-thumbnail","6":"product_brand-norfin","7":"product_cat-termozekes","8":"product_cat-ziemas-apgerbs","9":"product_tag-termozekes","10":"product_tag-merino-vilnas-termozekes","11":"product_tag-norfin-merino-vilnas-termozekes","13":"first","14":"instock","15":"shipping-taxable","16":"purchasable","17":"product-type-variable"},"_links":{"self":[{"href":"https:\/\/sezona.lv\/en\/wp-json\/wp\/v2\/product\/105780","targetHints":{"allow":["GET"]}}],"collection":[{"href":"https:\/\/sezona.lv\/en\/wp-json\/wp\/v2\/product"}],"about":[{"href":"https:\/\/sezona.lv\/en\/wp-json\/wp\/v2\/types\/product"}],"wp:featuredmedia":[{"embeddable":true,"href":"https:\/\/sezona.lv\/en\/wp-json\/wp\/v2\/media\/105784"}],"wp:attachment":[{"href":"https:\/\/sezona.lv\/en\/wp-json\/wp\/v2\/media?parent=105780"}],"wp:term":[{"taxonomy":"product_brand","embeddable":true,"href":"https:\/\/sezona.lv\/en\/wp-json\/wp\/v2\/product_brand?post=105780"},{"taxonomy":"product_cat","embeddable":true,"href":"https:\/\/sezona.lv\/en\/wp-json\/wp\/v2\/product_cat?post=105780"},{"taxonomy":"product_tag","embeddable":true,"href":"https:\/\/sezona.lv\/en\/wp-json\/wp\/v2\/product_tag?post=105780"}],"curies":[{"name":"wp","href":"https:\/\/api.w.org\/{rel}","templated":true}]}}