{"id":105797,"date":"2025-11-06T14:35:15","date_gmt":"2025-11-06T12:35:15","guid":{"rendered":"https:\/\/sezona.lv\/?post_type=product&#038;p=105797"},"modified":"2025-11-06T14:37:25","modified_gmt":"2025-11-06T12:37:25","slug":"termozekes-norfin-balance-wool-t2p","status":"publish","type":"product","link":"https:\/\/sezona.lv\/en\/products\/termozekes-norfin-balance-wool-t2p\/","title":{"rendered":"Termoze\u0137es Norfin BALANCE WOOL T2P"},"content":{"rendered":"<p>Ze\u0137es kur\u0101s j\u016bsu k\u0101jas vienm\u0113r b\u016bs sausas un siltas. M\u012bkstais materi\u0101ls nodro\u0161in\u0101s patst\u0101v\u012bgu komfortu.<\/p>\n<p><strong>Izm\u0113ri:\u00a0<\/strong>39-41; 42-44; 45-47.<\/p>\n<dl class=\"item-params dl-horizontal\">\n<dt>Artikuls: 303743<\/dt>\n<dt>Kr\u0101sa: Melna<\/dt>\n<dt>Izm\u0113rs: 39-47<\/dt>\n<dt>Materi\u0101ls: 12% Merino vilna, 65% Akrils, 20% Poliesters, 3% Elast\u0101ns<\/dt>\n<dt>Skaits iepakojum\u0101: P\u0101ris<\/dt>\n<dt>Temperat\u016bra: Auksts<\/dt>\n<dt>Aktivit\u0101tes l\u012bmenis: Zems<\/dt>\n<\/dl>\n","protected":false},"excerpt":{"rendered":"<p>Ze\u0137es kur\u0101s j\u016bsu k\u0101jas vienm\u0113r b\u016bs sausas un siltas. M\u012bkstais materi\u0101ls nodro\u0161in\u0101s patst\u0101v\u012bgu komfortu. Izm\u0113ri:\u00a039-41; 42-44; 45-47. Artikuls: 303743 Kr\u0101sa: Melna Izm\u0113rs: 39-47 Materi\u0101ls: 12% Merino vilna, 65% Akrils, 20% Poliesters, 3% Elast\u0101ns Skaits iepakojum\u0101: P\u0101ris Temperat\u016bra: Auksts Aktivit\u0101tes l\u012bmenis: Zems<\/p>\n","protected":false},"featured_media":105801,"template":"","meta":[],"product_brand":[899],"product_cat":[2922,2904],"product_tag":[5339,5342,5350],"class_list":{"0":"post-105797","1":"product","2":"type-product","3":"status-publish","4":"has-post-thumbnail","6":"product_brand-norfin","7":"product_cat-termozekes","8":"product_cat-ziemas-apgerbs","9":"product_tag-termozekes","10":"product_tag-merino-vilnas-termozekes","11":"product_tag-norfin-merino-vilnas-termozekes","13":"first","14":"instock","15":"shipping-taxable","16":"purchasable","17":"product-type-variable"},"_links":{"self":[{"href":"https:\/\/sezona.lv\/en\/wp-json\/wp\/v2\/product\/105797","targetHints":{"allow":["GET"]}}],"collection":[{"href":"https:\/\/sezona.lv\/en\/wp-json\/wp\/v2\/product"}],"about":[{"href":"https:\/\/sezona.lv\/en\/wp-json\/wp\/v2\/types\/product"}],"wp:featuredmedia":[{"embeddable":true,"href":"https:\/\/sezona.lv\/en\/wp-json\/wp\/v2\/media\/105801"}],"wp:attachment":[{"href":"https:\/\/sezona.lv\/en\/wp-json\/wp\/v2\/media?parent=105797"}],"wp:term":[{"taxonomy":"product_brand","embeddable":true,"href":"https:\/\/sezona.lv\/en\/wp-json\/wp\/v2\/product_brand?post=105797"},{"taxonomy":"product_cat","embeddable":true,"href":"https:\/\/sezona.lv\/en\/wp-json\/wp\/v2\/product_cat?post=105797"},{"taxonomy":"product_tag","embeddable":true,"href":"https:\/\/sezona.lv\/en\/wp-json\/wp\/v2\/product_tag?post=105797"}],"curies":[{"name":"wp","href":"https:\/\/api.w.org\/{rel}","templated":true}]}}