{"id":105943,"date":"2025-11-10T08:54:54","date_gmt":"2025-11-10T06:54:54","guid":{"rendered":"https:\/\/sezona.lv\/?post_type=product&#038;p=105943"},"modified":"2025-11-10T09:00:59","modified_gmt":"2025-11-10T07:00:59","slug":"juras-makskere-baltic-tele-surf-100-300g-copy-copy","status":"publish","type":"product","link":"https:\/\/sezona.lv\/en\/products\/juras-makskere-baltic-tele-surf-100-300g-copy-copy\/","title":{"rendered":"J\u016bras mak\u0161\u0137ere BALTIC TELE SURF 100 &#8211; 300g (Copy) (Copy)"},"content":{"rendered":"<p>Jaud\u012bga j\u016bras mak&scaron;\u0137ere, piem\u0113rota j\u016bras mak&scaron;\u0137er\u0113&scaron;anai no krasta.<\/p>\n<dt>Svars: 500 g<\/dt>\n<dt>Tests: 100-300 g<\/dt>\n<dt>Garums: 4.20 m<\/dt>\n<dt>Sekciju skaits: 5<\/dt>\n<dt>Transport\u0113jamais garums: 130 cm<\/dt>\n<dd><\/dd>\n","protected":false},"excerpt":{"rendered":"<p>Jaud\u012bga j\u016bras mak&scaron;\u0137ere, piem\u0113rota j\u016bras mak&scaron;\u0137er\u0113&scaron;anai no krasta. Svars: 500 g Tests: 100-300 g Garums: 4.20 m Sekciju skaits: 5 Transport\u0113jamais garums: 130 cm<\/p>\n","protected":false},"featured_media":105944,"template":"","meta":[],"product_brand":[894],"product_cat":[4538,4540,4563,4564],"product_tag":[],"class_list":{"0":"post-105943","1":"product","2":"type-product","3":"status-publish","4":"has-post-thumbnail","6":"product_brand-salmo","7":"product_cat-fishing-equipment-recreation","8":"product_cat-fishing-rods-fishing-equipment-recreation","9":"product_cat-sets-fishing-equipment-recreation","10":"product_cat-lures-fishing-equipment-recreation","12":"first","13":"instock","14":"sale","15":"shipping-taxable","16":"purchasable","17":"product-type-simple"},"_links":{"self":[{"href":"https:\/\/sezona.lv\/en\/wp-json\/wp\/v2\/product\/105943","targetHints":{"allow":["GET"]}}],"collection":[{"href":"https:\/\/sezona.lv\/en\/wp-json\/wp\/v2\/product"}],"about":[{"href":"https:\/\/sezona.lv\/en\/wp-json\/wp\/v2\/types\/product"}],"wp:featuredmedia":[{"embeddable":true,"href":"https:\/\/sezona.lv\/en\/wp-json\/wp\/v2\/media\/105944"}],"wp:attachment":[{"href":"https:\/\/sezona.lv\/en\/wp-json\/wp\/v2\/media?parent=105943"}],"wp:term":[{"taxonomy":"product_brand","embeddable":true,"href":"https:\/\/sezona.lv\/en\/wp-json\/wp\/v2\/product_brand?post=105943"},{"taxonomy":"product_cat","embeddable":true,"href":"https:\/\/sezona.lv\/en\/wp-json\/wp\/v2\/product_cat?post=105943"},{"taxonomy":"product_tag","embeddable":true,"href":"https:\/\/sezona.lv\/en\/wp-json\/wp\/v2\/product_tag?post=105943"}],"curies":[{"name":"wp","href":"https:\/\/api.w.org\/{rel}","templated":true}]}}