{"id":105956,"date":"2025-11-11T09:10:29","date_gmt":"2025-11-11T07:10:29","guid":{"rendered":"https:\/\/sezona.lv\/?post_type=product&#038;p=105956"},"modified":"2025-11-13T12:31:25","modified_gmt":"2025-11-13T10:31:25","slug":"ziemas-kostims-penn-fierce-thermo-suit-15c","status":"publish","type":"product","link":"https:\/\/sezona.lv\/en\/products\/ziemas-kostims-penn-fierce-thermo-suit-15c\/","title":{"rendered":"Ziemas kost\u012bms Penn Fierce Thermo Suit -15C"},"content":{"rendered":"<p>\u0160is divda\u013c\u012bgais t\u0113rps saglab\u0101s j\u016bs siltu un sausu pat visslikt\u0101kajos v\u0113ja, lietus un aukstuma apst\u0101k\u013cos. Neatkar\u012bgi no t\u0101, vai mak\u0161\u0137er\u0113jat no laivas, piest\u0101tnes vai pat krasta, \u0161is t\u0113rps pasarg\u0101s j\u016bs no dabas stihij\u0101m un nodro\u0161in\u0101s, ka jums nevajadz\u0113s uztraukties par siltumu.<\/p>\n<p>\u012apa\u0161\u012bbas:<\/p>\n<p>Pongee audums, 100 % poliesters ar PVC p\u0101rkl\u0101jumu, 8000 mm;<br \/>\nMikrofl\u012bsa odere, 100 % poliesters;<br \/>\n160 g\/m\u00b2 poliestera pild\u012bjums;<br \/>\nNo\u0146emama kapuce;<br \/>\nLielas priek\u0161\u0113j\u0101s kabatas ar r\u0101v\u0113jsl\u0113dz\u0113ju, odere no silt\u0101 fl\u012bsa;<br \/>\nKr\u016b\u0161u kabata ar \u016bdens atgr\u016bdo\u0161u r\u0101v\u0113jsl\u0113dz\u0113ju;<br \/>\nRegul\u0113jamas aproces ar ribotu iek\u0161\u0113jo aproci;<br \/>\nElast\u012bgas, regul\u0113jamas lenc\u012btes;<br \/>\nDivas odere, kabatas ar r\u0101v\u0113jsl\u0113dz\u0113ju;<br \/>\nDivvirzienu r\u0101v\u0113jsl\u0113dz\u0113js priek\u0161\u0101;<br \/>\nGari r\u0101v\u0113jsl\u0113dz\u0113ji biks\u0113s un regul\u0113jamu Velcro lenti;<br \/>\n100 % poliesters.<\/p>\n<p>Izm\u0113ri: M, L, XL, XXL, XXXL<\/p>\n","protected":false},"excerpt":{"rendered":"<p><img loading=\"lazy\" decoding=\"async\" class=\"alignnone size-medium wp-image-104404\" src=\"https:\/\/sezona.lv\/wp-content\/uploads\/2025\/10\/Prologic-izmeru-tabula-1-300x91.jpg\" alt=\"\" width=\"300\" height=\"91\" srcset=\"https:\/\/sezona.lv\/wp-content\/uploads\/2025\/10\/Prologic-izmeru-tabula-1-300x91.jpg 300w, https:\/\/sezona.lv\/wp-content\/uploads\/2025\/10\/Prologic-izmeru-tabula-1-150x46.jpg 150w, https:\/\/sezona.lv\/wp-content\/uploads\/2025\/10\/Prologic-izmeru-tabula-1.jpg 630w\" sizes=\"auto, (max-width: 300px) 100vw, 300px\" \/><\/p>\n","protected":false},"featured_media":105962,"template":"","meta":[],"product_brand":[5365],"product_cat":[3278,5366],"product_tag":[5368,5369,5370],"class_list":{"0":"post-105956","1":"product","2":"type-product","3":"status-publish","4":"has-post-thumbnail","6":"product_brand-penn","7":"product_cat-ziemas-makskeresanas-kostimi","8":"product_cat-penn-kostimi","9":"product_tag-ziemas-kostims","10":"product_tag-ziemas-kostims-penn","11":"product_tag-penn","13":"first","14":"instock","15":"sale","16":"shipping-taxable","17":"purchasable","18":"product-type-variable"},"_links":{"self":[{"href":"https:\/\/sezona.lv\/en\/wp-json\/wp\/v2\/product\/105956","targetHints":{"allow":["GET"]}}],"collection":[{"href":"https:\/\/sezona.lv\/en\/wp-json\/wp\/v2\/product"}],"about":[{"href":"https:\/\/sezona.lv\/en\/wp-json\/wp\/v2\/types\/product"}],"wp:featuredmedia":[{"embeddable":true,"href":"https:\/\/sezona.lv\/en\/wp-json\/wp\/v2\/media\/105962"}],"wp:attachment":[{"href":"https:\/\/sezona.lv\/en\/wp-json\/wp\/v2\/media?parent=105956"}],"wp:term":[{"taxonomy":"product_brand","embeddable":true,"href":"https:\/\/sezona.lv\/en\/wp-json\/wp\/v2\/product_brand?post=105956"},{"taxonomy":"product_cat","embeddable":true,"href":"https:\/\/sezona.lv\/en\/wp-json\/wp\/v2\/product_cat?post=105956"},{"taxonomy":"product_tag","embeddable":true,"href":"https:\/\/sezona.lv\/en\/wp-json\/wp\/v2\/product_tag?post=105956"}],"curies":[{"name":"wp","href":"https:\/\/api.w.org\/{rel}","templated":true}]}}