{"id":105977,"date":"2025-11-11T13:37:02","date_gmt":"2025-11-11T11:37:02","guid":{"rendered":"https:\/\/sezona.lv\/?post_type=product&#038;p=105977"},"modified":"2026-01-19T08:12:00","modified_gmt":"2026-01-19T06:12:00","slug":"ziemas-kostims-dam-o-t-t-20%d1%81","status":"publish","type":"product","link":"https:\/\/sezona.lv\/en\/products\/ziemas-kostims-dam-o-t-t-20%d1%81\/","title":{"rendered":"Ziemas kost\u012bms DAM O.T.T.-20\u00b0\u0421"},"content":{"rendered":"<p>Ziemas kost\u012bms DAM OTT -20C.<\/p>\n<p>\u0160is stil\u012bgais termokost\u012bms ir paredz\u0113ts smagiem mak\u0161\u0137er\u0113\u0161anas apst\u0101k\u013ciem jebkuros laika apst\u0101k\u013cos un pal\u012bdz\u0113s jums p\u0101rsp\u0113t konkurentus. \u0160is super siltais ziemas kost\u012bms apvieno iztur\u012bgu \u016bdens atgr\u016bdo\u0161u \u0101r\u0113jo audumu ar izcilu izol\u0101ciju un m\u012bkstu poliestera fl\u012bsa oderi, lai nodro\u0161in\u0101tu, ka j\u016bs paliksiet silts, sauss un \u0113rts visas mak\u0161\u0137er\u0113\u0161anas dienas garum\u0101. Pievienojiet da\u017eas praktiskas kabatas, regul\u0113jamu kapuci un r\u0101v\u0113jsl\u0113dz\u0113jus uz k\u0101j\u0101m, lai nodro\u0161in\u0101tu vieglu piek\u013cuvi, un j\u016bs ieg\u016bsiet kost\u012bmu, kuru ar prieku valk\u0101siet stund\u0101m ilgi.<\/p>\n<p>\u2022\u013boti silts ziemas t\u0113rps ar izcilu siltumizol\u0101ciju;<\/p>\n<p>\u2022Iztur\u012bgs \u0101r\u0113jais audums, 100% poliesters, mikrofibra;<\/p>\n<p>\u20228000 mm \u016bdensiztur\u012bba;<\/p>\n<p>\u2022160 g\/m\u00b2 100% poliesters polster\u0113jums;<\/p>\n<p>\u2022DWR apdare, kas nodro\u0161ina \u016bdens atgr\u016bdo\u0161u apdari;<\/p>\n<p>\u2022M\u012bksta, 100% poliestera fl\u012bsa odere, kas nodro\u0161ina papildu siltumu;<\/p>\n<p>\u2022Silta un regul\u0113jama kapuce;<\/p>\n<p>\u2022Praktiskas kabatas;<\/p>\n<p>\u2022Gar\u0161 r\u0101v\u0113jsl\u0113dz\u0113js biks\u0113m, kas nodro\u0161ina \u0113rtu piek\u013cuvi.<\/p>\n<p>Izm\u0113ri: M, L, XL, XXL, XXXL<\/p>\n","protected":false},"excerpt":{"rendered":"<p><img loading=\"lazy\" decoding=\"async\" class=\"alignnone size-medium wp-image-104404\" src=\"https:\/\/sezona.lv\/wp-content\/uploads\/2025\/10\/Prologic-izmeru-tabula-1-300x91.jpg\" alt=\"\" width=\"300\" height=\"91\" srcset=\"https:\/\/sezona.lv\/wp-content\/uploads\/2025\/10\/Prologic-izmeru-tabula-1-300x91.jpg 300w, https:\/\/sezona.lv\/wp-content\/uploads\/2025\/10\/Prologic-izmeru-tabula-1-150x46.jpg 150w, https:\/\/sezona.lv\/wp-content\/uploads\/2025\/10\/Prologic-izmeru-tabula-1.jpg 630w\" sizes=\"auto, (max-width: 300px) 100vw, 300px\" \/><\/p>\n","protected":false},"featured_media":105983,"template":"","meta":[],"product_brand":[5308],"product_cat":[3278,3331],"product_tag":[5367,5368],"class_list":{"0":"post-105977","1":"product","2":"type-product","3":"status-publish","4":"has-post-thumbnail","6":"product_brand-dam","7":"product_cat-ziemas-makskeresanas-kostimi","8":"product_cat-dam-kostimi","9":"product_tag-ziemas-kostims-dam","10":"product_tag-ziemas-kostims","12":"first","13":"outofstock","14":"shipping-taxable","15":"purchasable","16":"product-type-variable"},"_links":{"self":[{"href":"https:\/\/sezona.lv\/en\/wp-json\/wp\/v2\/product\/105977","targetHints":{"allow":["GET"]}}],"collection":[{"href":"https:\/\/sezona.lv\/en\/wp-json\/wp\/v2\/product"}],"about":[{"href":"https:\/\/sezona.lv\/en\/wp-json\/wp\/v2\/types\/product"}],"wp:featuredmedia":[{"embeddable":true,"href":"https:\/\/sezona.lv\/en\/wp-json\/wp\/v2\/media\/105983"}],"wp:attachment":[{"href":"https:\/\/sezona.lv\/en\/wp-json\/wp\/v2\/media?parent=105977"}],"wp:term":[{"taxonomy":"product_brand","embeddable":true,"href":"https:\/\/sezona.lv\/en\/wp-json\/wp\/v2\/product_brand?post=105977"},{"taxonomy":"product_cat","embeddable":true,"href":"https:\/\/sezona.lv\/en\/wp-json\/wp\/v2\/product_cat?post=105977"},{"taxonomy":"product_tag","embeddable":true,"href":"https:\/\/sezona.lv\/en\/wp-json\/wp\/v2\/product_tag?post=105977"}],"curies":[{"name":"wp","href":"https:\/\/api.w.org\/{rel}","templated":true}]}}