{"id":106186,"date":"2025-11-21T08:16:12","date_gmt":"2025-11-21T06:16:12","guid":{"rendered":"https:\/\/sezona.lv\/?post_type=product&#038;p=106186"},"modified":"2025-11-21T08:20:08","modified_gmt":"2025-11-21T06:20:08","slug":"origin-outdoors-sausais-spirts-solid-fuel-12x14g-copy","status":"publish","type":"product","link":"https:\/\/sezona.lv\/en\/products\/origin-outdoors-sausais-spirts-solid-fuel-12x14g-copy\/","title":{"rendered":"ORIGIN OUTDOORS Sausais spirts Solid Fuel 12X14g (Copy)"},"content":{"rendered":"<div class=\"rte\">\n<p><span>Saus\u0101 spirta tabletes, kas ir paredz\u0113tas lieto&scaron;anai ar saus\u0101 spirta degl\u012b&scaron;iem. &Scaron;\u012bs tabletes ir paredz\u0113tas gan saus\u0101 spirta degl\u012b&scaron;iem, gan ar\u012b uguns iekur&scaron;anai ugunskuriem.<\/span><\/p>\n<h4>Specifik\u0101cija:<\/h4>\n<p><strong>Vienas tabletes svars<\/strong>: 14 grami<br \/><strong>Iepakojum\u0101<\/strong>: 12 tabletes<\/p>\n<\/div>\n","protected":false},"excerpt":{"rendered":"<p>Saus\u0101 spirta tabletes, kas ir paredz\u0113tas lieto&scaron;anai ar saus\u0101 spirta degl\u012b&scaron;iem. &Scaron;\u012bs tabletes ir paredz\u0113tas gan saus\u0101 spirta degl\u012b&scaron;iem, gan ar\u012b uguns iekur&scaron;anai ugunskuriem. Specifik\u0101cija: Vienas tabletes svars: 14 gramiIepakojum\u0101: 12 tabletes<\/p>\n","protected":false},"featured_media":106187,"template":"","meta":[],"product_brand":[],"product_cat":[4558,5057],"product_tag":[],"class_list":{"0":"post-106186","1":"product","2":"type-product","3":"status-publish","4":"has-post-thumbnail","6":"product_cat-for-tourism-recreation","7":"product_cat-survival-for-tourism-recreation","9":"first","10":"instock","11":"shipping-taxable","12":"purchasable","13":"product-type-simple"},"_links":{"self":[{"href":"https:\/\/sezona.lv\/en\/wp-json\/wp\/v2\/product\/106186","targetHints":{"allow":["GET"]}}],"collection":[{"href":"https:\/\/sezona.lv\/en\/wp-json\/wp\/v2\/product"}],"about":[{"href":"https:\/\/sezona.lv\/en\/wp-json\/wp\/v2\/types\/product"}],"wp:featuredmedia":[{"embeddable":true,"href":"https:\/\/sezona.lv\/en\/wp-json\/wp\/v2\/media\/106187"}],"wp:attachment":[{"href":"https:\/\/sezona.lv\/en\/wp-json\/wp\/v2\/media?parent=106186"}],"wp:term":[{"taxonomy":"product_brand","embeddable":true,"href":"https:\/\/sezona.lv\/en\/wp-json\/wp\/v2\/product_brand?post=106186"},{"taxonomy":"product_cat","embeddable":true,"href":"https:\/\/sezona.lv\/en\/wp-json\/wp\/v2\/product_cat?post=106186"},{"taxonomy":"product_tag","embeddable":true,"href":"https:\/\/sezona.lv\/en\/wp-json\/wp\/v2\/product_tag?post=106186"}],"curies":[{"name":"wp","href":"https:\/\/api.w.org\/{rel}","templated":true}]}}