{"id":106224,"date":"2025-11-21T08:58:29","date_gmt":"2025-11-21T06:58:29","guid":{"rendered":"https:\/\/sezona.lv\/?post_type=product&#038;p=106224"},"modified":"2025-11-21T09:13:27","modified_gmt":"2025-11-21T07:13:27","slug":"saliekamas-nestuves-aluminija-bcb","status":"publish","type":"product","link":"https:\/\/sezona.lv\/en\/products\/saliekamas-nestuves-aluminija-bcb\/","title":{"rendered":"Saliekam\u0101s nestuves alum\u012bnija BCB"},"content":{"rendered":"<p>Divk\u0101r\u0161u stie\u0146u nestuves ir ide\u0101li piem\u0113rots lieto\u0161anai situ\u0101cij\u0101s, kad nepiecie\u0161ama \u0101tra un dro\u0161a pacienta evaku\u0101cija.<\/p>\n<p>T\u0101s ir izgatavotas no augstas iztur\u012bbas alum\u012bnija sakaus\u0113juma ar \u016bdensiztur\u012bgu, pretplais\u0101\u0161anu apstr\u0101d\u0101tu oran\u017eu vinila audumu.<\/p>\n<p>T\u0101s ir piem\u0113rots lieto\u0161anai \u0101tr\u0101s pal\u012bdz\u012bbas brig\u0101d\u0113m, slimn\u012bc\u0101s, sporta centros un milit\u0101r\u0101s vid\u0113s.<\/p>\n<p>Viegli p\u0101rn\u0113s\u0101jamas un uzglab\u0101jamas, jo salok\u0101mas gan horizont\u0101li, gan vertik\u0101li.<br \/>\nStandarta apr\u012bkojum\u0101 ir divas pacientu nostiprin\u0101\u0161anas siksnas maksim\u0101lam atbalstam.<br \/>\nStie\u0146i izgatavoti no viegla alum\u012bnija, lai tos var\u0113tu viegli pacelt.<br \/>\nOran\u017eais vinila audums ir necaurlaid\u012bgs pret traipiem un pel\u0113jumu, t\u0101d\u0113\u013c to viegli kopj un uztur.<br \/>\nNesl\u012bdo\u0161as plastmasas rokturi.<br \/>\nPapildu atbalstu nodro\u0161ina izple\u0161an\u0101s stie\u0146i.<br \/>\nStiprin\u0101juma k\u0101ji\u0146as pac\u0113la cietu\u0161o no zemes un pal\u012bdz\u0113ja s\u0101kotn\u0113j\u0101 pacel\u0161an\u0101.<br \/>\nKomplekt\u0101 iek\u013cauta p\u0101rn\u0113s\u0101\u0161anas soma.<\/p>\n<p>Atbilst sekojo\u0161iem standartiem: EN ISO 14971: 2012, EN ISO 15223-1: 2016<br \/>\nISO 10993-1: 2018, EN ISO 10993-5: 2009, EN ISO 10993-10: 2013, EN 1041: 2008, EN 62366-1 :2015<\/p>\n<p>Izm\u0113rs (garums x platums x augstums): 206 x 55 x 13 cm<br \/>\nIzm\u0113rs salikt\u0101 veid\u0101 (garums x platums x augstums): 103 x 18 x 9 cm<br \/>\nKartona iepakojuma izm\u0113rs (garums x platums x augstums): 108 x 19 x 10 cm<br \/>\nSvars: 5 kg<br \/>\nBruto svars: 6 kg<br \/>\nCeltsp\u0113ja: l\u012bdz 159 kg<\/p>\n","protected":false},"excerpt":{"rendered":"<p>Divk\u0101r\u0161u stie\u0146u nestuves ir ide\u0101li piem\u0113rots lieto\u0161anai situ\u0101cij\u0101s, kad nepiecie\u0161ama \u0101tra un dro\u0161a pacienta evaku\u0101cija. T\u0101s ir izgatavotas no augstas iztur\u012bbas alum\u012bnija sakaus\u0113juma ar \u016bdensiztur\u012bgu, pretplais\u0101\u0161anu apstr\u0101d\u0101tu oran\u017eu vinila audumu. T\u0101s ir piem\u0113rots lieto\u0161anai \u0101tr\u0101s pal\u012bdz\u012bbas brig\u0101d\u0113m, slimn\u012bc\u0101s, sporta centros un milit\u0101r\u0101s vid\u0113s. Viegli p\u0101rn\u0113s\u0101jamas un uzglab\u0101jamas, jo salok\u0101mas gan horizont\u0101li, gan vertik\u0101li. Standarta apr\u012bkojum\u0101 [&hellip;]<\/p>\n","protected":false},"featured_media":106225,"template":"","meta":[],"product_brand":[3442],"product_cat":[3342],"product_tag":[5414,5415,5416,5417],"class_list":{"0":"post-106224","1":"product","2":"type-product","3":"status-publish","4":"has-post-thumbnail","6":"product_brand-bcb","7":"product_cat-izdzivosanai","8":"product_tag-saliekamas-nestuves-aluminija-bcb","9":"product_tag-saliekamas-nestuves-aluminija","10":"product_tag-saliekamas-nestuves","11":"product_tag-aluminija-saliekamas-nestuves","13":"first","14":"instock","15":"sale","16":"shipping-taxable","17":"purchasable","18":"product-type-simple"},"_links":{"self":[{"href":"https:\/\/sezona.lv\/en\/wp-json\/wp\/v2\/product\/106224","targetHints":{"allow":["GET"]}}],"collection":[{"href":"https:\/\/sezona.lv\/en\/wp-json\/wp\/v2\/product"}],"about":[{"href":"https:\/\/sezona.lv\/en\/wp-json\/wp\/v2\/types\/product"}],"wp:featuredmedia":[{"embeddable":true,"href":"https:\/\/sezona.lv\/en\/wp-json\/wp\/v2\/media\/106225"}],"wp:attachment":[{"href":"https:\/\/sezona.lv\/en\/wp-json\/wp\/v2\/media?parent=106224"}],"wp:term":[{"taxonomy":"product_brand","embeddable":true,"href":"https:\/\/sezona.lv\/en\/wp-json\/wp\/v2\/product_brand?post=106224"},{"taxonomy":"product_cat","embeddable":true,"href":"https:\/\/sezona.lv\/en\/wp-json\/wp\/v2\/product_cat?post=106224"},{"taxonomy":"product_tag","embeddable":true,"href":"https:\/\/sezona.lv\/en\/wp-json\/wp\/v2\/product_tag?post=106224"}],"curies":[{"name":"wp","href":"https:\/\/api.w.org\/{rel}","templated":true}]}}