{"id":106387,"date":"2025-11-24T10:36:27","date_gmt":"2025-11-24T08:36:27","guid":{"rendered":"https:\/\/sezona.lv\/?post_type=product&#038;p=106387"},"modified":"2025-11-24T10:38:20","modified_gmt":"2025-11-24T08:38:20","slug":"mil-tec-nerusejosa-terauda-trauku-komplekts-1-pers-14646000-copy","status":"publish","type":"product","link":"https:\/\/sezona.lv\/en\/products\/mil-tec-nerusejosa-terauda-trauku-komplekts-1-pers-14646000-copy\/","title":{"rendered":"Mil Tec ner\u016bs\u0113jo\u0161\u0101 t\u0113rauda trauku komplekts (1 pers) 14646000 (Copy)"},"content":{"rendered":"<p>Mil Tec ner\u016bs\u0113jo&scaron;\u0101 t\u0113rauda trauku komplekts (1 pers) 14646000.<\/p>\n<p><p class=\"MsoNormal\"><span>Dishes: Stainless Steel<\/span><span><br \/> <span>Cup: Polyethylene<\/span><br \/> <span>Weight: ca. 440 g<\/span><\/p>\n<p> <span>&#8211; 1 pan with grip<\/span><br \/> <span>&#8211; 1 pot with top<\/span><br \/> <span>&#8211; 1 plate (pan top)<\/span><br \/> <span>&#8211; 1 plastic cup<\/span><\/span><\/p><\/p>\n","protected":false},"excerpt":{"rendered":"<p>Mil Tec ner\u016bs\u0113jo&scaron;\u0101 t\u0113rauda trauku komplekts (1 pers) 14646000. Dishes: Stainless Steel Cup: Polyethylene Weight: ca. 440 g &#8211; 1 pan with grip &#8211; 1 pot with top &#8211; 1 plate (pan top) &#8211; 1 plastic cup<\/p>\n","protected":false},"featured_media":106388,"template":"","meta":[],"product_brand":[3390],"product_cat":[4558,4571,4736],"product_tag":[],"class_list":{"0":"post-106387","1":"product","2":"type-product","3":"status-publish","4":"has-post-thumbnail","6":"product_brand-mil-tec","7":"product_cat-for-tourism-recreation","8":"product_cat-dishes-knives-folding-tables-for-tourism-recreation","9":"product_cat-stainless-steel-dishes-dishes-knives-folding-tables-for-tourism-recreation","11":"first","12":"instock","13":"shipping-taxable","14":"purchasable","15":"product-type-simple"},"_links":{"self":[{"href":"https:\/\/sezona.lv\/en\/wp-json\/wp\/v2\/product\/106387","targetHints":{"allow":["GET"]}}],"collection":[{"href":"https:\/\/sezona.lv\/en\/wp-json\/wp\/v2\/product"}],"about":[{"href":"https:\/\/sezona.lv\/en\/wp-json\/wp\/v2\/types\/product"}],"wp:featuredmedia":[{"embeddable":true,"href":"https:\/\/sezona.lv\/en\/wp-json\/wp\/v2\/media\/106388"}],"wp:attachment":[{"href":"https:\/\/sezona.lv\/en\/wp-json\/wp\/v2\/media?parent=106387"}],"wp:term":[{"taxonomy":"product_brand","embeddable":true,"href":"https:\/\/sezona.lv\/en\/wp-json\/wp\/v2\/product_brand?post=106387"},{"taxonomy":"product_cat","embeddable":true,"href":"https:\/\/sezona.lv\/en\/wp-json\/wp\/v2\/product_cat?post=106387"},{"taxonomy":"product_tag","embeddable":true,"href":"https:\/\/sezona.lv\/en\/wp-json\/wp\/v2\/product_tag?post=106387"}],"curies":[{"name":"wp","href":"https:\/\/api.w.org\/{rel}","templated":true}]}}