{"id":106579,"date":"2025-11-27T09:36:13","date_gmt":"2025-11-27T07:36:13","guid":{"rendered":"https:\/\/sezona.lv\/?post_type=product&#038;p=106579"},"modified":"2025-11-27T09:40:39","modified_gmt":"2025-11-27T07:40:39","slug":"automatiska-ziemas-makskeresanas-telts-runos-copy-copy-3","status":"publish","type":"product","link":"https:\/\/sezona.lv\/en\/products\/automatiska-ziemas-makskeresanas-telts-runos-copy-copy-3\/","title":{"rendered":"Autom\u0101tisk\u0101 ziemas mak\u0161\u0137er\u0113\u0161anas telts RUNOS (Copy) (Copy)"},"content":{"rendered":"<p>\u0100tri saliekama ziemas mak&scaron;\u0137er\u0113&scaron;anas telts.<\/p>\n<p>Telts salik&scaron;ana pras\u012bs tikai p\u0101ris sekundes!<\/p>\n<p>Virsmas materi\u0101ls: Oksford 210D<\/p>\n<p>Gr\u012bdas materi\u0101ls: Oksford 150D<\/p>\n<p>Izm\u0113rs: 1.8&#215;1.8&#215;1.8m<\/p>\n","protected":false},"excerpt":{"rendered":"<p>\u0100tri saliekama ziemas mak&scaron;\u0137er\u0113&scaron;anas telts. Telts salik&scaron;ana pras\u012bs tikai p\u0101ris sekundes! Virsmas materi\u0101ls: Oksford 210D Gr\u012bdas materi\u0101ls: Oksford 150D Izm\u0113rs: 1.8&#215;1.8&#215;1.8m<\/p>\n","protected":false},"featured_media":106580,"template":"","meta":[],"product_brand":[],"product_cat":[4585,4750],"product_tag":[],"class_list":{"0":"post-106579","1":"product","2":"type-product","3":"status-publish","4":"has-post-thumbnail","6":"product_cat-winter-fishing-equipment-recreation","7":"product_cat-winter-fishing-tents-winter-fishing-equipment-recreation","9":"first","10":"outofstock","11":"shipping-taxable","12":"purchasable","13":"product-type-simple"},"_links":{"self":[{"href":"https:\/\/sezona.lv\/en\/wp-json\/wp\/v2\/product\/106579","targetHints":{"allow":["GET"]}}],"collection":[{"href":"https:\/\/sezona.lv\/en\/wp-json\/wp\/v2\/product"}],"about":[{"href":"https:\/\/sezona.lv\/en\/wp-json\/wp\/v2\/types\/product"}],"wp:featuredmedia":[{"embeddable":true,"href":"https:\/\/sezona.lv\/en\/wp-json\/wp\/v2\/media\/106580"}],"wp:attachment":[{"href":"https:\/\/sezona.lv\/en\/wp-json\/wp\/v2\/media?parent=106579"}],"wp:term":[{"taxonomy":"product_brand","embeddable":true,"href":"https:\/\/sezona.lv\/en\/wp-json\/wp\/v2\/product_brand?post=106579"},{"taxonomy":"product_cat","embeddable":true,"href":"https:\/\/sezona.lv\/en\/wp-json\/wp\/v2\/product_cat?post=106579"},{"taxonomy":"product_tag","embeddable":true,"href":"https:\/\/sezona.lv\/en\/wp-json\/wp\/v2\/product_tag?post=106579"}],"curies":[{"name":"wp","href":"https:\/\/api.w.org\/{rel}","templated":true}]}}