{"id":106600,"date":"2025-11-27T14:22:59","date_gmt":"2025-11-27T12:22:59","guid":{"rendered":"https:\/\/sezona.lv\/?post_type=product&#038;p=106600"},"modified":"2025-11-27T14:25:26","modified_gmt":"2025-11-27T12:25:26","slug":"skidrais-magnezijs-rewhite-200ml","status":"publish","type":"product","link":"https:\/\/sezona.lv\/en\/products\/skidrais-magnezijs-rewhite-200ml\/","title":{"rendered":"\u0160\u0137idrais magn\u0113zijs  RE:WHITE 200ml"},"content":{"rendered":"<p>\u0160\u0137idrais magn\u0113zijs kas nodro\u0161ina to, ka rokas nesv\u012bd\u012bs un nesl\u012bd\u0113s k\u0101pjot bolderinga mar\u0161rutus vai klin\u0161u k\u0101p\u0161anai.<\/p>\n<p>\u0160\u0137idr\u0101 magn\u0113zija p\u0101rkl\u0101jums uz rok\u0101m turas ilg\u0101k nek\u0101 parastais pulvera magn\u0113zijs.<\/p>\n<p>Ra\u017eots V\u0101cij\u0101 no bioetanola, p\u0101rtikas kvalit\u0101tes magnija karbon\u0101ta uz j\u016bras \u016bdens b\u0101zes un kosm\u0113tisk\u0101 saistviela.<\/p>\n<h4>Specifik\u0101cija:<\/h4>\n<p><strong>Tilpums<\/strong>: 200ml<\/p>\n","protected":false},"excerpt":{"rendered":"<p>\u0160\u0137idrais magn\u0113zijs kas nodro\u0161ina to, ka rokas nesv\u012bd\u012bs un nesl\u012bd\u0113s k\u0101pjot bolderinga mar\u0161rutus vai klin\u0161u k\u0101p\u0161anai. \u0160\u0137idr\u0101 magn\u0113zija p\u0101rkl\u0101jums uz rok\u0101m turas ilg\u0101k nek\u0101 parastais pulvera magn\u0113zijs. Ra\u017eots V\u0101cij\u0101 no bioetanola, p\u0101rtikas kvalit\u0101tes magnija karbon\u0101ta uz j\u016bras \u016bdens b\u0101zes un kosm\u0113tisk\u0101 saistviela. Specifik\u0101cija: Tilpums: 200ml<\/p>\n","protected":false},"featured_media":106601,"template":"","meta":[],"product_brand":[],"product_cat":[5107],"product_tag":[5539,5540],"class_list":{"0":"post-106600","1":"product","2":"type-product","3":"status-publish","4":"has-post-thumbnail","6":"product_cat-magnezijs-magnezija-maisini","7":"product_tag-skidrais-magnezijs-rewhite-200ml","8":"product_tag-skidrais-magnezijs","10":"first","11":"instock","12":"purchasable","13":"product-type-simple"},"_links":{"self":[{"href":"https:\/\/sezona.lv\/en\/wp-json\/wp\/v2\/product\/106600","targetHints":{"allow":["GET"]}}],"collection":[{"href":"https:\/\/sezona.lv\/en\/wp-json\/wp\/v2\/product"}],"about":[{"href":"https:\/\/sezona.lv\/en\/wp-json\/wp\/v2\/types\/product"}],"wp:featuredmedia":[{"embeddable":true,"href":"https:\/\/sezona.lv\/en\/wp-json\/wp\/v2\/media\/106601"}],"wp:attachment":[{"href":"https:\/\/sezona.lv\/en\/wp-json\/wp\/v2\/media?parent=106600"}],"wp:term":[{"taxonomy":"product_brand","embeddable":true,"href":"https:\/\/sezona.lv\/en\/wp-json\/wp\/v2\/product_brand?post=106600"},{"taxonomy":"product_cat","embeddable":true,"href":"https:\/\/sezona.lv\/en\/wp-json\/wp\/v2\/product_cat?post=106600"},{"taxonomy":"product_tag","embeddable":true,"href":"https:\/\/sezona.lv\/en\/wp-json\/wp\/v2\/product_tag?post=106600"}],"curies":[{"name":"wp","href":"https:\/\/api.w.org\/{rel}","templated":true}]}}