{"id":106828,"date":"2025-12-16T13:54:23","date_gmt":"2025-12-16T11:54:23","guid":{"rendered":"https:\/\/sezona.lv\/?post_type=product&#038;p=106828"},"modified":"2025-12-16T14:04:16","modified_gmt":"2025-12-16T12:04:16","slug":"fishing-logbook-specializeta-makskeresanas-pierakstu-gramata","status":"publish","type":"product","link":"https:\/\/sezona.lv\/en\/products\/fishing-logbook-specializeta-makskeresanas-pierakstu-gramata\/","title":{"rendered":"Fishing Logbook\u2013 specializ\u0113ta mak\u0161\u0137er\u0113\u0161anas pierakstu gr\u0101mata"},"content":{"rendered":"<p><strong>Fishing Logbook<\/strong> \u2013 specializ\u0113tu mak\u0161\u0137er\u0113\u0161anas pierakstu gr\u0101mata.<\/p>\n<p>Lieliska d\u0101vana mak\u0161\u0137erniekam!<\/p>\n<p><span style=\"font-family: arial, sans-serif\">Fishing Logbook ir<b>\u00a0<\/b>pierakstu gr\u0101mata, kas paredz\u0113ta\u00a0<b>mak\u0161\u0137er\u0113\u0161anas atskai\u0161u,\u00a0<\/b><strong>pan\u0101kumu sacens\u012bb\u0101s, liel\u0101ko lomu un svar\u012bgu piez\u012bmju fiks\u0113\u0161anai<\/strong>.<\/span><\/p>\n<p><span style=\"font-family: arial, sans-serif\">Logbook saturs ir\u00a0<strong>ang\u013cu valod\u0101<\/strong>, kas padara to univers\u0101li saprotamu pla\u0161ai mak\u0161\u0137ernieku auditorijai.<\/span><\/p>\n<p>Produkts tiek pozicion\u0113ts k\u0101 <strong>ni\u0161as d\u0101vanu prece<\/strong>\u00a0ar stabilu interesi mak\u0161\u0137ernieku auditorij\u0101.<\/p>\n<p><strong><span style=\"font-family: arial, sans-serif\">Produkta parametri (nor\u0101d\u012bti ar\u012b uz aizmugur\u0113j\u0101 v\u0101ka):<\/span><\/strong><\/p>\n<ul>\n<li><span style=\"font-family: arial, sans-serif\">Form\u0101ts:\u00a0<strong>A5<\/strong><\/span><\/li>\n<li><span style=\"font-family: arial, sans-serif\">Paredz\u0113ts:\u00a0<strong>40 mak\u0161\u0137er\u0113\u0161anas reiz\u0113m<\/strong><\/span><\/li>\n<li><span style=\"font-family: arial, sans-serif\">Pap\u012brs:\u00a0<strong>100 g\/m\u00b2<\/strong><\/span><\/li>\n<li><span style=\"font-family: arial, sans-serif\">Iesie\u0161ana:\u00a0<strong>met\u0101la spir\u0101le<\/strong><\/span><\/li>\n<li><span style=\"font-family: arial, sans-serif\">Valoda:\u00a0<strong>ang\u013cu<\/strong><\/span><\/li>\n<\/ul>\n","protected":false},"excerpt":{"rendered":"<p>Fishing Logbook \u2013 specializ\u0113tu mak\u0161\u0137er\u0113\u0161anas pierakstu gr\u0101mata. Lieliska d\u0101vana mak\u0161\u0137erniekam! Fishing Logbook ir\u00a0pierakstu gr\u0101mata, kas paredz\u0113ta\u00a0mak\u0161\u0137er\u0113\u0161anas atskai\u0161u,\u00a0pan\u0101kumu sacens\u012bb\u0101s, liel\u0101ko lomu un svar\u012bgu piez\u012bmju fiks\u0113\u0161anai. Logbook saturs ir\u00a0ang\u013cu valod\u0101, kas padara to univers\u0101li saprotamu pla\u0161ai mak\u0161\u0137ernieku auditorijai. Produkts tiek pozicion\u0113ts k\u0101 ni\u0161as d\u0101vanu prece\u00a0ar stabilu interesi mak\u0161\u0137ernieku auditorij\u0101. Produkta parametri (nor\u0101d\u012bti ar\u012b uz aizmugur\u0113j\u0101 v\u0101ka): Form\u0101ts:\u00a0A5 [&hellip;]<\/p>\n","protected":false},"featured_media":106829,"template":"","meta":[],"product_brand":[],"product_cat":[967],"product_tag":[5561,5562],"class_list":{"0":"post-106828","1":"product","2":"type-product","3":"status-publish","4":"has-post-thumbnail","6":"product_cat-bez-kategorijas","7":"product_tag-lieliska-davana-makskerniekam","8":"product_tag-fishing-logbook","10":"first","11":"instock","12":"shipping-taxable","13":"purchasable","14":"product-type-simple"},"_links":{"self":[{"href":"https:\/\/sezona.lv\/en\/wp-json\/wp\/v2\/product\/106828","targetHints":{"allow":["GET"]}}],"collection":[{"href":"https:\/\/sezona.lv\/en\/wp-json\/wp\/v2\/product"}],"about":[{"href":"https:\/\/sezona.lv\/en\/wp-json\/wp\/v2\/types\/product"}],"wp:featuredmedia":[{"embeddable":true,"href":"https:\/\/sezona.lv\/en\/wp-json\/wp\/v2\/media\/106829"}],"wp:attachment":[{"href":"https:\/\/sezona.lv\/en\/wp-json\/wp\/v2\/media?parent=106828"}],"wp:term":[{"taxonomy":"product_brand","embeddable":true,"href":"https:\/\/sezona.lv\/en\/wp-json\/wp\/v2\/product_brand?post=106828"},{"taxonomy":"product_cat","embeddable":true,"href":"https:\/\/sezona.lv\/en\/wp-json\/wp\/v2\/product_cat?post=106828"},{"taxonomy":"product_tag","embeddable":true,"href":"https:\/\/sezona.lv\/en\/wp-json\/wp\/v2\/product_tag?post=106828"}],"curies":[{"name":"wp","href":"https:\/\/api.w.org\/{rel}","templated":true}]}}