{"id":106998,"date":"2026-01-05T14:25:41","date_gmt":"2026-01-05T12:25:41","guid":{"rendered":"https:\/\/sezona.lv\/?post_type=product&#038;p=106998"},"modified":"2026-01-05T14:34:17","modified_gmt":"2026-01-05T12:34:17","slug":"ziemas-zabaki-norfin-snowfall-kopija-kopija-3","status":"publish","type":"product","link":"https:\/\/sezona.lv\/en\/products\/ziemas-zabaki-norfin-snowfall-kopija-kopija-3\/","title":{"rendered":"Ziemas z\u0101baki Norfin SNOWFALL (Kopija) (Kopija)"},"content":{"rendered":"<p><span style=\", sans-serif;font-size: 19px;text-align: justify\">Ziemas z\u0101bakos Norfin SNOWFALL izmantoti progres\u012bvi materi\u0101li un novatoriskas funkcijas, lai nodro&scaron;in\u0101tu izcilu siltumu, aizsardz\u012bbu un komfortu ekstrem\u0101l\u0101 aukstum\u0101 l\u012bdz -40&deg;C. &Scaron;ie z\u0101baki ir lieliski piem\u0113roti skarbiem ziemas apst\u0101k\u013ciem, un tie b\u016bs j\u016bsu uzticamie pavado\u0146i jebkur\u0101s ziemas aktivit\u0101t\u0113s.<\/span><\/p>\n<ul style=\"margin-top: 0px;margin-bottom: 10px;, sans-serif;font-size: 19px;text-align: justify\">\n<li>Pretsl\u012bdes zole izcilai sa\u0137erei uz ledus virsm\u0101m, uzlabojot dro&scaron;\u012bbu un stabilit\u0101ti<\/li>\n<li>Viegla, elast\u012bga un triecienu absorb\u0113jo&scaron;a EVA materi\u0101la konstrukcija<\/li>\n<li>Iztur\u012bgs, triecieniztur\u012bgs polikarbon\u0101ta purngals izcilai aizsardz\u012bbai<\/li>\n<li>Daudzsl\u0101\u0146u iek&scaron;zole ar alum\u012bnija foliju, filcu un fl\u012bsu maksim\u0101lai izol\u0101cijai un komfortam, atstaro \u0137erme\u0146a siltumu un samazina p\u0113du nogurumu<\/li>\n<li>Iek&scaron;zole: alum\u012bnija folijas, filca un vilnas daudzsl\u0101\u0146u kombin\u0101cija<\/li>\n<\/ul>\n<p style=\"margin: 0px 0px 10px;, sans-serif;font-size: 19px;text-align: justify\">J\u016btieties silti, sausi un \u0113rti pat -40&deg;C temperat\u016br\u0101.<\/p>\n","protected":false},"excerpt":{"rendered":"<p>Ziemas z\u0101bakos Norfin SNOWFALL izmantoti progres\u012bvi materi\u0101li un novatoriskas funkcijas, lai nodro&scaron;in\u0101tu izcilu siltumu, aizsardz\u012bbu un komfortu ekstrem\u0101l\u0101 aukstum\u0101 l\u012bdz -40&deg;C. &Scaron;ie z\u0101baki ir lieliski piem\u0113roti skarbiem ziemas apst\u0101k\u013ciem, un tie b\u016bs j\u016bsu uzticamie pavado\u0146i jebkur\u0101s ziemas aktivit\u0101t\u0113s. Pretsl\u012bdes zole izcilai sa\u0137erei uz ledus virsm\u0101m, uzlabojot dro&scaron;\u012bbu un stabilit\u0101ti Viegla, elast\u012bga un triecienu absorb\u0113jo&scaron;a EVA [&hellip;]<\/p>\n","protected":false},"featured_media":107023,"template":"","meta":[],"product_brand":[899],"product_cat":[4615],"product_tag":[],"class_list":{"0":"post-106998","1":"product","2":"type-product","3":"status-publish","4":"has-post-thumbnail","6":"product_brand-norfin","7":"product_cat-winter-boots-recreation","9":"first","10":"instock","11":"shipping-taxable","12":"purchasable","13":"product-type-variable"},"_links":{"self":[{"href":"https:\/\/sezona.lv\/en\/wp-json\/wp\/v2\/product\/106998","targetHints":{"allow":["GET"]}}],"collection":[{"href":"https:\/\/sezona.lv\/en\/wp-json\/wp\/v2\/product"}],"about":[{"href":"https:\/\/sezona.lv\/en\/wp-json\/wp\/v2\/types\/product"}],"wp:featuredmedia":[{"embeddable":true,"href":"https:\/\/sezona.lv\/en\/wp-json\/wp\/v2\/media\/107023"}],"wp:attachment":[{"href":"https:\/\/sezona.lv\/en\/wp-json\/wp\/v2\/media?parent=106998"}],"wp:term":[{"taxonomy":"product_brand","embeddable":true,"href":"https:\/\/sezona.lv\/en\/wp-json\/wp\/v2\/product_brand?post=106998"},{"taxonomy":"product_cat","embeddable":true,"href":"https:\/\/sezona.lv\/en\/wp-json\/wp\/v2\/product_cat?post=106998"},{"taxonomy":"product_tag","embeddable":true,"href":"https:\/\/sezona.lv\/en\/wp-json\/wp\/v2\/product_tag?post=106998"}],"curies":[{"name":"wp","href":"https:\/\/api.w.org\/{rel}","templated":true}]}}