{"id":107178,"date":"2026-01-07T12:08:01","date_gmt":"2026-01-07T10:08:01","guid":{"rendered":"https:\/\/sezona.lv\/?post_type=product&#038;p=107178"},"modified":"2026-02-16T14:00:05","modified_gmt":"2026-02-16T12:00:05","slug":"sturejamas-ragavas-stiga-curve-graphite-grey-pink","status":"publish","type":"product","link":"https:\/\/sezona.lv\/en\/products\/sturejamas-ragavas-stiga-curve-graphite-grey-pink\/","title":{"rendered":"St\u016br\u0113jam\u0101s ragavas Stiga Curve Graphite Grey\/Pink"},"content":{"rendered":"<p>St\u016br\u0113jam\u0101s ragavas ar Curve Ski System un iztur\u012bgu met\u0101la r\u0101mi.<\/p>\n<p>PRO mode\u013ciem ir autom\u0101tisks virves sav\u0101c\u0113js.<\/p>\n<p>Twin Tip sl\u0113pes, izliektas formas priek\u0161\u0113ja sl\u0113pe, kas uzlabo ragavu vad\u012b\u0161anu, ergonomiska st\u016bres forma no diviem materi\u0101liem, satver\u0161anas zon\u0101s tiek izmantots nesl\u012bdo\u0161s materi\u0101ls.<\/p>\n<p>Izm\u0113ri:120x52cm, s\u0113deklis:58x24cm.<\/p>\n<p>Maksim\u0101lais lietot\u0101ja svars: 90 kg.<\/p>\n<p>Vecums: 7+<\/p>\n","protected":false},"excerpt":{"rendered":"<p>St\u016br\u0113jam\u0101s ragavas ar Curve Ski System un iztur\u012bgu met\u0101la r\u0101mi. PRO mode\u013ciem ir autom\u0101tisks virves sav\u0101c\u0113js. Twin Tip sl\u0113pes, izliektas formas priek\u0161\u0113ja sl\u0113pe, kas uzlabo ragavu vad\u012b\u0161anu, ergonomiska st\u016bres forma no diviem materi\u0101liem, satver\u0161anas zon\u0101s tiek izmantots nesl\u012bdo\u0161s materi\u0101ls. Izm\u0113ri:120x52cm, s\u0113deklis:58x24cm. Maksim\u0101lais lietot\u0101ja svars: 90 kg. Vecums: 7+<\/p>\n","protected":false},"featured_media":107179,"template":"","meta":[],"product_brand":[898],"product_cat":[2886],"product_tag":[5583],"class_list":{"0":"post-107178","1":"product","2":"type-product","3":"status-publish","4":"has-post-thumbnail","6":"product_brand-stiga","7":"product_cat-ragavas","8":"product_tag-sturejamas-ragavas-stiga-curve-graphite-grey-pink","10":"first","11":"outofstock","12":"shipping-taxable","13":"purchasable","14":"product-type-simple"},"_links":{"self":[{"href":"https:\/\/sezona.lv\/en\/wp-json\/wp\/v2\/product\/107178","targetHints":{"allow":["GET"]}}],"collection":[{"href":"https:\/\/sezona.lv\/en\/wp-json\/wp\/v2\/product"}],"about":[{"href":"https:\/\/sezona.lv\/en\/wp-json\/wp\/v2\/types\/product"}],"wp:featuredmedia":[{"embeddable":true,"href":"https:\/\/sezona.lv\/en\/wp-json\/wp\/v2\/media\/107179"}],"wp:attachment":[{"href":"https:\/\/sezona.lv\/en\/wp-json\/wp\/v2\/media?parent=107178"}],"wp:term":[{"taxonomy":"product_brand","embeddable":true,"href":"https:\/\/sezona.lv\/en\/wp-json\/wp\/v2\/product_brand?post=107178"},{"taxonomy":"product_cat","embeddable":true,"href":"https:\/\/sezona.lv\/en\/wp-json\/wp\/v2\/product_cat?post=107178"},{"taxonomy":"product_tag","embeddable":true,"href":"https:\/\/sezona.lv\/en\/wp-json\/wp\/v2\/product_tag?post=107178"}],"curies":[{"name":"wp","href":"https:\/\/api.w.org\/{rel}","templated":true}]}}