{"id":107188,"date":"2026-01-07T12:14:10","date_gmt":"2026-01-07T10:14:10","guid":{"rendered":"https:\/\/sezona.lv\/?post_type=product&#038;p=107188"},"modified":"2026-01-07T12:16:43","modified_gmt":"2026-01-07T10:16:43","slug":"sturejamas-ragavas-stiga-sx-pro-sarkanas-ar-polstereretu-sedekla-parvalku","status":"publish","type":"product","link":"https:\/\/sezona.lv\/en\/products\/sturejamas-ragavas-stiga-sx-pro-sarkanas-ar-polstereretu-sedekla-parvalku\/","title":{"rendered":"St\u016br\u0113jam\u0101s ragavas Stiga SX PRO Sarkanas, ar polsterer\u0113tu s\u0113dek\u013ca p\u0101rvalku"},"content":{"rendered":"<p>St\u016br\u0113jam\u0101s ragavas X-treme ar izcilu st\u016br\u0113\u0161anu un menevr\u0113tsp\u0113ju.<\/p>\n<p>St\u016bre ar rokturiem no nesl\u012bdo\u0161a materi\u0101la.<\/p>\n<p>Rokturu stienis p\u0101rkl\u0101ts ar aizsarg\u0101jo\u0161u m\u012bkstu materi\u0101lu.<\/p>\n<p>Ragav\u0101m ir Curve Ski System un iztur\u012bgs met\u0101la r\u0101mis.<\/p>\n<p>PRO mode\u013ciem ir autom\u0101tisks virves sav\u0101c\u0113js.<\/p>\n<p>Twin Tip sl\u0113pes, izliektas formas priek\u0161\u0113ja sl\u0113pe, kas uzlabo ragavu vad\u012b\u0161anu.<\/p>\n<p>Paplildus ir polster\u0113ts s\u0113deklis.<\/p>\n<p>Maksim\u0101lais lietot\u0101ja svars: 90 kg.<\/p>\n<p>Vecums: 7+<\/p>\n","protected":false},"excerpt":{"rendered":"<p>St\u016br\u0113jam\u0101s ragavas X-treme ar izcilu st\u016br\u0113\u0161anu un menevr\u0113tsp\u0113ju. St\u016bre ar rokturiem no nesl\u012bdo\u0161a materi\u0101la. Rokturu stienis p\u0101rkl\u0101ts ar aizsarg\u0101jo\u0161u m\u012bkstu materi\u0101lu. Ragav\u0101m ir Curve Ski System un iztur\u012bgs met\u0101la r\u0101mis. PRO mode\u013ciem ir autom\u0101tisks virves sav\u0101c\u0113js. Twin Tip sl\u0113pes, izliektas formas priek\u0161\u0113ja sl\u0113pe, kas uzlabo ragavu vad\u012b\u0161anu. Paplildus ir polster\u0113ts s\u0113deklis. Maksim\u0101lais lietot\u0101ja svars: 90 [&hellip;]<\/p>\n","protected":false},"featured_media":107190,"template":"","meta":[],"product_brand":[898],"product_cat":[2886],"product_tag":[5586,5587],"class_list":{"0":"post-107188","1":"product","2":"type-product","3":"status-publish","4":"has-post-thumbnail","6":"product_brand-stiga","7":"product_cat-ragavas","8":"product_tag-sturejamas-ragavas-stiga-sx-pro-sarkanas","9":"product_tag-ar-polstereretu-sedekla-parvalku","11":"first","12":"instock","13":"shipping-taxable","14":"purchasable","15":"product-type-simple"},"_links":{"self":[{"href":"https:\/\/sezona.lv\/en\/wp-json\/wp\/v2\/product\/107188","targetHints":{"allow":["GET"]}}],"collection":[{"href":"https:\/\/sezona.lv\/en\/wp-json\/wp\/v2\/product"}],"about":[{"href":"https:\/\/sezona.lv\/en\/wp-json\/wp\/v2\/types\/product"}],"wp:featuredmedia":[{"embeddable":true,"href":"https:\/\/sezona.lv\/en\/wp-json\/wp\/v2\/media\/107190"}],"wp:attachment":[{"href":"https:\/\/sezona.lv\/en\/wp-json\/wp\/v2\/media?parent=107188"}],"wp:term":[{"taxonomy":"product_brand","embeddable":true,"href":"https:\/\/sezona.lv\/en\/wp-json\/wp\/v2\/product_brand?post=107188"},{"taxonomy":"product_cat","embeddable":true,"href":"https:\/\/sezona.lv\/en\/wp-json\/wp\/v2\/product_cat?post=107188"},{"taxonomy":"product_tag","embeddable":true,"href":"https:\/\/sezona.lv\/en\/wp-json\/wp\/v2\/product_tag?post=107188"}],"curies":[{"name":"wp","href":"https:\/\/api.w.org\/{rel}","templated":true}]}}