{"id":107195,"date":"2026-01-07T12:19:10","date_gmt":"2026-01-07T10:19:10","guid":{"rendered":"https:\/\/sezona.lv\/?post_type=product&#038;p=107195"},"modified":"2026-01-07T12:21:03","modified_gmt":"2026-01-07T10:21:03","slug":"sturejamas-ragavas-stiga-iconic-sarkanas-melnas","status":"publish","type":"product","link":"https:\/\/sezona.lv\/en\/products\/sturejamas-ragavas-stiga-iconic-sarkanas-melnas\/","title":{"rendered":"St\u016br\u0113jam\u0101s ragavas Stiga Iconic Sarkanas\/melnas"},"content":{"rendered":"<p>Klasisk\u0101s st\u016br\u0113jam\u0101s ragavas kop\u0161 1972.<\/p>\n<p>Ar iztur\u012bgu met\u0101la r\u0101mi.<\/p>\n<p>Sist\u0113ma ar atsperi liks ragav\u0101m pagriezt st\u016bri un apst\u0101ties, ja b\u0113rns nokrit\u012bs.<\/p>\n<p>Izm\u0113ri:109&#215;50.5cm, s\u0113deklis:49x22cm.<\/p>\n<p>Maksim\u0101lais lietot\u0101ja svars: 80 kg.<\/p>\n<p>Vecums: 5+<\/p>\n","protected":false},"excerpt":{"rendered":"<p>Klasisk\u0101s st\u016br\u0113jam\u0101s ragavas kop\u0161 1972. Ar iztur\u012bgu met\u0101la r\u0101mi. Sist\u0113ma ar atsperi liks ragav\u0101m pagriezt st\u016bri un apst\u0101ties, ja b\u0113rns nokrit\u012bs. Izm\u0113ri:109&#215;50.5cm, s\u0113deklis:49x22cm. Maksim\u0101lais lietot\u0101ja svars: 80 kg. Vecums: 5+<\/p>\n","protected":false},"featured_media":107196,"template":"","meta":[],"product_brand":[898],"product_cat":[2886],"product_tag":[5589],"class_list":{"0":"post-107195","1":"product","2":"type-product","3":"status-publish","4":"has-post-thumbnail","6":"product_brand-stiga","7":"product_cat-ragavas","8":"product_tag-sturejamas-ragavas-stiga-iconic-sarkanas-melnas","10":"first","11":"instock","12":"shipping-taxable","13":"purchasable","14":"product-type-simple"},"_links":{"self":[{"href":"https:\/\/sezona.lv\/en\/wp-json\/wp\/v2\/product\/107195","targetHints":{"allow":["GET"]}}],"collection":[{"href":"https:\/\/sezona.lv\/en\/wp-json\/wp\/v2\/product"}],"about":[{"href":"https:\/\/sezona.lv\/en\/wp-json\/wp\/v2\/types\/product"}],"wp:featuredmedia":[{"embeddable":true,"href":"https:\/\/sezona.lv\/en\/wp-json\/wp\/v2\/media\/107196"}],"wp:attachment":[{"href":"https:\/\/sezona.lv\/en\/wp-json\/wp\/v2\/media?parent=107195"}],"wp:term":[{"taxonomy":"product_brand","embeddable":true,"href":"https:\/\/sezona.lv\/en\/wp-json\/wp\/v2\/product_brand?post=107195"},{"taxonomy":"product_cat","embeddable":true,"href":"https:\/\/sezona.lv\/en\/wp-json\/wp\/v2\/product_cat?post=107195"},{"taxonomy":"product_tag","embeddable":true,"href":"https:\/\/sezona.lv\/en\/wp-json\/wp\/v2\/product_tag?post=107195"}],"curies":[{"name":"wp","href":"https:\/\/api.w.org\/{rel}","templated":true}]}}