{"id":107203,"date":"2026-01-07T12:25:33","date_gmt":"2026-01-07T10:25:33","guid":{"rendered":"https:\/\/sezona.lv\/?post_type=product&#038;p=107203"},"modified":"2026-01-07T12:30:55","modified_gmt":"2026-01-07T10:30:55","slug":"sturejamas-ragavas-stiga-king-size-gt","status":"publish","type":"product","link":"https:\/\/sezona.lv\/en\/products\/sturejamas-ragavas-stiga-king-size-gt\/","title":{"rendered":"St\u016br\u0113jam\u0101s ragavas Stiga KING SIZE GT"},"content":{"rendered":"<p>St\u016br\u0113jamas ragavas ar palielin\u0101tu garumu un liel\u0101ku s\u0113dekli.<\/p>\n<p>Pieaugu\u0161ie var pievienoties b\u0113rniem kaln\u0101.<\/p>\n<p>Curve Ski System un iztur\u012bga metala r\u0101mis.<\/p>\n<p>GT mode\u013ciem ir amortizators v\u0113l komfort\u0101kai brauk\u0161anai.<\/p>\n<p>Twin Tip sl\u0113pes, izliektas formas priek\u0161\u0113ja sl\u0113pe, kas uzlabo ragavu vad\u012b\u0161anu, ergonomiska st\u016bres forma no diviem materi\u0101liem, satver\u0161anas zon\u0101s tiek izmantots nesl\u012bdo\u0161s materi\u0101ls.<\/p>\n<p>Izm\u0113rs: 150cm x 56cm x 38cm<\/p>\n<p>Svars: 11kg<\/p>\n","protected":false},"excerpt":{"rendered":"<p>St\u016br\u0113jamas ragavas ar palielin\u0101tu garumu un liel\u0101ku s\u0113dekli. Pieaugu\u0161ie var pievienoties b\u0113rniem kaln\u0101. Curve Ski System un iztur\u012bga metala r\u0101mis. GT mode\u013ciem ir amortizators v\u0113l komfort\u0101kai brauk\u0161anai. Twin Tip sl\u0113pes, izliektas formas priek\u0161\u0113ja sl\u0113pe, kas uzlabo ragavu vad\u012b\u0161anu, ergonomiska st\u016bres forma no diviem materi\u0101liem, satver\u0161anas zon\u0101s tiek izmantots nesl\u012bdo\u0161s materi\u0101ls. Izm\u0113rs: 150cm x 56cm x [&hellip;]<\/p>\n","protected":false},"featured_media":107204,"template":"","meta":[],"product_brand":[898],"product_cat":[2886],"product_tag":[5591],"class_list":{"0":"post-107203","1":"product","2":"type-product","3":"status-publish","4":"has-post-thumbnail","6":"product_brand-stiga","7":"product_cat-ragavas","8":"product_tag-sturejamas-ragavas-stiga-king-size-gt","10":"first","11":"instock","12":"shipping-taxable","13":"purchasable","14":"product-type-simple"},"_links":{"self":[{"href":"https:\/\/sezona.lv\/en\/wp-json\/wp\/v2\/product\/107203","targetHints":{"allow":["GET"]}}],"collection":[{"href":"https:\/\/sezona.lv\/en\/wp-json\/wp\/v2\/product"}],"about":[{"href":"https:\/\/sezona.lv\/en\/wp-json\/wp\/v2\/types\/product"}],"wp:featuredmedia":[{"embeddable":true,"href":"https:\/\/sezona.lv\/en\/wp-json\/wp\/v2\/media\/107204"}],"wp:attachment":[{"href":"https:\/\/sezona.lv\/en\/wp-json\/wp\/v2\/media?parent=107203"}],"wp:term":[{"taxonomy":"product_brand","embeddable":true,"href":"https:\/\/sezona.lv\/en\/wp-json\/wp\/v2\/product_brand?post=107203"},{"taxonomy":"product_cat","embeddable":true,"href":"https:\/\/sezona.lv\/en\/wp-json\/wp\/v2\/product_cat?post=107203"},{"taxonomy":"product_tag","embeddable":true,"href":"https:\/\/sezona.lv\/en\/wp-json\/wp\/v2\/product_tag?post=107203"}],"curies":[{"name":"wp","href":"https:\/\/api.w.org\/{rel}","templated":true}]}}