{"id":107207,"date":"2026-01-07T12:31:47","date_gmt":"2026-01-07T10:31:47","guid":{"rendered":"https:\/\/sezona.lv\/?post_type=product&#038;p=107207"},"modified":"2026-02-16T15:47:08","modified_gmt":"2026-02-16T13:47:08","slug":"stiga-baby-cruiser-mazulu-ragavas","status":"publish","type":"product","link":"https:\/\/sezona.lv\/en\/products\/stiga-baby-cruiser-mazulu-ragavas\/","title":{"rendered":"Stiga BABY CRUISER mazu\u013cu ragavas"},"content":{"rendered":"<p>Ragavas mazu\u013ciem ar dro\u0161\u012bbas jostu un m\u012bkstu s\u0113dekli un muguri\u0146u.<\/p>\n<p>Ra\u017eots Zviedrij\u0101<\/p>\n","protected":false},"excerpt":{"rendered":"<p>Ragavas mazu\u013ciem ar dro\u0161\u012bbas jostu un m\u012bkstu s\u0113dekli un muguri\u0146u. Ra\u017eots Zviedrij\u0101<\/p>\n","protected":false},"featured_media":107210,"template":"","meta":[],"product_brand":[898],"product_cat":[2886],"product_tag":[5592],"class_list":{"0":"post-107207","1":"product","2":"type-product","3":"status-publish","4":"has-post-thumbnail","6":"product_brand-stiga","7":"product_cat-ragavas","8":"product_tag-stiga-baby-cruiser-mazulu-ragavas","10":"first","11":"outofstock","12":"shipping-taxable","13":"purchasable","14":"product-type-variable"},"_links":{"self":[{"href":"https:\/\/sezona.lv\/en\/wp-json\/wp\/v2\/product\/107207","targetHints":{"allow":["GET"]}}],"collection":[{"href":"https:\/\/sezona.lv\/en\/wp-json\/wp\/v2\/product"}],"about":[{"href":"https:\/\/sezona.lv\/en\/wp-json\/wp\/v2\/types\/product"}],"wp:featuredmedia":[{"embeddable":true,"href":"https:\/\/sezona.lv\/en\/wp-json\/wp\/v2\/media\/107210"}],"wp:attachment":[{"href":"https:\/\/sezona.lv\/en\/wp-json\/wp\/v2\/media?parent=107207"}],"wp:term":[{"taxonomy":"product_brand","embeddable":true,"href":"https:\/\/sezona.lv\/en\/wp-json\/wp\/v2\/product_brand?post=107207"},{"taxonomy":"product_cat","embeddable":true,"href":"https:\/\/sezona.lv\/en\/wp-json\/wp\/v2\/product_cat?post=107207"},{"taxonomy":"product_tag","embeddable":true,"href":"https:\/\/sezona.lv\/en\/wp-json\/wp\/v2\/product_tag?post=107207"}],"curies":[{"name":"wp","href":"https:\/\/api.w.org\/{rel}","templated":true}]}}