{"id":107214,"date":"2026-01-07T12:38:07","date_gmt":"2026-01-07T10:38:07","guid":{"rendered":"https:\/\/sezona.lv\/?post_type=product&#038;p=107214"},"modified":"2026-02-16T15:46:39","modified_gmt":"2026-02-16T13:46:39","slug":"stiga-ragavas-pacer-ar-atstarotajiem-bez-uzlimes","status":"publish","type":"product","link":"https:\/\/sezona.lv\/en\/products\/stiga-ragavas-pacer-ar-atstarotajiem-bez-uzlimes\/","title":{"rendered":"Stiga Ragavas PACER ar atstarot\u0101jiem, bez uzl\u012bmes"},"content":{"rendered":"<p>Klasiskas plastmasas ragavas ar atstarot\u0101jiem.<\/p>\n<p>Vilk\u0161anas virve komplekt\u0101.<\/p>\n<p>Da\u017e\u0101das kr\u0101sas.<\/p>\n<p>Ra\u017eotas Zviedrij\u0101<\/p>\n","protected":false},"excerpt":{"rendered":"<p>Klasiskas plastmasas ragavas ar atstarot\u0101jiem. Vilk\u0161anas virve komplekt\u0101. Da\u017e\u0101das kr\u0101sas. Ra\u017eotas Zviedrij\u0101<\/p>\n","protected":false},"featured_media":107217,"template":"","meta":[],"product_brand":[898],"product_cat":[2886],"product_tag":[5593,5594],"class_list":{"0":"post-107214","1":"product","2":"type-product","3":"status-publish","4":"has-post-thumbnail","6":"product_brand-stiga","7":"product_cat-ragavas","8":"product_tag-stiga-ragavas-pacer-ar-atstarotajiem","9":"product_tag-bez-uzlimes","11":"first","12":"outofstock","13":"shipping-taxable","14":"purchasable","15":"product-type-variable"},"_links":{"self":[{"href":"https:\/\/sezona.lv\/en\/wp-json\/wp\/v2\/product\/107214","targetHints":{"allow":["GET"]}}],"collection":[{"href":"https:\/\/sezona.lv\/en\/wp-json\/wp\/v2\/product"}],"about":[{"href":"https:\/\/sezona.lv\/en\/wp-json\/wp\/v2\/types\/product"}],"wp:featuredmedia":[{"embeddable":true,"href":"https:\/\/sezona.lv\/en\/wp-json\/wp\/v2\/media\/107217"}],"wp:attachment":[{"href":"https:\/\/sezona.lv\/en\/wp-json\/wp\/v2\/media?parent=107214"}],"wp:term":[{"taxonomy":"product_brand","embeddable":true,"href":"https:\/\/sezona.lv\/en\/wp-json\/wp\/v2\/product_brand?post=107214"},{"taxonomy":"product_cat","embeddable":true,"href":"https:\/\/sezona.lv\/en\/wp-json\/wp\/v2\/product_cat?post=107214"},{"taxonomy":"product_tag","embeddable":true,"href":"https:\/\/sezona.lv\/en\/wp-json\/wp\/v2\/product_tag?post=107214"}],"curies":[{"name":"wp","href":"https:\/\/api.w.org\/{rel}","templated":true}]}}