{"id":107221,"date":"2026-01-07T12:42:39","date_gmt":"2026-01-07T10:42:39","guid":{"rendered":"https:\/\/sezona.lv\/?post_type=product&#038;p=107221"},"modified":"2026-01-07T12:45:11","modified_gmt":"2026-01-07T10:45:11","slug":"stiga-ragavas-pacer-brake-bremzes-atstarotaji-melnas","status":"publish","type":"product","link":"https:\/\/sezona.lv\/en\/products\/stiga-ragavas-pacer-brake-bremzes-atstarotaji-melnas\/","title":{"rendered":"Stiga Ragavas PACER BRAKE +bremzes &amp; atstarot\u0101ji, melnas"},"content":{"rendered":"<p>Klasiskas plastmasas ragavas, atstarot\u0101jiem un bremz\u0113m.<\/p>\n<p>Vilk\u0161anas virve komplekt\u0101.<\/p>\n<p>Da\u017e\u0101das kr\u0101sas.<\/p>\n<p>Ra\u017eotas Zviedrij\u0101<\/p>\n","protected":false},"excerpt":{"rendered":"<p>Klasiskas plastmasas ragavas, atstarot\u0101jiem un bremz\u0113m. Vilk\u0161anas virve komplekt\u0101. Da\u017e\u0101das kr\u0101sas. Ra\u017eotas Zviedrij\u0101<\/p>\n","protected":false},"featured_media":107224,"template":"","meta":[],"product_brand":[898],"product_cat":[2886],"product_tag":[5595,5596],"class_list":{"0":"post-107221","1":"product","2":"type-product","3":"status-publish","4":"has-post-thumbnail","6":"product_brand-stiga","7":"product_cat-ragavas","8":"product_tag-stiga-ragavas-pacer-brake-bremzes-atstarotaji","9":"product_tag-melnas","11":"first","12":"instock","13":"shipping-taxable","14":"purchasable","15":"product-type-simple"},"_links":{"self":[{"href":"https:\/\/sezona.lv\/en\/wp-json\/wp\/v2\/product\/107221","targetHints":{"allow":["GET"]}}],"collection":[{"href":"https:\/\/sezona.lv\/en\/wp-json\/wp\/v2\/product"}],"about":[{"href":"https:\/\/sezona.lv\/en\/wp-json\/wp\/v2\/types\/product"}],"wp:featuredmedia":[{"embeddable":true,"href":"https:\/\/sezona.lv\/en\/wp-json\/wp\/v2\/media\/107224"}],"wp:attachment":[{"href":"https:\/\/sezona.lv\/en\/wp-json\/wp\/v2\/media?parent=107221"}],"wp:term":[{"taxonomy":"product_brand","embeddable":true,"href":"https:\/\/sezona.lv\/en\/wp-json\/wp\/v2\/product_brand?post=107221"},{"taxonomy":"product_cat","embeddable":true,"href":"https:\/\/sezona.lv\/en\/wp-json\/wp\/v2\/product_cat?post=107221"},{"taxonomy":"product_tag","embeddable":true,"href":"https:\/\/sezona.lv\/en\/wp-json\/wp\/v2\/product_tag?post=107221"}],"curies":[{"name":"wp","href":"https:\/\/api.w.org\/{rel}","templated":true}]}}