{"id":107226,"date":"2026-01-07T12:45:43","date_gmt":"2026-01-07T10:45:43","guid":{"rendered":"https:\/\/sezona.lv\/?post_type=product&#038;p=107226"},"modified":"2026-01-20T16:40:56","modified_gmt":"2026-01-20T14:40:56","slug":"ragavas-stiga-snowpower-melnas-zalas","status":"publish","type":"product","link":"https:\/\/sezona.lv\/en\/products\/ragavas-stiga-snowpower-melnas-zalas\/","title":{"rendered":"Ragavas Stiga SNOWPOWER melnas\/za\u013cas"},"content":{"rendered":"<p>Jaun\u0101s paaudzes st\u016br\u0113jam\u0101s ragavas no iztur\u012bgas plastmasas.<\/p>\n<p>Viegli vad\u0101mas.<\/p>\n<p>Ar bremz\u0113m un atstarojo\u0161\u0101m uzl\u012bm\u0113m.<\/p>\n<p>Viss dro\u0161ai brauk\u0161anai.<\/p>\n<p>Vilk\u0161anas virve komplekt\u0101.<\/p>\n<p>Da\u017e\u0101das kr\u0101sas.<\/p>\n<p>Ra\u017eotas Zviedrij\u0101.<\/p>\n","protected":false},"excerpt":{"rendered":"<p>Jaun\u0101s paaudzes st\u016br\u0113jam\u0101s ragavas no iztur\u012bgas plastmasas. Viegli vad\u0101mas. Ar bremz\u0113m un atstarojo\u0161\u0101m uzl\u012bm\u0113m. Viss dro\u0161ai brauk\u0161anai. Vilk\u0161anas virve komplekt\u0101. Da\u017e\u0101das kr\u0101sas. Ra\u017eotas Zviedrij\u0101.<\/p>\n","protected":false},"featured_media":107228,"template":"","meta":[],"product_brand":[898],"product_cat":[2886],"product_tag":[5597],"class_list":{"0":"post-107226","1":"product","2":"type-product","3":"status-publish","4":"has-post-thumbnail","6":"product_brand-stiga","7":"product_cat-ragavas","8":"product_tag-ragavas-stiga-snowpower-melnas-zalas","10":"first","11":"outofstock","12":"shipping-taxable","13":"purchasable","14":"product-type-simple"},"_links":{"self":[{"href":"https:\/\/sezona.lv\/en\/wp-json\/wp\/v2\/product\/107226","targetHints":{"allow":["GET"]}}],"collection":[{"href":"https:\/\/sezona.lv\/en\/wp-json\/wp\/v2\/product"}],"about":[{"href":"https:\/\/sezona.lv\/en\/wp-json\/wp\/v2\/types\/product"}],"wp:featuredmedia":[{"embeddable":true,"href":"https:\/\/sezona.lv\/en\/wp-json\/wp\/v2\/media\/107228"}],"wp:attachment":[{"href":"https:\/\/sezona.lv\/en\/wp-json\/wp\/v2\/media?parent=107226"}],"wp:term":[{"taxonomy":"product_brand","embeddable":true,"href":"https:\/\/sezona.lv\/en\/wp-json\/wp\/v2\/product_brand?post=107226"},{"taxonomy":"product_cat","embeddable":true,"href":"https:\/\/sezona.lv\/en\/wp-json\/wp\/v2\/product_cat?post=107226"},{"taxonomy":"product_tag","embeddable":true,"href":"https:\/\/sezona.lv\/en\/wp-json\/wp\/v2\/product_tag?post=107226"}],"curies":[{"name":"wp","href":"https:\/\/api.w.org\/{rel}","templated":true}]}}