{"id":107230,"date":"2026-01-07T12:48:39","date_gmt":"2026-01-07T10:48:39","guid":{"rendered":"https:\/\/sezona.lv\/?post_type=product&#038;p=107230"},"modified":"2026-02-16T15:45:46","modified_gmt":"2026-02-16T13:45:46","slug":"ragavas-stiga-pacer-duo-grafixbremzes","status":"publish","type":"product","link":"https:\/\/sezona.lv\/en\/products\/ragavas-stiga-pacer-duo-grafixbremzes\/","title":{"rendered":"Ragavas Stiga PACER DUO GRAFIX+bremzes"},"content":{"rendered":"<p>Klasiskas plastmasas divviet\u012bg\u0101s ragavas ar atstarot\u0101jiem un bremz\u0113m.<\/p>\n<p>Vilk\u0161anas virve komplekt\u0101.<\/p>\n<p>Ra\u017eotas Zviedrij\u0101<\/p>\n","protected":false},"excerpt":{"rendered":"<p>Klasiskas plastmasas divviet\u012bg\u0101s ragavas ar atstarot\u0101jiem un bremz\u0113m. Vilk\u0161anas virve komplekt\u0101. Ra\u017eotas Zviedrij\u0101<\/p>\n","protected":false},"featured_media":107231,"template":"","meta":[],"product_brand":[898],"product_cat":[2886],"product_tag":[5598],"class_list":{"0":"post-107230","1":"product","2":"type-product","3":"status-publish","4":"has-post-thumbnail","6":"product_brand-stiga","7":"product_cat-ragavas","8":"product_tag-ragavas-stiga-pacer-duo-grafixbremzes","10":"first","11":"outofstock","12":"shipping-taxable","13":"purchasable","14":"product-type-simple"},"_links":{"self":[{"href":"https:\/\/sezona.lv\/en\/wp-json\/wp\/v2\/product\/107230","targetHints":{"allow":["GET"]}}],"collection":[{"href":"https:\/\/sezona.lv\/en\/wp-json\/wp\/v2\/product"}],"about":[{"href":"https:\/\/sezona.lv\/en\/wp-json\/wp\/v2\/types\/product"}],"wp:featuredmedia":[{"embeddable":true,"href":"https:\/\/sezona.lv\/en\/wp-json\/wp\/v2\/media\/107231"}],"wp:attachment":[{"href":"https:\/\/sezona.lv\/en\/wp-json\/wp\/v2\/media?parent=107230"}],"wp:term":[{"taxonomy":"product_brand","embeddable":true,"href":"https:\/\/sezona.lv\/en\/wp-json\/wp\/v2\/product_brand?post=107230"},{"taxonomy":"product_cat","embeddable":true,"href":"https:\/\/sezona.lv\/en\/wp-json\/wp\/v2\/product_cat?post=107230"},{"taxonomy":"product_tag","embeddable":true,"href":"https:\/\/sezona.lv\/en\/wp-json\/wp\/v2\/product_tag?post=107230"}],"curies":[{"name":"wp","href":"https:\/\/api.w.org\/{rel}","templated":true}]}}