{"id":107233,"date":"2026-01-07T12:51:30","date_gmt":"2026-01-07T10:51:30","guid":{"rendered":"https:\/\/sezona.lv\/?post_type=product&#038;p=107233"},"modified":"2026-01-07T12:53:44","modified_gmt":"2026-01-07T10:53:44","slug":"stiga-sniega-matracis-snow-flyer-jr-zals-izm-100x50-cm","status":"publish","type":"product","link":"https:\/\/sezona.lv\/en\/products\/stiga-sniega-matracis-snow-flyer-jr-zals-izm-100x50-cm\/","title":{"rendered":"STIGA Sniega matracis SNOW FLYER JR,  za\u013c\u0161 izm.: 100&#215;50 cm"},"content":{"rendered":"<p>Sniega matracis vienam pieaugu\u0161ajam vai diviem b\u0113rniem.<\/p>\n<p>Ra\u017eots no iztur\u012bga materi\u0101la ar izcil\u0101m sl\u012bd\u0113\u0161anas \u012bpa\u0161\u012bbam.<\/p>\n<p>Viegls, \u0113rti p\u0101rvietot.<\/p>\n<p>Da\u017e\u0101das kr\u0101sas.<\/p>\n<p>Ra\u017eots Zviedrij\u0101.<\/p>\n<p>Izm\u0113rs 100&#215;50 cm.<\/p>\n<p>&nbsp;<\/p>\n","protected":false},"excerpt":{"rendered":"<p>Sniega matracis vienam pieaugu\u0161ajam vai diviem b\u0113rniem. Ra\u017eots no iztur\u012bga materi\u0101la ar izcil\u0101m sl\u012bd\u0113\u0161anas \u012bpa\u0161\u012bbam. Viegls, \u0113rti p\u0101rvietot. Da\u017e\u0101das kr\u0101sas. Ra\u017eots Zviedrij\u0101. Izm\u0113rs 100&#215;50 cm. &nbsp;<\/p>\n","protected":false},"featured_media":107234,"template":"","meta":[],"product_brand":[898],"product_cat":[2886],"product_tag":[5599,5600],"class_list":{"0":"post-107233","1":"product","2":"type-product","3":"status-publish","4":"has-post-thumbnail","6":"product_brand-stiga","7":"product_cat-ragavas","8":"product_tag-stiga-sniega-matracis-snow-flyer-jr","9":"product_tag-zals-izm-100x50-cm","11":"first","12":"instock","13":"shipping-taxable","14":"purchasable","15":"product-type-simple"},"_links":{"self":[{"href":"https:\/\/sezona.lv\/en\/wp-json\/wp\/v2\/product\/107233","targetHints":{"allow":["GET"]}}],"collection":[{"href":"https:\/\/sezona.lv\/en\/wp-json\/wp\/v2\/product"}],"about":[{"href":"https:\/\/sezona.lv\/en\/wp-json\/wp\/v2\/types\/product"}],"wp:featuredmedia":[{"embeddable":true,"href":"https:\/\/sezona.lv\/en\/wp-json\/wp\/v2\/media\/107234"}],"wp:attachment":[{"href":"https:\/\/sezona.lv\/en\/wp-json\/wp\/v2\/media?parent=107233"}],"wp:term":[{"taxonomy":"product_brand","embeddable":true,"href":"https:\/\/sezona.lv\/en\/wp-json\/wp\/v2\/product_brand?post=107233"},{"taxonomy":"product_cat","embeddable":true,"href":"https:\/\/sezona.lv\/en\/wp-json\/wp\/v2\/product_cat?post=107233"},{"taxonomy":"product_tag","embeddable":true,"href":"https:\/\/sezona.lv\/en\/wp-json\/wp\/v2\/product_tag?post=107233"}],"curies":[{"name":"wp","href":"https:\/\/api.w.org\/{rel}","templated":true}]}}