{"id":107236,"date":"2026-01-07T12:55:03","date_gmt":"2026-01-07T10:55:03","guid":{"rendered":"https:\/\/sezona.lv\/?post_type=product&#038;p=107236"},"modified":"2026-01-22T16:00:04","modified_gmt":"2026-01-22T14:00:04","slug":"delis-snowrocket-speed-80","status":"publish","type":"product","link":"https:\/\/sezona.lv\/en\/products\/delis-snowrocket-speed-80\/","title":{"rendered":"D\u0113lis Snowrocket SPEED 80"},"content":{"rendered":"<p>\u012apa\u0161i viegls sniega d\u0113lis, no putu materi\u0101la, ar slidenu apak\u0161da\u013cu.<\/p>\n<p>Tu var\u0113si sasniegt fantastisku \u0101trumu.<\/p>\n<p>Pirms brauk\u0161anas p\u0101rliecinies, ka nobraucien\u0101 nav \u0161\u0137\u0113r\u0161\u013cu.<\/p>\n<p>Viegli p\u0101rn\u0113s\u0101jams.<\/p>\n<p>Divi rokturi.<\/p>\n<p>Izm\u0113rs: 80 x 51 cm<\/p>\n","protected":false},"excerpt":{"rendered":"<p>\u012apa\u0161i viegls sniega d\u0113lis, no putu materi\u0101la, ar slidenu apak\u0161da\u013cu. Tu var\u0113si sasniegt fantastisku \u0101trumu. Pirms brauk\u0161anas p\u0101rliecinies, ka nobraucien\u0101 nav \u0161\u0137\u0113r\u0161\u013cu. Viegli p\u0101rn\u0113s\u0101jams. Divi rokturi. Izm\u0113rs: 80 x 51 cm<\/p>\n","protected":false},"featured_media":107239,"template":"","meta":[],"product_brand":[898],"product_cat":[2886],"product_tag":[5599,5600],"class_list":{"0":"post-107236","1":"product","2":"type-product","3":"status-publish","4":"has-post-thumbnail","6":"product_brand-stiga","7":"product_cat-ragavas","8":"product_tag-stiga-sniega-matracis-snow-flyer-jr","9":"product_tag-zals-izm-100x50-cm","11":"first","12":"outofstock","13":"shipping-taxable","14":"purchasable","15":"product-type-variable"},"_links":{"self":[{"href":"https:\/\/sezona.lv\/en\/wp-json\/wp\/v2\/product\/107236","targetHints":{"allow":["GET"]}}],"collection":[{"href":"https:\/\/sezona.lv\/en\/wp-json\/wp\/v2\/product"}],"about":[{"href":"https:\/\/sezona.lv\/en\/wp-json\/wp\/v2\/types\/product"}],"wp:featuredmedia":[{"embeddable":true,"href":"https:\/\/sezona.lv\/en\/wp-json\/wp\/v2\/media\/107239"}],"wp:attachment":[{"href":"https:\/\/sezona.lv\/en\/wp-json\/wp\/v2\/media?parent=107236"}],"wp:term":[{"taxonomy":"product_brand","embeddable":true,"href":"https:\/\/sezona.lv\/en\/wp-json\/wp\/v2\/product_brand?post=107236"},{"taxonomy":"product_cat","embeddable":true,"href":"https:\/\/sezona.lv\/en\/wp-json\/wp\/v2\/product_cat?post=107236"},{"taxonomy":"product_tag","embeddable":true,"href":"https:\/\/sezona.lv\/en\/wp-json\/wp\/v2\/product_tag?post=107236"}],"curies":[{"name":"wp","href":"https:\/\/api.w.org\/{rel}","templated":true}]}}