{"id":107258,"date":"2026-01-12T09:46:50","date_gmt":"2026-01-12T07:46:50","guid":{"rendered":"https:\/\/sezona.lv\/?post_type=product&#038;p=107258"},"modified":"2026-01-12T10:24:09","modified_gmt":"2026-01-12T08:24:09","slug":"ziemas-kostims-norfin-extreme-5-pro-davana-termovela-thermowave-2in1","status":"publish","type":"product","link":"https:\/\/sezona.lv\/en\/products\/ziemas-kostims-norfin-extreme-5-pro-davana-termovela-thermowave-2in1\/","title":{"rendered":"Ziemas kost\u012bms NORFIN EXTREME 5 Pro + d\u0101van\u0101 termove\u013ca Thermowave 2in1"},"content":{"rendered":"<p><strong>Ieg\u0101d\u0101joties \u0161o kost\u012bmu, sa\u0146emsiet Thermowave 2in1 termove\u013cu d\u0101van\u0101 (termove\u013cas v\u0113rt\u012bba: 88,00 EUR)!<\/strong><\/p>\n<p>NORFIN EXTREME 5 PRO, apvieno sev\u012b puskombinzonu un jaku, izgatavotus no elpojo\u0161a, mitrumiztur\u012bga materi\u0101la NORTEX BREATHABLE, k\u0101 ar\u012b iz\u0146emamu iek\u0161jaku, kura ir apr\u012bkota ar vieglu, augstas kvalit\u0101tes siltin\u0101juma materi\u0101lu \u2013 HOLLOFIL. Pateicoties m\u016bsdien\u012bgajam dizainam, iek\u0161jaka lieliski izskat\u0101s ar\u012b kad to valk\u0101 atsevi\u0161\u0137i. Kost\u012bms nodro\u0161ina siltumu un komfortu l\u012bdz \u2013 45\u00b0C temperat\u016brai. Univers\u0101ls kost\u012bms da\u017e\u0101d\u0101m temperat\u016br\u0101m. Iz\u0146emama iek\u0161jaka. \u012apa\u0161i gari r\u0101v\u0113jsl\u0113dz\u0113ji kombinezona s\u0101nos.<\/p>\n<p>JAKA:<\/p>\n<ul>\n<li>Kapuce ar nagu<\/li>\n<li>Regul\u0113jams kapuces apjoms<\/li>\n<li>Dubultais r\u0101v\u0113jsl\u0113dz\u0113js ar atloku<\/li>\n<li>Kabatas roku sild\u012b\u0161anai<\/li>\n<li>Divas kabatas uz kr\u016bt\u012bm un viena iek\u0161kabata<\/li>\n<li>Divas s\u0101nu kabatas ar atlokiem<\/li>\n<li>Elast\u012bgas iek\u0161\u0113j\u0101s man\u0161etes<\/li>\n<li>Regul\u0113jamas \u0101r\u0113j\u0101s man\u0161etes piedurkn\u0113m<\/li>\n<li>Stiprin\u0101ts materi\u0101ls plecu un elko\u0146u rajon\u0101<\/li>\n<li>Gaismu atstarojo\u0161i elementi dro\u0161\u012bbai<\/li>\n<\/ul>\n<p>IEK\u0160JAKA:<\/p>\n<ul>\n<li>Siltin\u0101juma materi\u0101ls \u2013 HOLLOFIL<\/li>\n<li>Iek\u0161kabata<\/li>\n<li>Divas s\u0101nu kabatas ar r\u0101v\u0113jsl\u0113dz\u0113jiem<\/li>\n<\/ul>\n<p>PUSKOMBINEZONS:<\/p>\n<ul>\n<li>Regul\u0113jamas, elast\u012bgas lences<\/li>\n<li>Dubultais r\u0101v\u0113jsl\u0113dz\u0113js ar atloku<\/li>\n<li>\u0112rtas s\u0101nu kabatas<\/li>\n<li>Kabata uz kr\u016bt\u012bm ar r\u0101v\u0113jsl\u0113dz\u0113ju<\/li>\n<li>Bik\u0161u staras attais\u0101mas ar r\u0101v\u0113jsl\u0113dz\u0113ju<\/li>\n<li>Pastiprin\u0101ts materi\u0101ls ce\u013cgalu un s\u0113\u017eamvietas rajonos<\/li>\n<li>Iz\u0146emami ielik\u0146i ce\u013cgalu un s\u0113\u017eamvietas rajon\u0101<\/li>\n<li>R\u016bp\u012bgi nol\u012bm\u0113tas \u0161uves<\/li>\n<\/ul>\n<p>Materi\u0101ls: NORTEX BREATHHABLE<br \/>\nMitrumiztur\u012bba: 12 000 mm<br \/>\nElpotsp\u0113ja: 8 000 g\/m\u00b2\/24h<br \/>\nSiltin\u0101jums: HOLLOFIL<\/p>\n<p>Izm\u0113ri: M, M-L, L, L-L, XL, XXL, XXXL<\/p>\n<p>&nbsp;<\/p>\n<p><strong>Thermowave 2in1 apraksts<\/strong><\/p>\n<p>2IN1 ir veidots div\u0101s k\u0101rt\u0101s: Iek\u0161pus\u0113 atrodas funkcion\u0101lais poliesters, bet \u0101rpus\u0113 \u2013 kokvilna, kas sa\u0161\u016bti kop\u0101 ar poliestera diegu. Unik\u0101la ad\u012b\u0161anas tehnolo\u0123ija rada rombveida gaisa kabatas, kas izol\u0113 siltumu. 2IN1 ap\u0123\u0113rbi aizsarg\u0101 pret aukstumu un neierobe\u017eo kust\u012bbas, l\u012bdz ar to tie ir ide\u0101li piem\u0113roti darbam un akt\u012bvam dz\u012bvesveidam.<\/p>\n<p><b><strong>Materi\u0101ls:\u00a0<\/strong><\/b>Thermowave funkcion\u0101lais poliesters ir piem\u0113rots da\u017e\u0101d\u0101m aktivit\u0101t\u0113m aukst\u0101 laik\u0101. \u0160im audumam, kas izgatavots no 100% funkcion\u0101l\u0101 poliestera dzijas, piem\u012bt izcila mitruma izgaro\u0161anas \u012bpa\u0161\u012bba. Turkl\u0101t, pateicoties unik\u0101lai trikot\u0101\u017eas auduma strukt\u016brai, Thermowave poliestera termove\u013cai rakstur\u012bga siltumizol\u0101cija, t\u0101 ir viegla, m\u012bksta un ide\u0101li piegu\u013c augumam. Visas \u0161\u012bs priek\u0161roc\u012bbas apvienojum\u0101 ar vieglu kop\u0161anu padara m\u016bsu poliestera termove\u013cu par ide\u0101lo izv\u0113li intens\u012bv\u0101m aktivit\u0101t\u0113m zem\u0101s temperat\u016br\u0101s. Visi Thermowave funkcion\u0101l\u0101 poliestera ap\u0123\u0113rbi ir apstr\u0101d\u0101ti ar sudraba joniem, lai likvid\u0113tu bakt\u0113rijas, kas rada nepat\u012bkamo smaku.<\/p>\n<p><b><strong>\u012apa\u0161\u012bbas:<\/strong><\/b><\/p>\n<ul>\n<li>Izgatavots ar divk\u0101rtu tehnolo\u0123iju;<\/li>\n<li>Unik\u0101la ad\u012b\u0161anas tehnolo\u0123ija rada rombveida gaisa kabatas, kas izol\u0113 siltumu.<\/li>\n<li>Aizsarg\u0101 pret aukstumu;<\/li>\n<li>Neierobe\u017eo kust\u012bbas.<\/li>\n<\/ul>\n<p><b><strong>Paredz\u0113ts:<\/strong><\/b>\u00a0Med\u012bb\u0101m, mak\u0161\u0137er\u0113\u0161anai un darbam.<\/p>\n<p><b><strong>Sast\u0101vs:<\/strong><\/b>\u00a0100% funkcion\u0101lais poliesters iek\u0161pus\u0113, 100% kokvilna \u0101rpus\u0113.<\/p>\n<p><b><strong>Baltijas termove<\/strong><\/b><b><strong>\u013ca<\/strong><\/b><\/p>\n<p>S\u0101kot ar sniegu, salu un aukstumu ziem\u0101, l\u012bdz Baltijas v\u0113jam pavasar\u012b, vasaras svelmei un lietav\u0101m ruden\u012b. Un beidzot atkal ar sniegu\u2026 Tas ir Baltijas valstu klimats. Bie\u017e\u0101s klimata sv\u0101rst\u012bbas un da\u017e\u0101di laika apst\u0101k\u013ci no s\u0101kta gala bija izaicin\u0101jums Baltijas iedz\u012bvot\u0101jiem. Cen\u0161oties p\u0101rvar\u0113t visas gr\u016bt\u012bbas, kuras ir saist\u012btas ar klimata izmai\u0146\u0101m gada garum\u0101, cilv\u0113ki ir iem\u0101c\u012bju\u0161ies ne tikai piel\u0101goties tiem, bet ar\u012b zelt un plaukt \u0161aj\u0101 daudzveid\u012bgaj\u0101 klimat\u0101. Sp\u0113ja jebk\u0101dos apst\u0101k\u013cos dz\u012bvot akt\u012bvu dz\u012bvesveidu pie\u0161\u0137ir cilv\u0113kam iztur\u012bbu un sniedz skaidru pr\u0101tu. Bet komforta saj\u016bta akt\u012bv\u0101s nodarb\u0113s laik\u0101 \u013cauj ne tikai p\u0101rvar\u0113t skarbos apst\u0101k\u013cus, bet ar\u012b g\u016bt baudu no \u0161\u0101diem apst\u0101k\u013ciem.<\/p>\n<blockquote class=\"wp-embedded-content\" data-secret=\"quT3IfQisz\"><p><a href=\"https:\/\/sezona.lv\/products\/termokrekls-thermowave-2in1-viriesu-2\/\">Termokrekls Thermowave 2in1 v\u012brie\u0161u<\/a><\/p><\/blockquote>\n<p><iframe loading=\"lazy\" class=\"wp-embedded-content\" sandbox=\"allow-scripts\" security=\"restricted\" style=\"position: absolute; visibility: hidden;\" title=\"&#8220;Termokrekls Thermowave 2in1 v\u012brie\u0161u&#8221; &#8212; Sezona.lv\" src=\"https:\/\/sezona.lv\/products\/termokrekls-thermowave-2in1-viriesu-2\/embed\/#?secret=gZO5dUiUMW#?secret=quT3IfQisz\" data-secret=\"quT3IfQisz\" width=\"600\" height=\"338\" frameborder=\"0\" marginwidth=\"0\" marginheight=\"0\" scrolling=\"no\"><\/iframe><\/p>\n<blockquote class=\"wp-embedded-content\" data-secret=\"tO2To12415\"><p><a href=\"https:\/\/sezona.lv\/products\/termobikses-thermowave-2in1-viriesu\/\">Termobikses Thermowave 2in1 v\u012brie\u0161u<\/a><\/p><\/blockquote>\n<p><iframe loading=\"lazy\" class=\"wp-embedded-content\" sandbox=\"allow-scripts\" security=\"restricted\" style=\"position: absolute; visibility: hidden;\" title=\"&#8220;Termobikses Thermowave 2in1 v\u012brie\u0161u&#8221; &#8212; Sezona.lv\" src=\"https:\/\/sezona.lv\/products\/termobikses-thermowave-2in1-viriesu\/embed\/#?secret=w6BTyZXEAo#?secret=tO2To12415\" data-secret=\"tO2To12415\" width=\"600\" height=\"338\" frameborder=\"0\" marginwidth=\"0\" marginheight=\"0\" scrolling=\"no\"><\/iframe><\/p>\n<p>&nbsp;<\/p>\n<p><iframe loading=\"lazy\" title=\"Norfin EXTREME 5 PRO\" width=\"640\" height=\"360\" src=\"https:\/\/www.youtube.com\/embed\/VoUVMm7C4JE?feature=oembed\" frameborder=\"0\" allow=\"accelerometer; autoplay; clipboard-write; encrypted-media; gyroscope; picture-in-picture; web-share\" referrerpolicy=\"strict-origin-when-cross-origin\" allowfullscreen><\/iframe><\/p>\n","protected":false},"excerpt":{"rendered":"<p>Ieg\u0101d\u0101joties \u0161o kost\u012bmu, sa\u0146emsiet Thermowave 2in1 termove\u013cu d\u0101van\u0101 (termove\u013cas v\u0113rt\u012bba: 88,00 EUR)! NORFIN EXTREME 5 PRO, apvieno sev\u012b puskombinzonu un jaku, izgatavotus no elpojo\u0161a, mitrumiztur\u012bga materi\u0101la NORTEX BREATHABLE, k\u0101 ar\u012b iz\u0146emamu iek\u0161jaku, kura ir apr\u012bkota ar vieglu, augstas kvalit\u0101tes siltin\u0101juma materi\u0101lu \u2013 HOLLOFIL. Pateicoties m\u016bsdien\u012bgajam dizainam, iek\u0161jaka lieliski izskat\u0101s ar\u012b kad to valk\u0101 atsevi\u0161\u0137i. Kost\u012bms [&hellip;]<\/p>\n","protected":false},"featured_media":107268,"template":"","meta":[],"product_brand":[899],"product_cat":[2905,3278],"product_tag":[5601,5602,5603],"class_list":{"0":"post-107258","1":"product","2":"type-product","3":"status-publish","4":"has-post-thumbnail","6":"product_brand-norfin","7":"product_cat-norfin-kostimi","8":"product_cat-ziemas-makskeresanas-kostimi","9":"product_tag-ziemas-kostims-norfin-extreme-5-pro-davana-termovela-thermowave-2in1","10":"product_tag-davana-termovela-thermowave-2in1","11":"product_tag-ziemas-kostims-norfin-extreme-5-pro","13":"first","14":"instock","15":"sale","16":"shipping-taxable","17":"purchasable","18":"product-type-variable"},"_links":{"self":[{"href":"https:\/\/sezona.lv\/en\/wp-json\/wp\/v2\/product\/107258","targetHints":{"allow":["GET"]}}],"collection":[{"href":"https:\/\/sezona.lv\/en\/wp-json\/wp\/v2\/product"}],"about":[{"href":"https:\/\/sezona.lv\/en\/wp-json\/wp\/v2\/types\/product"}],"wp:featuredmedia":[{"embeddable":true,"href":"https:\/\/sezona.lv\/en\/wp-json\/wp\/v2\/media\/107268"}],"wp:attachment":[{"href":"https:\/\/sezona.lv\/en\/wp-json\/wp\/v2\/media?parent=107258"}],"wp:term":[{"taxonomy":"product_brand","embeddable":true,"href":"https:\/\/sezona.lv\/en\/wp-json\/wp\/v2\/product_brand?post=107258"},{"taxonomy":"product_cat","embeddable":true,"href":"https:\/\/sezona.lv\/en\/wp-json\/wp\/v2\/product_cat?post=107258"},{"taxonomy":"product_tag","embeddable":true,"href":"https:\/\/sezona.lv\/en\/wp-json\/wp\/v2\/product_tag?post=107258"}],"curies":[{"name":"wp","href":"https:\/\/api.w.org\/{rel}","templated":true}]}}