{"id":107321,"date":"2026-01-13T09:47:48","date_gmt":"2026-01-13T07:47:48","guid":{"rendered":"https:\/\/sezona.lv\/?post_type=product&#038;p=107321"},"modified":"2026-01-13T09:49:42","modified_gmt":"2026-01-13T07:49:42","slug":"gsi-outdoors-termokruze-camp-cup-300ml-kopija-kopija","status":"publish","type":"product","link":"https:\/\/sezona.lv\/en\/products\/gsi-outdoors-termokruze-camp-cup-300ml-kopija-kopija\/","title":{"rendered":"GSI Outdoors Termokr\u016bze Camp Cup 300ml (Kopija) (Kopija)"},"content":{"rendered":"<div class=\"rte\">\n<p>Dodoties pie dabas nev\u0113lies lai karstais dz\u0113riens  dedzin\u0101tu rokas? Tad &scaron;\u012b kr\u016bze b\u016bs tie&scaron;i laik\u0101. Ner\u016bs\u0113jo&scaron;\u0101 t\u0113rauda  dubult\u0101s sieni\u0146as un stingrs v\u0101ks nededzin\u0101s rokas un saglab\u0101s dz\u0113rienu  siltu.<\/p>\n<h4>Specifik\u0101cija:<\/h4>\n<p><strong>Materi\u0101ls:<\/strong> Ner\u016bs\u0113jo&scaron;ais t\u0113rauds 18\/8 <br \/><strong>Tilpums:<\/strong> 300 ml<\/p>\n<\/div>\n","protected":false},"excerpt":{"rendered":"<p>Dodoties pie dabas nev\u0113lies lai karstais dz\u0113riens dedzin\u0101tu rokas? Tad &scaron;\u012b kr\u016bze b\u016bs tie&scaron;i laik\u0101. Ner\u016bs\u0113jo&scaron;\u0101 t\u0113rauda dubult\u0101s sieni\u0146as un stingrs v\u0101ks nededzin\u0101s rokas un saglab\u0101s dz\u0113rienu siltu. Specifik\u0101cija: Materi\u0101ls: Ner\u016bs\u0113jo&scaron;ais t\u0113rauds 18\/8 Tilpums: 300 ml<\/p>\n","protected":false},"featured_media":107322,"template":"","meta":[],"product_brand":[959],"product_cat":[4735],"product_tag":[],"class_list":{"0":"post-107321","1":"product","2":"type-product","3":"status-publish","4":"has-post-thumbnail","6":"product_brand-gsi-outdoors","7":"product_cat-thermoses-and-thermo-cups-dishes-knives-folding-tables-for-tourism-recreation","9":"first","10":"instock","11":"sale","12":"shipping-taxable","13":"purchasable","14":"product-type-simple"},"_links":{"self":[{"href":"https:\/\/sezona.lv\/en\/wp-json\/wp\/v2\/product\/107321","targetHints":{"allow":["GET"]}}],"collection":[{"href":"https:\/\/sezona.lv\/en\/wp-json\/wp\/v2\/product"}],"about":[{"href":"https:\/\/sezona.lv\/en\/wp-json\/wp\/v2\/types\/product"}],"wp:featuredmedia":[{"embeddable":true,"href":"https:\/\/sezona.lv\/en\/wp-json\/wp\/v2\/media\/107322"}],"wp:attachment":[{"href":"https:\/\/sezona.lv\/en\/wp-json\/wp\/v2\/media?parent=107321"}],"wp:term":[{"taxonomy":"product_brand","embeddable":true,"href":"https:\/\/sezona.lv\/en\/wp-json\/wp\/v2\/product_brand?post=107321"},{"taxonomy":"product_cat","embeddable":true,"href":"https:\/\/sezona.lv\/en\/wp-json\/wp\/v2\/product_cat?post=107321"},{"taxonomy":"product_tag","embeddable":true,"href":"https:\/\/sezona.lv\/en\/wp-json\/wp\/v2\/product_tag?post=107321"}],"curies":[{"name":"wp","href":"https:\/\/api.w.org\/{rel}","templated":true}]}}