{"id":107338,"date":"2026-01-13T10:11:08","date_gmt":"2026-01-13T08:11:08","guid":{"rendered":"https:\/\/sezona.lv\/?post_type=product&#038;p=107338"},"modified":"2026-01-13T10:12:48","modified_gmt":"2026-01-13T08:12:48","slug":"ziemas-kaste-salmo-2075-kopija-kopija-kopija-kopija","status":"publish","type":"product","link":"https:\/\/sezona.lv\/en\/products\/ziemas-kaste-salmo-2075-kopija-kopija-kopija-kopija\/","title":{"rendered":"Ziemas kaste SALMO (2075) (Kopija) (Kopija) (Kopija) (Kopija)"},"content":{"rendered":"<p>Ziemas mak&scaron;\u0137er\u0113&scaron;anas kaste Salmo 2075.<br \/> Materi\u0101ls &#8211; plastik\u0101ts<br \/> Izm\u0113ri: 39,5&#215;24,5x38cm<\/p>\n","protected":false},"excerpt":{"rendered":"<p>Ziemas mak&scaron;\u0137er\u0113&scaron;anas kaste Salmo 2075. Materi\u0101ls &#8211; plastik\u0101ts Izm\u0113ri: 39,5&#215;24,5x38cm<\/p>\n","protected":false},"featured_media":107339,"template":"","meta":[],"product_brand":[894],"product_cat":[4612],"product_tag":[],"class_list":{"0":"post-107338","1":"product","2":"type-product","3":"status-publish","4":"has-post-thumbnail","6":"product_brand-salmo","7":"product_cat-winter-boxes-chairs-sledge-winter-fishing-equipment-recreation","9":"first","10":"outofstock","11":"shipping-taxable","12":"purchasable","13":"product-type-simple"},"_links":{"self":[{"href":"https:\/\/sezona.lv\/en\/wp-json\/wp\/v2\/product\/107338","targetHints":{"allow":["GET"]}}],"collection":[{"href":"https:\/\/sezona.lv\/en\/wp-json\/wp\/v2\/product"}],"about":[{"href":"https:\/\/sezona.lv\/en\/wp-json\/wp\/v2\/types\/product"}],"wp:featuredmedia":[{"embeddable":true,"href":"https:\/\/sezona.lv\/en\/wp-json\/wp\/v2\/media\/107339"}],"wp:attachment":[{"href":"https:\/\/sezona.lv\/en\/wp-json\/wp\/v2\/media?parent=107338"}],"wp:term":[{"taxonomy":"product_brand","embeddable":true,"href":"https:\/\/sezona.lv\/en\/wp-json\/wp\/v2\/product_brand?post=107338"},{"taxonomy":"product_cat","embeddable":true,"href":"https:\/\/sezona.lv\/en\/wp-json\/wp\/v2\/product_cat?post=107338"},{"taxonomy":"product_tag","embeddable":true,"href":"https:\/\/sezona.lv\/en\/wp-json\/wp\/v2\/product_tag?post=107338"}],"curies":[{"name":"wp","href":"https:\/\/api.w.org\/{rel}","templated":true}]}}