{"id":107382,"date":"2026-01-14T09:42:27","date_gmt":"2026-01-14T07:42:27","guid":{"rendered":"https:\/\/sezona.lv\/?post_type=product&#038;p=107382"},"modified":"2026-01-14T09:44:03","modified_gmt":"2026-01-14T07:44:03","slug":"cepure-maska-norfin-beta-kopija-kopija","status":"publish","type":"product","link":"https:\/\/sezona.lv\/en\/products\/cepure-maska-norfin-beta-kopija-kopija\/","title":{"rendered":"Cepure-maska Norfin BETA (Kopija) (Kopija)"},"content":{"rendered":"<div class=\"std\">Cepure-maska Norfin Beta.<\/div>\n<p>V\u0113ja necaurlaid\u012bga, ar priek&scaron;\u0113jo da\u013cu no Windstop materi\u0101la.<\/p>\n","protected":false},"excerpt":{"rendered":"<p>Cepure-maska Norfin Beta. V\u0113ja necaurlaid\u012bga, ar priek&scaron;\u0113jo da\u013cu no Windstop materi\u0101la.<\/p>\n","protected":false},"featured_media":107385,"template":"","meta":[],"product_brand":[899],"product_cat":[4638],"product_tag":[],"class_list":{"0":"post-107382","1":"product","2":"type-product","3":"status-publish","4":"has-post-thumbnail","6":"product_brand-norfin","7":"product_cat-hats-masks-winter-clothes-recreation","9":"first","10":"instock","11":"shipping-taxable","12":"purchasable","13":"product-type-variable"},"_links":{"self":[{"href":"https:\/\/sezona.lv\/en\/wp-json\/wp\/v2\/product\/107382","targetHints":{"allow":["GET"]}}],"collection":[{"href":"https:\/\/sezona.lv\/en\/wp-json\/wp\/v2\/product"}],"about":[{"href":"https:\/\/sezona.lv\/en\/wp-json\/wp\/v2\/types\/product"}],"wp:featuredmedia":[{"embeddable":true,"href":"https:\/\/sezona.lv\/en\/wp-json\/wp\/v2\/media\/107385"}],"wp:attachment":[{"href":"https:\/\/sezona.lv\/en\/wp-json\/wp\/v2\/media?parent=107382"}],"wp:term":[{"taxonomy":"product_brand","embeddable":true,"href":"https:\/\/sezona.lv\/en\/wp-json\/wp\/v2\/product_brand?post=107382"},{"taxonomy":"product_cat","embeddable":true,"href":"https:\/\/sezona.lv\/en\/wp-json\/wp\/v2\/product_cat?post=107382"},{"taxonomy":"product_tag","embeddable":true,"href":"https:\/\/sezona.lv\/en\/wp-json\/wp\/v2\/product_tag?post=107382"}],"curies":[{"name":"wp","href":"https:\/\/api.w.org\/{rel}","templated":true}]}}