{"id":107502,"date":"2026-01-14T13:32:17","date_gmt":"2026-01-14T11:32:17","guid":{"rendered":"https:\/\/sezona.lv\/?post_type=product&#038;p=107502"},"modified":"2026-01-14T13:35:06","modified_gmt":"2026-01-14T11:35:06","slug":"cepure-norfin-flisa-kopija-kopija-kopija-kopija-2","status":"publish","type":"product","link":"https:\/\/sezona.lv\/en\/products\/cepure-norfin-flisa-kopija-kopija-kopija-kopija-2\/","title":{"rendered":"Cepure NORFIN fl\u012bsa (Kopija) (Kopija) (Kopija) (Kopija)"},"content":{"rendered":"<p>&nbsp;<\/p>\n<div class=\"ma-main-container col2-right-layout\">\n<div class=\"container\">\n<div class=\"main\">\n<div class=\"main-inner\">\n<div class=\"row\">\n<div class=\"col-main col-xs-12 col-sm-9\">\n<div class=\"product-view\">\n<div class=\"product-essential\">\n<div class=\"row\">\n<div class=\"product-shop col-sm-7 col-md-87 col-sms-8 col-smb-12\">\n<div class=\"short-description\">\n<div class=\"std\">Cepure Norfin 302783-GY<br \/>Materi\u0101ls &ndash; 100% poliesters<br \/>Odere fl\u012bsa<br \/>L un XL izm\u0113rs<br \/>Kr\u0101sa &#8211; pel\u0113ka<\/div>\n<\/div>\n<\/div>\n<\/div>\n<\/div>\n<\/div>\n<\/div>\n<\/div>\n<\/div>\n<\/div>\n<\/div>\n<\/div>\n","protected":false},"excerpt":{"rendered":"<p>&nbsp; Cepure Norfin 302783-GYMateri\u0101ls &ndash; 100% poliestersOdere fl\u012bsaL un XL izm\u0113rsKr\u0101sa &#8211; pel\u0113ka<\/p>\n","protected":false},"featured_media":107505,"template":"","meta":[],"product_brand":[899],"product_cat":[4638],"product_tag":[],"class_list":{"0":"post-107502","1":"product","2":"type-product","3":"status-publish","4":"has-post-thumbnail","6":"product_brand-norfin","7":"product_cat-hats-masks-winter-clothes-recreation","9":"first","10":"instock","11":"shipping-taxable","12":"purchasable","13":"product-type-variable"},"_links":{"self":[{"href":"https:\/\/sezona.lv\/en\/wp-json\/wp\/v2\/product\/107502","targetHints":{"allow":["GET"]}}],"collection":[{"href":"https:\/\/sezona.lv\/en\/wp-json\/wp\/v2\/product"}],"about":[{"href":"https:\/\/sezona.lv\/en\/wp-json\/wp\/v2\/types\/product"}],"wp:featuredmedia":[{"embeddable":true,"href":"https:\/\/sezona.lv\/en\/wp-json\/wp\/v2\/media\/107505"}],"wp:attachment":[{"href":"https:\/\/sezona.lv\/en\/wp-json\/wp\/v2\/media?parent=107502"}],"wp:term":[{"taxonomy":"product_brand","embeddable":true,"href":"https:\/\/sezona.lv\/en\/wp-json\/wp\/v2\/product_brand?post=107502"},{"taxonomy":"product_cat","embeddable":true,"href":"https:\/\/sezona.lv\/en\/wp-json\/wp\/v2\/product_cat?post=107502"},{"taxonomy":"product_tag","embeddable":true,"href":"https:\/\/sezona.lv\/en\/wp-json\/wp\/v2\/product_tag?post=107502"}],"curies":[{"name":"wp","href":"https:\/\/api.w.org\/{rel}","templated":true}]}}