{"id":107581,"date":"2026-01-14T13:56:11","date_gmt":"2026-01-14T11:56:11","guid":{"rendered":"https:\/\/sezona.lv\/?post_type=product&#038;p=107581"},"modified":"2026-01-14T13:59:08","modified_gmt":"2026-01-14T11:59:08","slug":"ledusurbis-tonar-lr-130d-kopija-kopija-3","status":"publish","type":"product","link":"https:\/\/sezona.lv\/en\/products\/ledusurbis-tonar-lr-130d-kopija-kopija-3\/","title":{"rendered":"Ledusurbis Tonar LR 130D (Kopija) (Kopija)"},"content":{"rendered":"<p>Klasisks ledusurbis LR-130D. Urb&scaron;anas diametrs 130mm, dzi\u013cums 1.0m. Lai  palielin\u0101tu dzi\u013cumu, nepiecie&scaron;ams&nbsp;papildus ieg\u0101d\u0101ties roktura  pagarin\u0101t\u0101ju. Svars: 2,5 kg. Grieziena virziens &nbsp;kreisais ( pret\u0113ji  pulkste\u0146a r\u0101d\u012bt\u0101ju virzienam). Aug&scaron;\u0113jais rokturis sakr\u012bt ar ledusurbja  asi. Salikt\u0101 veid\u0101 ledusurbis \u0113rts transport\u0113&scaron;anai. Klasiskais ,  univers\u0101lais ledusurbis noder\u012bgs jebkuros mak&scaron;\u0137er\u0113&scaron;anas apst\u0101k\u013cos. Liels  urb&scaron;anas \u0101trums, pielietojot minim\u0101las p\u016bles , iztur\u012bgs un dro&scaron;s.<\/p>\n","protected":false},"excerpt":{"rendered":"<p>Klasisks ledusurbis LR-130D. Urb&scaron;anas diametrs 130mm, dzi\u013cums 1.0m. Lai palielin\u0101tu dzi\u013cumu, nepiecie&scaron;ams&nbsp;papildus ieg\u0101d\u0101ties roktura pagarin\u0101t\u0101ju. Svars: 2,5 kg. Grieziena virziens &nbsp;kreisais ( pret\u0113ji pulkste\u0146a r\u0101d\u012bt\u0101ju virzienam). Aug&scaron;\u0113jais rokturis sakr\u012bt ar ledusurbja asi. Salikt\u0101 veid\u0101 ledusurbis \u0113rts transport\u0113&scaron;anai. Klasiskais , univers\u0101lais ledusurbis noder\u012bgs jebkuros mak&scaron;\u0137er\u0113&scaron;anas apst\u0101k\u013cos. Liels urb&scaron;anas \u0101trums, pielietojot minim\u0101las p\u016bles , iztur\u012bgs un dro&scaron;s.<\/p>\n","protected":false},"featured_media":107582,"template":"","meta":[],"product_brand":[],"product_cat":[],"product_tag":[],"class_list":{"0":"post-107581","1":"product","2":"type-product","3":"status-publish","4":"has-post-thumbnail","7":"first","8":"instock","9":"shipping-taxable","10":"purchasable","11":"product-type-simple"},"_links":{"self":[{"href":"https:\/\/sezona.lv\/en\/wp-json\/wp\/v2\/product\/107581","targetHints":{"allow":["GET"]}}],"collection":[{"href":"https:\/\/sezona.lv\/en\/wp-json\/wp\/v2\/product"}],"about":[{"href":"https:\/\/sezona.lv\/en\/wp-json\/wp\/v2\/types\/product"}],"wp:featuredmedia":[{"embeddable":true,"href":"https:\/\/sezona.lv\/en\/wp-json\/wp\/v2\/media\/107582"}],"wp:attachment":[{"href":"https:\/\/sezona.lv\/en\/wp-json\/wp\/v2\/media?parent=107581"}],"wp:term":[{"taxonomy":"product_brand","embeddable":true,"href":"https:\/\/sezona.lv\/en\/wp-json\/wp\/v2\/product_brand?post=107581"},{"taxonomy":"product_cat","embeddable":true,"href":"https:\/\/sezona.lv\/en\/wp-json\/wp\/v2\/product_cat?post=107581"},{"taxonomy":"product_tag","embeddable":true,"href":"https:\/\/sezona.lv\/en\/wp-json\/wp\/v2\/product_tag?post=107581"}],"curies":[{"name":"wp","href":"https:\/\/api.w.org\/{rel}","templated":true}]}}