{"id":107748,"date":"2026-01-15T10:19:48","date_gmt":"2026-01-15T08:19:48","guid":{"rendered":"https:\/\/sezona.lv\/?post_type=product&#038;p=107748"},"modified":"2026-01-15T10:21:44","modified_gmt":"2026-01-15T08:21:44","slug":"cimdi-norfin-aurora-black-kopija-kopija","status":"publish","type":"product","link":"https:\/\/sezona.lv\/en\/products\/cimdi-norfin-aurora-black-kopija-kopija\/","title":{"rendered":"Cimdi Norfin AURORA BLACK (Kopija) (Kopija)"},"content":{"rendered":"<p>Cimdi Norfin AURORA BLACK.<\/p>\n<p><span>Cimdi &#8211; d\u016brai\u0146i ar atlok\u0101mu pirkstu da\u013cu.<\/span><\/p>\n<p><span>Piem\u0113roti ziemas mak&scaron;\u0137er\u0113&scaron;anai.<\/span><\/p>\n<p><span>Materi\u0101ls &#8211; 100% poliesters.<\/span><\/p>\n","protected":false},"excerpt":{"rendered":"<p>Cimdi Norfin AURORA BLACK. Cimdi &#8211; d\u016brai\u0146i ar atlok\u0101mu pirkstu da\u013cu. Piem\u0113roti ziemas mak&scaron;\u0137er\u0113&scaron;anai. Materi\u0101ls &#8211; 100% poliesters.<\/p>\n","protected":false},"featured_media":107755,"template":"","meta":[],"product_brand":[899],"product_cat":[4628],"product_tag":[],"class_list":{"0":"post-107748","1":"product","2":"type-product","3":"status-publish","4":"has-post-thumbnail","6":"product_brand-norfin","7":"product_cat-gloves-winter-clothes-recreation","9":"first","10":"instock","11":"shipping-taxable","12":"purchasable","13":"product-type-variable"},"_links":{"self":[{"href":"https:\/\/sezona.lv\/en\/wp-json\/wp\/v2\/product\/107748","targetHints":{"allow":["GET"]}}],"collection":[{"href":"https:\/\/sezona.lv\/en\/wp-json\/wp\/v2\/product"}],"about":[{"href":"https:\/\/sezona.lv\/en\/wp-json\/wp\/v2\/types\/product"}],"wp:featuredmedia":[{"embeddable":true,"href":"https:\/\/sezona.lv\/en\/wp-json\/wp\/v2\/media\/107755"}],"wp:attachment":[{"href":"https:\/\/sezona.lv\/en\/wp-json\/wp\/v2\/media?parent=107748"}],"wp:term":[{"taxonomy":"product_brand","embeddable":true,"href":"https:\/\/sezona.lv\/en\/wp-json\/wp\/v2\/product_brand?post=107748"},{"taxonomy":"product_cat","embeddable":true,"href":"https:\/\/sezona.lv\/en\/wp-json\/wp\/v2\/product_cat?post=107748"},{"taxonomy":"product_tag","embeddable":true,"href":"https:\/\/sezona.lv\/en\/wp-json\/wp\/v2\/product_tag?post=107748"}],"curies":[{"name":"wp","href":"https:\/\/api.w.org\/{rel}","templated":true}]}}